{"id":739144,"date":"2025-03-03T17:58:41","date_gmt":"2025-03-03T16:58:41","guid":{"rendered":"https:\/\/stoic-curie.212-227-153-4.plesk.page\/producto\/vitrifrigo-c85ix\/"},"modified":"2026-02-24T23:35:26","modified_gmt":"2026-02-24T23:35:26","slug":"vitrifrigo-c85ix","status":"publish","type":"product","link":"https:\/\/stoic-curie.212-227-153-4.plesk.page\/de\/product\/vitrifrigo-c85ix\/","title":{"rendered":"Vitrifrigo C85iX"},"content":{"rendered":"<p>Vitrifrigo C85iX &#8211; <\/p>\n<p style=\"color: rgb(34, 34, 34); font-family: Arial, Helvetica, sans-serif; font-size: small;\">Pr\u00e4sentation des Vitrifrigo C85iX OCX2, einem K\u00fchlschrank und Gefrierschrank aus Edelstahl, der f\u00fcr Effizienz und Benutzerfreundlichkeit entwickelt wurde. Dieses Modell pr\u00e4sentiert ein \u00e4u\u00dferes Edelstahlgeh\u00e4use und ist mit einem internen Danfoss-K\u00fchlungssystem f\u00fcr 12\/24V ausgestattet. Das umkehrbare T\u00fcrdesign erm\u00f6glicht vielseitige Installationsoptionen, w\u00e4hrend die integrierte Bel\u00fcftungsposition eine optimale Luftzirkulation in Zeiten der Inaktivit\u00e4t gew\u00e4hrleistet.<\/p>\n<p style=\"color: rgb(34, 34, 34); font-family: Arial, Helvetica, sans-serif; font-size: small;\">Der C85iX OCX2 geh\u00f6rt zur OCX2-Serie und verf\u00fcgt \u00fcber eine vollst\u00e4ndig aus Edelstahl gefertigte Bauweise. Das K\u00fchlger\u00e4t ist diskret integriert, was zu einer schlanken und modernen \u00c4sthetik beitr\u00e4gt.<\/p>\n<p style=\"color: rgb(34, 34, 34); font-family: Arial, Helvetica, sans-serif; font-size: small;\">Bemerkenswerte Merkmale sind eine T\u00fcr, die mit einem Snap-Lock-Mechanismus ausgestattet ist, um ungewolltes \u00d6ffnen effektiv zu verhindern, und ein innovatives &#8220;Vent-Position&#8221;-System, das in den Griff integriert ist. Dieses System erlaubt eine leichte \u00d6ffnung, wenn der K\u00fchlschrank nicht in Betrieb ist, was hilft, Schimmelbildung und das Entstehen unangenehmer Ger\u00fcche im Ger\u00e4t zu verhindern.<\/p>\n<p style=\"color: rgb(34, 34, 34); font-family: Arial, Helvetica, sans-serif; font-size: small;\">Mit einem Gewicht von 23,3 kg bietet der C85iX OCX2 dennoch eine betr\u00e4chtliche Kapazit\u00e4t von 85 Litern, wobei 12,8 Liter f\u00fcr das Gefrierfach vorgesehen sind, falls dies erforderlich ist.<\/p>\n<p style=\"color: rgb(34, 34, 34); font-family: Arial, Helvetica, sans-serif; font-size: small;\"><strong>Spezifikationen:<\/strong><\/p>\n<ul style=\"color: rgb(34, 34, 34); font-family: Arial, Helvetica, sans-serif; font-size: small;\">\n<li><strong>T\u00fcr-Finish:<\/strong>\u00a0Edelstahl<\/li>\n<li><strong>Kapazit\u00e4t:<\/strong>\u00a085 Liter<\/li>\n<li><strong>H\u00f6he:<\/strong>\u00a0805 mm<\/li>\n<li><strong>L\u00e4nge:<\/strong>\u00a0548 mm<\/li>\n<li><strong>Tiefe:<\/strong>\u00a0462 mm<\/li>\n<li><strong>Serie:<\/strong>\u00a0OCX2<\/li>\n<li><strong>ReversibleT\u00fcr:<\/strong>\u00a0Ja<\/li>\n<li><strong>Thermostat:<\/strong>\u00a0Mechanisch<\/li>\n<li><strong>K\u00fchltechnologie:<\/strong>\u00a0Kompressor<\/li>\n<li><strong>K\u00fchle Einheit:<\/strong>\u00a0Intern<\/li>\n<li><strong>T\u00fcr\u00f6ffnung:<\/strong>\u00a0Eingangst\u00fcr<\/li>\n<li><strong>Spannung:<\/strong>\u00a012\/24 VDC<\/li>\n<\/ul>\n<p style=\"color: rgb(34, 34, 34); font-family: Arial, Helvetica, sans-serif; font-size: small;\">Dieser K\u00fchlschrank-Gefrierschrank ist eine hervorragende Wahl f\u00fcr Bootsbesitzer, die zuverl\u00e4ssige und hochwertige Ausr\u00fcstung suchen.<\/p>\n","protected":false},"excerpt":{"rendered":"<p>Vitrifrigo C85iX &#8211; Pr\u00e4sentation des Vitrifrigo C85iX OCX2, einem K\u00fchlschrank und Gefrierschrank aus Edelstahl, der f\u00fcr Effizienz und Benutzerfreundlichkeit entwickelt<\/p>\n","protected":false},"featured_media":5949135,"comment_status":"open","ping_status":"closed","template":"","meta":[],"product_brand":[3525],"product_cat":[1464],"product_tag":[],"class_list":{"0":"post-739144","1":"product","2":"type-product","3":"status-publish","4":"has-post-thumbnail","6":"product_brand-vitrifrigo-de","7":"product_cat-kuehlschraenke-und-gefriertruhen","9":"first","10":"instock","11":"shipping-taxable","12":"purchasable","13":"product-type-simple"},"_links":{"self":[{"href":"https:\/\/stoic-curie.212-227-153-4.plesk.page\/de\/wp-json\/wp\/v2\/product\/739144","targetHints":{"allow":["GET"]}}],"collection":[{"href":"https:\/\/stoic-curie.212-227-153-4.plesk.page\/de\/wp-json\/wp\/v2\/product"}],"about":[{"href":"https:\/\/stoic-curie.212-227-153-4.plesk.page\/de\/wp-json\/wp\/v2\/types\/product"}],"replies":[{"embeddable":true,"href":"https:\/\/stoic-curie.212-227-153-4.plesk.page\/de\/wp-json\/wp\/v2\/comments?post=739144"}],"version-history":[{"count":0,"href":"https:\/\/stoic-curie.212-227-153-4.plesk.page\/de\/wp-json\/wp\/v2\/product\/739144\/revisions"}],"wp:featuredmedia":[{"embeddable":true,"href":"https:\/\/stoic-curie.212-227-153-4.plesk.page\/de\/wp-json\/wp\/v2\/media\/5949135"}],"wp:attachment":[{"href":"https:\/\/stoic-curie.212-227-153-4.plesk.page\/de\/wp-json\/wp\/v2\/media?parent=739144"}],"wp:term":[{"taxonomy":"product_brand","embeddable":true,"href":"https:\/\/stoic-curie.212-227-153-4.plesk.page\/de\/wp-json\/wp\/v2\/product_brand?post=739144"},{"taxonomy":"product_cat","embeddable":true,"href":"https:\/\/stoic-curie.212-227-153-4.plesk.page\/de\/wp-json\/wp\/v2\/product_cat?post=739144"},{"taxonomy":"product_tag","embeddable":true,"href":"https:\/\/stoic-curie.212-227-153-4.plesk.page\/de\/wp-json\/wp\/v2\/product_tag?post=739144"}],"curies":[{"name":"wp","href":"https:\/\/api.w.org\/{rel}","templated":true}]}}