{"id":826214,"date":"2025-03-24T19:28:42","date_gmt":"2025-03-24T18:28:42","guid":{"rendered":"https:\/\/stoic-curie.212-227-153-4.plesk.page\/producto\/capstan-quick-thg-1000w-24v\/"},"modified":"2026-02-24T23:35:08","modified_gmt":"2026-02-24T23:35:08","slug":"capstan-quick-thg-1000w-24v","status":"publish","type":"product","link":"https:\/\/stoic-curie.212-227-153-4.plesk.page\/de\/product\/capstan-quick-thg-1000w-24v\/","title":{"rendered":"Capstan Quick THG 1000W 24v"},"content":{"rendered":"<p>Capstan Quick THG 1000W 24v &#8211; <\/p>\n<p>Wir pr\u00e4sentieren den Quick THG Capstan mit Riemenrolle, eine au\u00dfergew\u00f6hnliche L\u00f6sung f\u00fcr das m\u00fchelose Abrufen von Tendern oder anderen Lasten ohne Seil. Dieser Capstan zeichnet sich durch eine robuste eloxierte Aluminiumgrundplatte und Rollentrommel aus, die Langlebigkeit und Zuverl\u00e4ssigkeit garantieren. Er ist mit einem IP67 wasserdichten Motor erh\u00e4ltlich, der in den Modellen mit 1000W und 1500W verf\u00fcgbar ist, w\u00e4hrend das 500W-Modell mit einem IP66 wasserdichten Motor versehen ist. Die Einheit umfasst au\u00dferdem eine komplette Steuerbox und eine Polymerabdeckung zum zus\u00e4tzlichen Schutz.<\/p>\n<p><strong>Hauptmerkmale:<\/strong><\/p>\n<ul>\n<li>Riemenrolle f\u00fcr effizientes Abrufen von Lasten<\/li>\n<li>Eloxierte Aluminiumgrundplatte und Trommel f\u00fcr verbesserte Haltbarkeit<\/li>\n<li>IP67 wasserdichter Motor f\u00fcr Modelle mit 1000W und 1500W; IP66 f\u00fcr das 500W-Modell<\/li>\n<li>Eloxiertes Aluminiumgetriebe f\u00fcr zuverl\u00e4ssige Leistung<\/li>\n<li>Mit einer standardm\u00e4\u00dfigen Plastikabdeckung zum Schutz geliefert<\/li>\n<\/ul>\n<p>Bitte beachten Sie, dass der Riemen, erh\u00e4ltlich in den Gr\u00f6\u00dfen 48 mm x 7,5 m oder 48 mm x 10 m, separat bestellt werden muss. Eine ISO8846-Version, die einen Z\u00fcndschutz bietet, ist auf Anfrage erh\u00e4ltlich.<\/p>\n<p><strong>Spezifikationen:<\/strong><\/p>\n<table>\n<thead>\n<tr>\n<th>Modell<\/th>\n<th>THG500<\/th>\n<th>THG500<\/th>\n<th>THG1000<\/th>\n<th>THG1000<\/th>\n<th>THG1500<\/th>\n<th>THG1500<\/th>\n<\/tr>\n<\/thead>\n<tbody>\n<tr>\n<td>Referenz<\/td>\n<td>QT554<\/td>\n<td>QT554<\/td>\n<td>QT154<\/td>\n<td>QT154<\/td>\n<td>QT154<\/td>\n<td>QT154<\/td>\n<\/tr>\n<tr>\n<td>Motorleistung<\/td>\n<td>500 W<\/td>\n<td>500 W<\/td>\n<td>1000 W<\/td>\n<td>1000 W<\/td>\n<td>1500 W<\/td>\n<td>1500 W<\/td>\n<\/tr>\n<tr>\n<td>Spannung<\/td>\n<td>12 V<\/td>\n<td>24 V<\/td>\n<td>12 V<\/td>\n<td>24 V<\/td>\n<td>12 V<\/td>\n<td>24 V<\/td>\n<\/tr>\n<tr>\n<td>Max. Zugkraft<\/td>\n<td>1200 kg<\/td>\n<td>1200 kg<\/td>\n<td>1700 kg<\/td>\n<td>1700 kg<\/td>\n<td>2000 kg<\/td>\n<td>2000 kg<\/td>\n<\/tr>\n<tr>\n<td>Max. Arbeitslast<\/td>\n<td>600 kg<\/td>\n<td>600 kg<\/td>\n<td>750 kg<\/td>\n<td>750 kg<\/td>\n<td>1000 kg<\/td>\n<td>1200 kg<\/td>\n<\/tr>\n<tr>\n<td>Arbeitslast<\/td>\n<td>200 kg<\/td>\n<td>200 kg<\/td>\n<td>300 kg<\/td>\n<td>350 kg<\/td>\n<td>400 kg<\/td>\n<td>500 kg<\/td>\n<\/tr>\n<tr>\n<td>Stromaufnahme bei Arbeitslast<\/td>\n<td>85 A<\/td>\n<td>50 A<\/td>\n<td>70 A<\/td>\n<td>40 A<\/td>\n<td>108 A<\/td>\n<td>66 A<\/td>\n<\/tr>\n<tr>\n<td>Max. Geschwindigkeit bei Arbeitslast<\/td>\n<td>5,5 m\/min<\/td>\n<td>5,8 m\/min<\/td>\n<td>4,2 m\/min<\/td>\n<td>4,8 m\/min<\/td>\n<td>5,5 m\/min<\/td>\n<td>6,8 m\/min<\/td>\n<\/tr>\n<tr>\n<td>Gewicht<\/td>\n<td>14 kg<\/td>\n<td>14 kg<\/td>\n<td>18,9 kg<\/td>\n<td>18,9 kg<\/td>\n<td>18,9 kg<\/td>\n<td>18,9 kg<\/td>\n<\/tr>\n<\/tbody>\n<\/table>\n<p>Dieser umfassende \u00dcberblick \u00fcber den Quick THG Capstan stellt sicher, dass Sie \u00fcber alle notwendigen Informationen verf\u00fcgen, um eine informierte Entscheidung zu treffen. Bei weiteren Fragen oder wenn Sie Unterst\u00fctzung ben\u00f6tigen, z\u00f6gern Sie bitte nicht, uns zu kontaktieren.<\/p>\n","protected":false},"excerpt":{"rendered":"<p>Capstan Quick THG 1000W 24v &#8211; Wir pr\u00e4sentieren den Quick THG Capstan mit Riemenrolle, eine au\u00dfergew\u00f6hnliche L\u00f6sung f\u00fcr das m\u00fchelose<\/p>\n","protected":false},"featured_media":5945063,"comment_status":"open","ping_status":"closed","template":"","meta":[],"product_brand":[3280],"product_cat":[1547],"product_tag":[],"class_list":{"0":"post-826214","1":"product","2":"type-product","3":"status-publish","4":"has-post-thumbnail","6":"product_brand-quick-de","7":"product_cat-anhaengerwinden","9":"first","10":"outofstock","11":"shipping-taxable","12":"purchasable","13":"product-type-simple"},"_links":{"self":[{"href":"https:\/\/stoic-curie.212-227-153-4.plesk.page\/de\/wp-json\/wp\/v2\/product\/826214","targetHints":{"allow":["GET"]}}],"collection":[{"href":"https:\/\/stoic-curie.212-227-153-4.plesk.page\/de\/wp-json\/wp\/v2\/product"}],"about":[{"href":"https:\/\/stoic-curie.212-227-153-4.plesk.page\/de\/wp-json\/wp\/v2\/types\/product"}],"replies":[{"embeddable":true,"href":"https:\/\/stoic-curie.212-227-153-4.plesk.page\/de\/wp-json\/wp\/v2\/comments?post=826214"}],"version-history":[{"count":0,"href":"https:\/\/stoic-curie.212-227-153-4.plesk.page\/de\/wp-json\/wp\/v2\/product\/826214\/revisions"}],"wp:featuredmedia":[{"embeddable":true,"href":"https:\/\/stoic-curie.212-227-153-4.plesk.page\/de\/wp-json\/wp\/v2\/media\/5945063"}],"wp:attachment":[{"href":"https:\/\/stoic-curie.212-227-153-4.plesk.page\/de\/wp-json\/wp\/v2\/media?parent=826214"}],"wp:term":[{"taxonomy":"product_brand","embeddable":true,"href":"https:\/\/stoic-curie.212-227-153-4.plesk.page\/de\/wp-json\/wp\/v2\/product_brand?post=826214"},{"taxonomy":"product_cat","embeddable":true,"href":"https:\/\/stoic-curie.212-227-153-4.plesk.page\/de\/wp-json\/wp\/v2\/product_cat?post=826214"},{"taxonomy":"product_tag","embeddable":true,"href":"https:\/\/stoic-curie.212-227-153-4.plesk.page\/de\/wp-json\/wp\/v2\/product_tag?post=826214"}],"curies":[{"name":"wp","href":"https:\/\/api.w.org\/{rel}","templated":true}]}}