{"id":826224,"date":"2025-03-24T19:28:51","date_gmt":"2025-03-24T18:28:51","guid":{"rendered":"https:\/\/stoic-curie.212-227-153-4.plesk.page\/producto\/rettungsinsel-eurovinil-12-personen-container-iso-9650\/"},"modified":"2026-02-24T23:35:26","modified_gmt":"2026-02-24T23:35:26","slug":"rettungsinsel-eurovinil-12-personen-container-iso-9650","status":"publish","type":"product","link":"https:\/\/stoic-curie.212-227-153-4.plesk.page\/de\/product\/rettungsinsel-eurovinil-12-personen-container-iso-9650\/","title":{"rendered":"Rettungsinsel Eurovinil 12 Personen Container ISO 9650"},"content":{"rendered":"<p>Rettungsinsel Eurovinil 12 Personen Container ISO 9650 &#8211; <\/p>\n<p>Der Liferaft Eurovinil Syntesy, entworfen f\u00fcr 12 Personen und gem\u00e4\u00df ISO 9650 Standards, garantiert \u00fcber 24 Stunden Sicherheit beim Offshore-Segeln \u00fcber 12 Seemeilen. Als das f\u00fchrende Rettungsboot unter allen europ\u00e4ischen ISO-zertifizierten Alternativen zeichnet sich der Syntesy 9650 als herausragende Option f\u00fcr ozeanische Reisen aus und bietet Platz f\u00fcr bis zu 12 Personen. Er verf\u00fcgt \u00fcber wesentliche Merkmale wie interne und externe Leitern f\u00fcr bequemen Zugang, ein doppelt ausgelegtes aufblasbares Design, das die Stabilit\u00e4t erh\u00f6ht, und thermische Schutzs\u00e4cke, um die Insassen warm zu halten.<\/p>\n<p>Au\u00dferdem ist dieses Rettungsboot mit einem umfassenden \u00dcberlebenspaket ausgestattet, das Nahrungsmittelrationen und ein Erste-Hilfe-Set umfasst. Es verf\u00fcgt auch \u00fcber interne und externe Beleuchtung zur Verbesserung der Sichtbarkeit sowie Sicherheitsmerkmale wie retroreflektierendes Material auf der Zeltabdeckung und ein Notsignal.<\/p>\n<p><strong>Spezifikationen:<\/strong><\/p>\n<ul>\n<li><strong>Kapazit\u00e4t:<\/strong> 12-Personen-Container (2901162)<\/li>\n<li><strong>Zertifizierung:<\/strong> ISO 9650:2005<\/li>\n<li><strong>Abmessungen:<\/strong> 87 x 54 x 34 cm<\/li>\n<li><strong>Gewicht:<\/strong> 82 kg<\/li>\n<li><strong>Leiterkonfiguration:<\/strong> Verf\u00fcgt \u00fcber interne und externe Leitern f\u00fcr einfachen Zugang<\/li>\n<li><strong>Stabile Konstruktion:<\/strong> Entwickelt mit einer doppelt aufblasbaren Struktur und Ballasttaschen f\u00fcr erh\u00f6hte Stabilit\u00e4t<\/li>\n<li><strong>Thermischer Schutz:<\/strong> Mit thermischen Schutzs\u00e4cken ausgestattet, um W\u00e4rme bei kalten Bedingungen zu halten<\/li>\n<li><strong>\u00dcberlebenspaket:<\/strong> Enth\u00e4lt Nahrungsmittelrationen, ein Angelset, Trinkwasser und ein Erste-Hilfe-Set<\/li>\n<li><strong>Beleuchtung:<\/strong> Ausger\u00fcstet mit interner und externer Beleuchtung zur Verbesserung der Sichtbarkeit<\/li>\n<li><strong>Sicherheitsmerkmale:<\/strong> Verwendet retroreflektierendes Material auf der Zeltabdeckung und enth\u00e4lt ein Notsignal<\/li>\n<\/ul>\n<p>Dieses Rettungsboot ist sorgf\u00e4ltig konstruiert, um Ruhe und Sicherheit f\u00fcr diejenigen zu gew\u00e4hrleisten, die offene Gew\u00e4sser durchqueren.<\/p>\n","protected":false},"excerpt":{"rendered":"<p>Rettungsinsel Eurovinil 12 Personen Container ISO 9650 &#8211; Der Liferaft Eurovinil Syntesy, entworfen f\u00fcr 12 Personen und gem\u00e4\u00df ISO 9650<\/p>\n","protected":false},"featured_media":5949149,"comment_status":"open","ping_status":"closed","template":"","meta":[],"product_brand":[2925],"product_cat":[1320],"product_tag":[],"class_list":{"0":"post-826224","1":"product","2":"type-product","3":"status-publish","4":"has-post-thumbnail","6":"product_brand-eurovinil-de","7":"product_cat-rettungsinseln","9":"first","10":"outofstock","11":"shipping-taxable","12":"purchasable","13":"product-type-simple"},"_links":{"self":[{"href":"https:\/\/stoic-curie.212-227-153-4.plesk.page\/de\/wp-json\/wp\/v2\/product\/826224","targetHints":{"allow":["GET"]}}],"collection":[{"href":"https:\/\/stoic-curie.212-227-153-4.plesk.page\/de\/wp-json\/wp\/v2\/product"}],"about":[{"href":"https:\/\/stoic-curie.212-227-153-4.plesk.page\/de\/wp-json\/wp\/v2\/types\/product"}],"replies":[{"embeddable":true,"href":"https:\/\/stoic-curie.212-227-153-4.plesk.page\/de\/wp-json\/wp\/v2\/comments?post=826224"}],"version-history":[{"count":0,"href":"https:\/\/stoic-curie.212-227-153-4.plesk.page\/de\/wp-json\/wp\/v2\/product\/826224\/revisions"}],"wp:featuredmedia":[{"embeddable":true,"href":"https:\/\/stoic-curie.212-227-153-4.plesk.page\/de\/wp-json\/wp\/v2\/media\/5949149"}],"wp:attachment":[{"href":"https:\/\/stoic-curie.212-227-153-4.plesk.page\/de\/wp-json\/wp\/v2\/media?parent=826224"}],"wp:term":[{"taxonomy":"product_brand","embeddable":true,"href":"https:\/\/stoic-curie.212-227-153-4.plesk.page\/de\/wp-json\/wp\/v2\/product_brand?post=826224"},{"taxonomy":"product_cat","embeddable":true,"href":"https:\/\/stoic-curie.212-227-153-4.plesk.page\/de\/wp-json\/wp\/v2\/product_cat?post=826224"},{"taxonomy":"product_tag","embeddable":true,"href":"https:\/\/stoic-curie.212-227-153-4.plesk.page\/de\/wp-json\/wp\/v2\/product_tag?post=826224"}],"curies":[{"name":"wp","href":"https:\/\/api.w.org\/{rel}","templated":true}]}}