{"id":1233318,"date":"2025-04-01T11:12:08","date_gmt":"2025-04-01T15:12:08","guid":{"rendered":"https:\/\/stoic-curie.212-227-153-4.plesk.page\/expedition-et-retours\/"},"modified":"2025-05-10T04:18:07","modified_gmt":"2025-05-10T08:18:07","slug":"expedition-et-retours","status":"publish","type":"page","link":"https:\/\/stoic-curie.212-227-153-4.plesk.page\/fr\/expedition-et-retours\/","title":{"rendered":"Exp\u00e9dition et retours"},"content":{"rendered":"\t\t<div data-elementor-type=\"wp-page\" data-elementor-id=\"1233318\" class=\"elementor elementor-1233318 elementor-939230\" data-elementor-post-type=\"page\">\n\t\t\t\t<div class=\"elementor-element elementor-element-c9e0468 e-con-full e-flex e-con e-parent\" data-id=\"c9e0468\" data-element_type=\"container\" data-e-type=\"container\">\n\t\t\t\t<div class=\"elementor-element elementor-element-71eebbc elementor-widget elementor-widget-heading\" data-id=\"71eebbc\" data-element_type=\"widget\" data-e-type=\"widget\" data-widget_type=\"heading.default\">\n\t\t\t\t<div class=\"elementor-widget-container\">\n\t\t\t\t\t<h2 class=\"elementor-heading-title elementor-size-default\">Informations sur l'exp\u00e9dition et les retours<\/h2>\t\t\t\t<\/div>\n\t\t\t\t<\/div>\n\t\t\t\t<div class=\"elementor-element elementor-element-7581ba5 uael-header-sticky-no uael-border-yes elementor-widget elementor-widget-uael-table\" data-id=\"7581ba5\" data-element_type=\"widget\" data-e-type=\"widget\" data-widget_type=\"uael-table.default\">\n\t\t\t\t<div class=\"elementor-widget-container\">\n\t\t\t\t\t<div itemscope class=\"uael-table-wrapper\" itemtype=\"http:\/\/schema.org\/Table\">\n\t\t<table id=\"uael-table-id-7581ba5\" class=\"uael-text-break uael-column-rules uael-table\" data-sort-table=\"no\" data-show-entry=\"no\" data-searchable=\"no\" data-responsive=\"no\">\n\t\t\t\t<thead>\n\t\t\t\t\t\t\t\t\t\t<tr class=\"uael-table-row\">\n\t\t\t\t\t\t\t\t\t\t\t\t\t<th data-sort=\"0\" class=\"sort-this elementor-repeater-item-c7ee65f uael-table-col uael-table-head-cell-text\" scope=\"col\">\n\t\t\t\t\t\t\t<span class=\"sort-style\">\n\t\t\t\t\t\t\t<span class=\"uael-table__text\">\n\t\t\t\t\t\t\t\t\t\t\t\t\t\t\t\t\t\t\t\t\t\t\t\t\t\t\t\t\t\t\t\t\t\t<span class=\"uael-table__text-inner\">Mode d'exp\u00e9dition<\/span>\n\n\t\t\t\t\t\t\t\t\t\t\t\t\t\t\t\t\t\t\t\t\t\t\t\t\t\t\t\t\t\t\t\t\t<\/span>\n\t\t\t\t\t\t\t\t\t\t\t\t\t\t<\/span>\n\t\t\t\t\t\t<\/th>\n\t\t\t\t\t\t\t\t\t\t\t\t<th data-sort=\"1\" class=\"sort-this elementor-repeater-item-31bc757 uael-table-col uael-table-head-cell-text\" scope=\"col\">\n\t\t\t\t\t\t\t<span class=\"sort-style\">\n\t\t\t\t\t\t\t<span class=\"uael-table__text\">\n\t\t\t\t\t\t\t\t\t\t\t\t\t\t\t\t\t\t\t\t\t\t\t\t\t\t\t\t\t\t\t\t\t\t<span class=\"uael-table__text-inner\">Co\u00fbt<\/span>\n\n\t\t\t\t\t\t\t\t\t\t\t\t\t\t\t\t\t\t\t\t\t\t\t\t\t\t\t\t\t\t\t\t\t<\/span>\n\t\t\t\t\t\t\t\t\t\t\t\t\t\t<\/span>\n\t\t\t\t\t\t<\/th>\n\t\t\t\t\t\t\t\t\t\t\t\t<th data-sort=\"2\" class=\"sort-this elementor-repeater-item-ce25187 uael-table-col uael-table-head-cell-text\" scope=\"col\">\n\t\t\t\t\t\t\t<span class=\"sort-style\">\n\t\t\t\t\t\t\t<span class=\"uael-table__text\">\n\t\t\t\t\t\t\t\t\t\t\t\t\t\t\t\t\t\t\t\t\t\t\t\t\t\t\t\t\t\t\t\t\t\t<span class=\"uael-table__text-inner\">D\u00e9lai de livraison estim\u00e9<\/span>\n\n\t\t\t\t\t\t\t\t\t\t\t\t\t\t\t\t\t\t\t\t\t\t\t\t\t\t\t\t\t\t\t\t\t<\/span>\n\t\t\t\t\t\t\t\t\t\t\t\t\t\t<\/span>\n\t\t\t\t\t\t<\/th>\n\t\t\t\t\t\t\t\t<\/thead>\n\t\t\t\t<tbody>\n\t\t\t<!-- ROWS -->\n\t\t\t\t\t\t\t\t\t\t<tr data-entry=\"1\" class=\"uael-table-row\">\n\t\t\t\t\t\t\t\t\t\t\t\t\t\t\t\t\t<td class=\"uael-table-col uael-table-body-cell-text elementor-repeater-item-f4296bb\" data-title=\"Mode d&#039;exp\u00e9dition\">\n\t\t\t\t\t\t\t\t\t\t\t\t\t\t\t<span class=\"uael-table__text\">\n\t\t\t\t\t\t\t\t\t\t\t\t\t\t\t\t\t\t\t\t\t\t\t\t\t\t\t\t\t\t\t\t\t\t\t\t\t<span class=\"uael-table__text-inner\">Exp\u00e9dition standard<\/span>\n\t\t\t\t\t\t\t\t\t\t\t\t\t\t\t\t\t\t\t\t\t\t\t\t\t\t\t\t\t\t\t\t\t\t\t\t<\/span>\n\t\t\t\t\t\t\t\t\t\t\t\t\t<\/td>\n\t\t\t\t\t\t\t\t\t\t\t\t\t<td class=\"uael-table-col uael-table-body-cell-text elementor-repeater-item-149ac1d\" data-title=\"Co\u00fbt\">\n\t\t\t\t\t\t\t\t\t\t\t\t\t\t\t<span class=\"uael-table__text\">\n\t\t\t\t\t\t\t\t\t\t\t\t\t\t\t\t\t\t\t\t\t\t\t\t\t\t\t\t\t\t\t\t\t\t\t\t\t<span class=\"uael-table__text-inner\">74.93\u20ac<\/span>\n\t\t\t\t\t\t\t\t\t\t\t\t\t\t\t\t\t\t\t\t\t\t\t\t\t\t\t\t\t\t\t\t\t\t\t\t<\/span>\n\t\t\t\t\t\t\t\t\t\t\t\t\t<\/td>\n\t\t\t\t\t\t\t\t\t\t\t\t\t<td class=\"uael-table-col uael-table-body-cell-text elementor-repeater-item-0c01be3\" data-title=\"D\u00e9lai de livraison estim\u00e9\">\n\t\t\t\t\t\t\t\t\t\t\t\t\t\t\t<span class=\"uael-table__text\">\n\t\t\t\t\t\t\t\t\t\t\t\t\t\t\t\t\t\t\t\t\t\t\t\t\t\t\t\t\t\t\t\t\t\t\t\t\t<span class=\"uael-table__text-inner\">12-20 jours ouvrables<\/span>\n\t\t\t\t\t\t\t\t\t\t\t\t\t\t\t\t\t\t\t\t\t\t\t\t\t\t\t\t\t\t\t\t\t\t\t\t<\/span>\n\t\t\t\t\t\t\t\t\t\t\t\t\t<\/td>\n\t\t\t\t\t\t\t\t\t<\/tbody>\n\t<\/table>\n\t\t<\/div>\n\t\t\t\t<\/div>\n\t\t\t\t<\/div>\n\t\t\t\t<div class=\"elementor-element elementor-element-24d9b38 color-scheme-inherit text-left elementor-widget elementor-widget-text-editor\" data-id=\"24d9b38\" data-element_type=\"widget\" data-e-type=\"widget\" data-widget_type=\"text-editor.default\">\n\t\t\t\t<div class=\"elementor-widget-container\">\n\t\t\t\t\t\t\t\t\t<p><strong>Note :<\/strong> Avant d&#8217;effectuer votre achat, veuillez prendre connaissance de nos conditions g\u00e9n\u00e9rales. En cliquant sur &#8220;Confirmer la commande&#8221;, vous acceptez le contrat de fourniture et les politiques associ\u00e9es. <\/p>\t\t\t\t\t\t\t\t<\/div>\n\t\t\t\t<\/div>\n\t\t\t\t<div class=\"elementor-element elementor-element-335768b color-scheme-inherit text-left elementor-widget elementor-widget-text-editor\" data-id=\"335768b\" data-element_type=\"widget\" data-e-type=\"widget\" data-widget_type=\"text-editor.default\">\n\t\t\t\t<div class=\"elementor-widget-container\">\n\t\t\t\t\t\t\t\t\t<p><strong>D\u00e9lai de livraison<br><\/strong><\/p><p>Les commandes sont exp\u00e9di\u00e9es chaque semaine de notre entrep\u00f4t des \u00eeles Canaries vers notre centre logistique de Galice, en Espagne, puis exp\u00e9di\u00e9es dans toute l&#8217;Europe sans frais de douane. Le d\u00e9lai de livraison est g\u00e9n\u00e9ralement de 12 \u00e0 14 jours ouvrables, avec un maximum de 20 jours. Les commandes pass\u00e9es en dehors de l&#8217;UE peuvent donner lieu \u00e0 des frais de douane suppl\u00e9mentaires. Les annulations effectu\u00e9es apr\u00e8s avoir atteint le statut &#8220;\u00celes Canaries &#8211; Galice&#8221; seront rembours\u00e9es moins 30 % pour les frais de manutention.   <\/p>\t\t\t\t\t\t\t\t<\/div>\n\t\t\t\t<\/div>\n\t\t\t\t<div class=\"elementor-element elementor-element-c44657b color-scheme-inherit text-left elementor-widget elementor-widget-text-editor\" data-id=\"c44657b\" data-element_type=\"widget\" data-e-type=\"widget\" data-widget_type=\"text-editor.default\">\n\t\t\t\t<div class=\"elementor-widget-container\">\n\t\t\t\t\t\t\t\t\t<p><strong>Frais d&#8217;exp\u00e9dition<\/strong><\/p><p>Vous pouvez consulter les frais de port avant de finaliser votre commande. Il vous suffit de s\u00e9lectionner les produits que vous souhaitez acheter et de les ajouter \u00e0 votre panier. Pour obtenir une estimation pr\u00e9cise des frais de port, veuillez indiquer vos coordonn\u00e9es de livraison dans le panier.  <\/p>\t\t\t\t\t\t\t\t<\/div>\n\t\t\t\t<\/div>\n\t\t\t\t<div class=\"elementor-element elementor-element-64cc67d elementor-widget elementor-widget-heading\" data-id=\"64cc67d\" data-element_type=\"widget\" data-e-type=\"widget\" data-widget_type=\"heading.default\">\n\t\t\t\t<div class=\"elementor-widget-container\">\n\t\t\t\t\t<h2 class=\"elementor-heading-title elementor-size-default\">Politique de retour<\/h2>\t\t\t\t<\/div>\n\t\t\t\t<\/div>\n\t\t\t\t<div class=\"elementor-element elementor-element-58c2b2d color-scheme-inherit text-left elementor-widget elementor-widget-text-editor\" data-id=\"58c2b2d\" data-element_type=\"widget\" data-e-type=\"widget\" data-widget_type=\"text-editor.default\">\n\t\t\t\t<div class=\"elementor-widget-container\">\n\t\t\t\t\t\t\t\t\t<p>Articles non remboursables<\/p><ul><li><span style=\"color: #ff6600;\">Articles personnalis\u00e9s<\/span> tels que : cordes, cha\u00eenes, profil\u00e9s, tuyaux, etc.<\/li><\/ul>\t\t\t\t\t\t\t\t<\/div>\n\t\t\t\t<\/div>\n\t\t\t\t<div class=\"elementor-element elementor-element-eb8729b color-scheme-inherit text-left elementor-widget elementor-widget-text-editor\" data-id=\"eb8729b\" data-element_type=\"widget\" data-e-type=\"widget\" data-widget_type=\"text-editor.default\">\n\t\t\t\t<div class=\"elementor-widget-container\">\n\t\t\t\t\t\t\t\t\t<p><strong>1. Comment effectuer un retour<\/strong><\/p><p>I. Veuillez vous rendre sur votre compte nova sur Nova.com pour demander un remboursement.<\/p><p>II. Recherchez la commande concern\u00e9e dans &#8220;Vos commandes&#8221; et cliquez sur le bouton &#8220;Demande de retour&#8221;. <\/p><p>III. S\u00e9lectionnez les articles que vous souhaitez retourner et la raison du retour. Apr\u00e8s avoir fourni les informations requises, cliquez sur le bouton &#8220;\u00c9tape suivante&#8221; pour continuer.  <\/p><p>IV. S&#8217;il n&#8217;est pas n\u00e9cessaire de renvoyer vos articles, la derni\u00e8re \u00e9tape consiste simplement \u00e0 s\u00e9lectionner votre m\u00e9thode de remboursement. Faites votre choix et cliquez sur &#8220;Soumettre&#8221;.  <\/p><p>V. Si vous devez renvoyer vos articles, nous vous offrons la possibilit\u00e9 de les renvoyer vous-m\u00eame. Vous pouvez utiliser le service de messagerie de votre choix pour renvoyer les articles et les frais de retour sont \u00e0 votre charge. Apr\u00e8s avoir renvoy\u00e9 les articles, veuillez ajouter les informations de suivi du colis.  <\/p><p>VI. Vous pouvez v\u00e9rifier le statut de remboursement de vos articles sur la page des d\u00e9tails de votre commande ou par le biais des notifications SMS\/Email\/Push de Nova. <\/p>\t\t\t\t\t\t\t\t<\/div>\n\t\t\t\t<\/div>\n\t\t\t\t<div class=\"elementor-element elementor-element-8cf7732 color-scheme-inherit text-left elementor-widget elementor-widget-text-editor\" data-id=\"8cf7732\" data-element_type=\"widget\" data-e-type=\"widget\" data-widget_type=\"text-editor.default\">\n\t\t\t\t<div class=\"elementor-widget-container\">\n\t\t\t\t\t\t\t\t\t<p><strong>2. Exp\u00e9dition de retour<\/strong><\/p><p>Veuillez noter que les retours ne sont pas gratuits. Si le retour est d\u00fb \u00e0 une erreur de notre part, nous prendrons en charge les frais de retour. Toutefois, si c&#8217;est vous qui prenez l&#8217;initiative du retour, ces frais seront \u00e0 votre charge. En outre, nous d\u00e9duirons 30 % de votre remboursement pour couvrir les frais initiaux, tels que le transport des \u00eeles Canaries \u00e0 la Galice et le d\u00e9douanement.   <\/p>\t\t\t\t\t\t\t\t<\/div>\n\t\t\t\t<\/div>\n\t\t\t\t<div class=\"elementor-element elementor-element-fa35686 color-scheme-inherit text-left elementor-widget elementor-widget-text-editor\" data-id=\"fa35686\" data-element_type=\"widget\" data-e-type=\"widget\" data-widget_type=\"text-editor.default\">\n\t\t\t\t<div class=\"elementor-widget-container\">\n\t\t\t\t\t\t\t\t\t<p><strong>3. Combien de temps dois-je attendre avant d&#8217;effectuer un retour ?<\/strong><\/p><p>Vous disposez de 30 jours ouvrables \u00e0 compter de la date de r\u00e9ception de votre commande pour effectuer un retour. Pour ce faire, veuillez contacter notre entrep\u00f4t logistique \u00e0 l&#8217;adresse [email protected] ou appeler le +34 828680669 pour remplir le formulaire de retour. <\/p>\t\t\t\t\t\t\t\t<\/div>\n\t\t\t\t<\/div>\n\t\t\t\t<div class=\"elementor-element elementor-element-866fc82 color-scheme-inherit text-left elementor-widget elementor-widget-text-editor\" data-id=\"866fc82\" data-element_type=\"widget\" data-e-type=\"widget\" data-widget_type=\"text-editor.default\">\n\t\t\t\t<div class=\"elementor-widget-container\">\n\t\t\t\t\t\t\t\t\t<p><strong>Avis important<\/strong><\/p><p>Lorsque votre commande arrive, veuillez inspecter soigneusement l&#8217;emballage et le contenu. Nous v\u00e9rifions soigneusement tous les articles avant de les exp\u00e9dier, afin de ne pas envoyer de produits d\u00e9fectueux ou endommag\u00e9s. Vous avez le droit d&#8217;ouvrir le colis en pr\u00e9sence du livreur. Si vous constatez un probl\u00e8me, veuillez inscrire &#8220;En attente de r\u00e9vision&#8221; sur le bon de livraison. Cela nous aidera \u00e0 r\u00e9soudre les probl\u00e8mes li\u00e9s aux dommages ou au mauvais \u00e9tat des marchandises pendant le transport.    <\/p>\t\t\t\t\t\t\t\t<\/div>\n\t\t\t\t<\/div>\n\t\t\t\t<div class=\"elementor-element elementor-element-f555325 color-scheme-inherit text-left elementor-widget elementor-widget-text-editor\" data-id=\"f555325\" data-element_type=\"widget\" data-e-type=\"widget\" data-widget_type=\"text-editor.default\">\n\t\t\t\t<div class=\"elementor-widget-container\">\n\t\t\t\t\t\t\t\t\t<p><strong>Facture<\/strong><\/p><p>Les factures sont g\u00e9n\u00e9r\u00e9es \u00e0 partir de notre si\u00e8ge aux \u00c9tats-Unis et sont libell\u00e9es en dollars am\u00e9ricains. Pour obtenir votre facture, veuillez vous connecter \u00e0 votre compte client et la t\u00e9l\u00e9charger directement \u00e0 partir de celui-ci. <\/p><p>Nova Argonautica LLC <br>407 Lincoln RD STE 12N <br>MIAMI BEACH FL 33139 <br>EIN : 35-2826316 <br>Tel : +1-305-529-3642<\/p>\t\t\t\t\t\t\t\t<\/div>\n\t\t\t\t<\/div>\n\t\t\t\t<\/div>\n\t\t\t\t<\/div>\n\t\t","protected":false},"excerpt":{"rendered":"<p>Informations sur l&#8217;exp\u00e9dition et les retours Mode d&#8217;exp\u00e9dition Co\u00fbt D\u00e9lai de livraison estim\u00e9 Exp\u00e9dition standard 74.93\u20ac 12-20 jours ouvrables Note<\/p>\n","protected":false},"author":2,"featured_media":0,"parent":0,"menu_order":0,"comment_status":"closed","ping_status":"closed","template":"","meta":{"footnotes":""},"class_list":["post-1233318","page","type-page","status-publish","hentry"],"_links":{"self":[{"href":"https:\/\/stoic-curie.212-227-153-4.plesk.page\/fr\/wp-json\/wp\/v2\/pages\/1233318","targetHints":{"allow":["GET"]}}],"collection":[{"href":"https:\/\/stoic-curie.212-227-153-4.plesk.page\/fr\/wp-json\/wp\/v2\/pages"}],"about":[{"href":"https:\/\/stoic-curie.212-227-153-4.plesk.page\/fr\/wp-json\/wp\/v2\/types\/page"}],"author":[{"embeddable":true,"href":"https:\/\/stoic-curie.212-227-153-4.plesk.page\/fr\/wp-json\/wp\/v2\/users\/2"}],"replies":[{"embeddable":true,"href":"https:\/\/stoic-curie.212-227-153-4.plesk.page\/fr\/wp-json\/wp\/v2\/comments?post=1233318"}],"version-history":[{"count":0,"href":"https:\/\/stoic-curie.212-227-153-4.plesk.page\/fr\/wp-json\/wp\/v2\/pages\/1233318\/revisions"}],"wp:attachment":[{"href":"https:\/\/stoic-curie.212-227-153-4.plesk.page\/fr\/wp-json\/wp\/v2\/media?parent=1233318"}],"curies":[{"name":"wp","href":"https:\/\/api.w.org\/{rel}","templated":true}]}}