{"id":1021312,"date":"2025-04-08T15:49:34","date_gmt":"2025-04-08T19:49:34","guid":{"rendered":"https:\/\/stoic-curie.212-227-153-4.plesk.page\/product\/racor-s3227-spin-on-fuel-filter-element-10-micron\/"},"modified":"2026-02-24T23:08:37","modified_gmt":"2026-02-24T23:08:37","slug":"racor-s3227-spin-on-fuel-filter-element-10-micron","status":"publish","type":"product","link":"https:\/\/stoic-curie.212-227-153-4.plesk.page\/fr\/product\/racor-s3227-spin-on-fuel-filter-element-10-micron\/","title":{"rendered":"Racor S3227 Spin-On Fuel Filter Element (10 Micron)"},"content":{"rendered":"<p>Racor S3227 Spin-On Fuel Filter Element (10 Micron) &#8211; <\/p>\n<div class=\"col-24 col-md-15\">\n<p>\u00c9l\u00e9ment filtrant Racor S3227 de 10 microns, compatible avec les filtres \u00e0 carburant Racor 320R-RAC-01 (num\u00e9ro de pi\u00e8ce ASAP : 301231) et Racor 490R-RAC-01.<\/p>\n<p>Ne compromet jamais l&#8217;efficacit\u00e9 de votre s\u00e9parateur d&#8217;eau et filtre \u00e0 carburant Racor. Exigez toujours des \u00e9l\u00e9ments Racor authentiques avec des propri\u00e9t\u00e9s d\u00e9perlant Aquabloc.<\/p>\n<p>Only genuine Racor elements will ensure that your Racor filter performs as Racor designed it to. Ne laissez rien au hasard.<\/p>\n<p>Les \u00e9l\u00e9ments Racor sont cod\u00e9s par couleur : Marron &#8216;S&#8217; est 2 microns, Bleu &#8216;T&#8217; est 10 microns, Rouge &#8216;P&#8217; est 30 microns.<\/p>\n<\/div>\n<h3>Sp\u00e9cifications<\/h3>\n<table class=\"table\">\n<tbody>\n<tr>\n<td><strong>Application<\/strong><\/td>\n<td>P\u00e9trole \/ Essence<\/td>\n<\/tr>\n<tr>\n<td><strong>S\u00e9rie<\/strong><\/td>\n<td>S\u00e9ries 300 &#038; 400<\/td>\n<\/tr>\n<tr>\n<td><strong>Marque<\/strong><\/td>\n<td>Racor<\/td>\n<\/tr>\n<tr>\n<td><strong>\u00c9l\u00e9ment<\/strong><\/td>\n<td>10 Microns<\/td>\n<\/tr>\n<tr>\n<td><strong>Unit\u00e9 de vente<\/strong><\/td>\n<td>1 \u00c9l\u00e9ment<\/td>\n<\/tr>\n<tr>\n<td><strong>D\u00e9passement du d\u00e9bit nominal maximum<\/strong><\/td>\n<td>227 LPH (60 US GPH)<\/td>\n<\/tr>\n<tr>\n<td><strong>Mod\u00e8le<\/strong><\/td>\n<td>S3227<\/td>\n<\/tr>\n<tr>\n<td><strong>Remplace<\/strong><\/td>\n<td>Sierra 18-7948, Honda 17670-ZW1-801AH, Mercury 35-886638, Suzuki 99105-20005<\/td>\n<\/tr>\n<tr>\n<td><strong>Description de style<\/strong><\/td>\n<td>\u00c9l\u00e9ment \u00e0 visser<\/td>\n<\/tr>\n<tr>\n<td><strong>Compatibilit\u00e9<\/strong><\/td>\n<td>Filtres \u00e0 carburant Racor 320R-RAC-01 (num\u00e9ro de pi\u00e8ce ASAP : 301231) &#038; Racor 490R-RAC-01<\/td>\n<\/tr>\n<tr>\n<td><strong>Taille de fil<\/strong><\/td>\n<td>1&#8243;-14 Filetage central<\/td>\n<\/tr>\n<\/tbody>\n<\/table>\n","protected":false},"excerpt":{"rendered":"<p>Racor S3227 Spin-On Fuel Filter Element (10 Micron) &#8211; \u00c9l\u00e9ment filtrant Racor S3227 de 10 microns, compatible avec les filtres<\/p>\n","protected":false},"featured_media":5944866,"comment_status":"closed","ping_status":"closed","template":"","meta":[],"product_brand":[3244],"product_cat":[1223],"product_tag":[],"class_list":{"0":"post-1021312","1":"product","2":"type-product","3":"status-publish","4":"has-post-thumbnail","6":"product_brand-parker-racor-fr","7":"product_cat-filtres-separateur-deau-de-carburant","9":"first","10":"instock","11":"shipping-taxable","12":"purchasable","13":"product-type-simple"},"_links":{"self":[{"href":"https:\/\/stoic-curie.212-227-153-4.plesk.page\/fr\/wp-json\/wp\/v2\/product\/1021312","targetHints":{"allow":["GET"]}}],"collection":[{"href":"https:\/\/stoic-curie.212-227-153-4.plesk.page\/fr\/wp-json\/wp\/v2\/product"}],"about":[{"href":"https:\/\/stoic-curie.212-227-153-4.plesk.page\/fr\/wp-json\/wp\/v2\/types\/product"}],"replies":[{"embeddable":true,"href":"https:\/\/stoic-curie.212-227-153-4.plesk.page\/fr\/wp-json\/wp\/v2\/comments?post=1021312"}],"version-history":[{"count":0,"href":"https:\/\/stoic-curie.212-227-153-4.plesk.page\/fr\/wp-json\/wp\/v2\/product\/1021312\/revisions"}],"wp:featuredmedia":[{"embeddable":true,"href":"https:\/\/stoic-curie.212-227-153-4.plesk.page\/fr\/wp-json\/wp\/v2\/media\/5944866"}],"wp:attachment":[{"href":"https:\/\/stoic-curie.212-227-153-4.plesk.page\/fr\/wp-json\/wp\/v2\/media?parent=1021312"}],"wp:term":[{"taxonomy":"product_brand","embeddable":true,"href":"https:\/\/stoic-curie.212-227-153-4.plesk.page\/fr\/wp-json\/wp\/v2\/product_brand?post=1021312"},{"taxonomy":"product_cat","embeddable":true,"href":"https:\/\/stoic-curie.212-227-153-4.plesk.page\/fr\/wp-json\/wp\/v2\/product_cat?post=1021312"},{"taxonomy":"product_tag","embeddable":true,"href":"https:\/\/stoic-curie.212-227-153-4.plesk.page\/fr\/wp-json\/wp\/v2\/product_tag?post=1021312"}],"curies":[{"name":"wp","href":"https:\/\/api.w.org\/{rel}","templated":true}]}}