{"id":1021316,"date":"2025-04-08T15:49:43","date_gmt":"2025-04-08T19:49:43","guid":{"rendered":"https:\/\/stoic-curie.212-227-153-4.plesk.page\/product\/toilet-tecma-silence-plus-2g-12v-modele-court\/"},"modified":"2026-02-24T23:08:55","modified_gmt":"2026-02-24T23:08:55","slug":"toilet-tecma-silence-plus-2g-12v-modele-court","status":"publish","type":"product","link":"https:\/\/stoic-curie.212-227-153-4.plesk.page\/fr\/product\/toilet-tecma-silence-plus-2g-12v-modele-court\/","title":{"rendered":"Toilet Tecma Silence Plus 2G &#8211; 12v &#8211; Mod\u00e8le Court"},"content":{"rendered":"<p>Toilet Tecma Silence Plus 2G &#8211; 12v &#8211; Mod\u00e8le Court &#8211; Le Silence Plus 2G Short est une version compacte du Silence Plus 2G, connu sous le nom de mod\u00e8le &#8220;grand bol&#8221; de la s\u00e9rie Flexi-Line. Ce mod\u00e8le court est sp\u00e9cifiquement con\u00e7u pour \u00eatre install\u00e9 sur une marche sur\u00e9lev\u00e9e, g\u00e9n\u00e9ralement de 10 cm de haut. Pour s&#8217;adapter \u00e0 cela, la hauteur de la coque en c\u00e9ramique est r\u00e9duite \u00e0 36 cm, garantissant qu&#8217;elle s&#8217;aligne avec la hauteur de si\u00e8ge standard de 46 cm. Cette nouvelle g\u00e9n\u00e9ration du Silence Plus 2G Short comprend un bidet assorti, le Bidet Silence Plus 2G Short, offrant un parfait accord pour votre salle de bain. La Flexi 1G a \u00e9t\u00e9 produite jusqu&#8217;en 2016, et les mod\u00e8les pr\u00e9c\u00e9dents resteront disponibles sur demande pour des remplacements. Les pi\u00e8ces de rechange seront \u00e9galement accessibles pendant les 10 prochaines ann\u00e9es. Le toilet Tecma Silence Plus 2G pr\u00e9sente un design \u00e9l\u00e9gant qui maximise le confort dans les espaces r\u00e9duits. Il est livr\u00e9 avec un si\u00e8ge thermo-r\u00e9sistant \u00e9quip\u00e9 d&#8217;un syst\u00e8me de fermeture douce pour \u00e9viter les dommages et le bruit. Ce toilet est con\u00e7u pour minimiser l&#8217;utilisation d&#8217;eau, la consommation \u00e9lectrique et le bruit. L&#8217;installation et le c\u00e2blage sont simples, et aucun entretien n&#8217;est requis. Vous pouvez faire fonctionner le toilet via deux panneaux de contr\u00f4le : 1) Panneau Tout-en-Un SFT : Ce panneau \u00e0 deux boutons comprend des interrupteurs pour ajouter de l&#8217;eau et pour tirer la chasse. Il dispose de la technologie Smart Flush pour une faible consommation et des \u00e9missions sonores, ainsi que d&#8217;une protection contre le trop-plein et d&#8217;un suivi du r\u00e9servoir de d\u00e9chets. Le mod\u00e8le Silence Plus combine la fiabilit\u00e9 \u00e9prouv\u00e9e de Thetford avec un design italien \u00e9l\u00e9gant, faisant de lui le toilet marin ultime. Le Silence Plus est tr\u00e8s efficace et confortable, avec une longueur g\u00e9n\u00e9reuse de 51 cm qui procure une sensation d&#8217;assise famili\u00e8re &#8220;\u00e0 la maison&#8221;. La cuvette en c\u00e9ramique italienne contemporaine, associ\u00e9e au syst\u00e8me de broyage de seconde g\u00e9n\u00e9ration am\u00e9lior\u00e9 de Thetford, fait de ce toilet un choix de premier plan pour un usage marin. Ce mod\u00e8le est la version courte (nous proposons \u00e9galement la version pleine hauteur) et est con\u00e7u pour s&#8217;adapter \u00e0 une marche sur\u00e9lev\u00e9e de 10 cm. Toute la plomberie est discr\u00e8tement contenue \u00e0 l&#8217;int\u00e9rieur du bo\u00eetier de toilette, permettant une installation flush contre le mur et le sol. Ce toilet est disponible en version 24V, avec une option 12V \u00e9galement propos\u00e9e. Caract\u00e9ristiques : grande cuvette en c\u00e9ramique italienne, si\u00e8ge thermoplastique hygi\u00e9nique avec fermeture douce, panneau de contr\u00f4le tout-en-un avec divers cycles de chasse, panneau de contr\u00f4le avec bordures interchangeables blanches ou noires, consommation d&#8217;eau r\u00e9glable pouvant \u00eatre connect\u00e9e au jauge de r\u00e9servoir pour \u00e9viter le d\u00e9bordement, installation simple sur un syst\u00e8me d&#8217;eau douce sous pression, option de connexion \u00e0 une source d&#8217;eau brute (eau de mer), deux vannes de s\u00e9curit\u00e9 \u00e0 sens unique int\u00e9gr\u00e9es, impulsion \u00e0 vortex \u00e0 haute vitesse, valve \u00e0 air int\u00e9gr\u00e9e. Le toilet est livr\u00e9 complet avec tout ce qui est n\u00e9cessaire \u00e0 l&#8217;installation, y compris un conduit d&#8217;\u00e9vacuation de 38 mm, une entr\u00e9e d&#8217;eau de 19 mm et un faisceau de c\u00e2blage complet. Ce toilet de luxe post-vente est facile \u00e0 installer et constitue une excellente am\u00e9lioration par rapport \u00e0 une toilette \u00e0 gravit\u00e9. L&#8217;une des principales forces de la Flexi Line actuelle est sa capacit\u00e9 \u00e0 maintenir un design coh\u00e9rent dans toutes les salles de bains. Avec la nouvelle Flexi 2G, Tecma a perfectionn\u00e9 le design \u00e0 la fois du toilet et du bidet. Le Silence Plus 2G sert de fondation \u00e0 la Flexi Line, offrant le m\u00eame design dans diff\u00e9rentes tailles pour s&#8217;adapter \u00e0 toutes les salles de bains, grandes, petites, courtes ou m\u00eame combin\u00e9es. Les toilettes de deuxi\u00e8me g\u00e9n\u00e9ration de la Flexi Line sont con\u00e7ues pour s&#8217;int\u00e9grer parfaitement dans votre espace. Le Silence Plus 2G est le mod\u00e8le &#8220;grand bol&#8221; de la Flexi-Line et pr\u00e9sente le m\u00eame design efficace et confortable. Avec une longueur de 51 cm, il procure une exp\u00e9rience d&#8217;assise confortable. L&#8217;installation des nouveaux toilets de la Flexi Line est \u00e0 la fois belle et intelligente. Elle est rapide et facile, repr\u00e9sentant un pas en avant significatif en mati\u00e8re de design, y compris : installation cach\u00e9e pour une apparence \u00e9l\u00e9gante, jeu de fixation lat\u00e9rale pour une installation simple, surfaces lisses pour un nettoyage plus ais\u00e9. La valve d&#8217;admission d&#8217;air int\u00e9gr\u00e9e est une petite mais essentielle caract\u00e9ristique qui am\u00e9liore la nouvelle Flexi Line : nouvelle valve d&#8217;admission d&#8217;air int\u00e9gr\u00e9e dans le syst\u00e8me de tuyauterie interne, pr\u00e9vient les contraintes d&#8217;installation, optimise la ventilation de la ligne de rejet, am\u00e9liore l&#8217;efficacit\u00e9 du syst\u00e8me d&#8217;eaux noires dans diverses configurations et facilite une bonne hydraulique pour pr\u00e9venir le siphonnage et les reflux.<\/p>\n","protected":false},"excerpt":{"rendered":"<p>Toilet Tecma Silence Plus 2G &#8211; 12v &#8211; Mod\u00e8le Court &#8211; Le Silence Plus 2G Short est une version compacte<\/p>\n","protected":false},"featured_media":5945372,"comment_status":"closed","ping_status":"closed","template":"","meta":[],"product_brand":[3469],"product_cat":[1101],"product_tag":[],"class_list":{"0":"post-1021316","1":"product","2":"type-product","3":"status-publish","4":"has-post-thumbnail","6":"product_brand-tecma-fr","7":"product_cat-toilettes-marines","9":"first","10":"instock","11":"shipping-taxable","12":"purchasable","13":"product-type-simple"},"_links":{"self":[{"href":"https:\/\/stoic-curie.212-227-153-4.plesk.page\/fr\/wp-json\/wp\/v2\/product\/1021316","targetHints":{"allow":["GET"]}}],"collection":[{"href":"https:\/\/stoic-curie.212-227-153-4.plesk.page\/fr\/wp-json\/wp\/v2\/product"}],"about":[{"href":"https:\/\/stoic-curie.212-227-153-4.plesk.page\/fr\/wp-json\/wp\/v2\/types\/product"}],"replies":[{"embeddable":true,"href":"https:\/\/stoic-curie.212-227-153-4.plesk.page\/fr\/wp-json\/wp\/v2\/comments?post=1021316"}],"version-history":[{"count":0,"href":"https:\/\/stoic-curie.212-227-153-4.plesk.page\/fr\/wp-json\/wp\/v2\/product\/1021316\/revisions"}],"wp:featuredmedia":[{"embeddable":true,"href":"https:\/\/stoic-curie.212-227-153-4.plesk.page\/fr\/wp-json\/wp\/v2\/media\/5945372"}],"wp:attachment":[{"href":"https:\/\/stoic-curie.212-227-153-4.plesk.page\/fr\/wp-json\/wp\/v2\/media?parent=1021316"}],"wp:term":[{"taxonomy":"product_brand","embeddable":true,"href":"https:\/\/stoic-curie.212-227-153-4.plesk.page\/fr\/wp-json\/wp\/v2\/product_brand?post=1021316"},{"taxonomy":"product_cat","embeddable":true,"href":"https:\/\/stoic-curie.212-227-153-4.plesk.page\/fr\/wp-json\/wp\/v2\/product_cat?post=1021316"},{"taxonomy":"product_tag","embeddable":true,"href":"https:\/\/stoic-curie.212-227-153-4.plesk.page\/fr\/wp-json\/wp\/v2\/product_tag?post=1021316"}],"curies":[{"name":"wp","href":"https:\/\/api.w.org\/{rel}","templated":true}]}}