{"id":1021326,"date":"2025-04-08T15:49:44","date_gmt":"2025-04-08T19:49:44","guid":{"rendered":"https:\/\/stoic-curie.212-227-153-4.plesk.page\/product\/lot-de-2-helices-solas-duoprop-a5\/"},"modified":"2026-02-24T23:08:55","modified_gmt":"2026-02-24T23:08:55","slug":"lot-de-2-helices-solas-duoprop-a5","status":"publish","type":"product","link":"https:\/\/stoic-curie.212-227-153-4.plesk.page\/fr\/product\/lot-de-2-helices-solas-duoprop-a5\/","title":{"rendered":"Lot de 2 h\u00e9lices Solas Duoprop A5"},"content":{"rendered":"<p>Lot de 2 h\u00e9lices Solas Duoprop A5 &#8211; <\/p>\n<p style=\"color: rgb(34, 34, 34); font-family: Arial, Helvetica, sans-serif; font-size: small;\">Kit d&#8217;h\u00e9lices Solas Type A5 en aluminium con\u00e7u pour Volvo Penta 280 et 290 DP (Diesel)<\/p>\n<ul style=\"color: rgb(34, 34, 34); font-family: Arial, Helvetica, sans-serif; font-size: small;\">\n<li>H\u00e9lice avant : 3 pales<\/li>\n<li>H\u00e9lice arri\u00e8re : 4 pales<\/li>\n<\/ul>\n<p style=\"color: rgb(34, 34, 34); font-family: Arial, Helvetica, sans-serif; font-size: small;\">Les h\u00e9lices SOLAS Duo sont con\u00e7ues avec un angle de pale \u00e9lev\u00e9, incluant un recourbement, offrant un excellent levage \u00e0 l&#8217;arri\u00e8re et une acc\u00e9l\u00e9ration. Ces h\u00e9lices de style duo sont destin\u00e9es \u00e0 remplacer les outdrives Duo de Volvo Penta. Il est important de garder \u00e0 l&#8217;esprit que la charge sur l&#8217;h\u00e9lice et les tr\/min peuvent varier entre les h\u00e9lices Solas et les mod\u00e8les du fabricant d&#8217;\u00e9quipement d&#8217;origine (OEM). (Ces informations de taille proviennent directement du catalogue Solas 2013.) L&#8217;installation des h\u00e9lices de style duo Solas peut n\u00e9cessiter des outils sp\u00e9cialis\u00e9s et du mat\u00e9riel OEM. Nous recommandons de se r\u00e9f\u00e9rer au manuel OEM pour des sp\u00e9cifications d&#8217;installation et de couple pr\u00e9cises.<\/p>\n<p style=\"color: rgb(34, 34, 34); font-family: Arial, Helvetica, sans-serif; font-size: small;\">Les h\u00e9lices en aluminium SOLAS de la s\u00e9rie Duo-Prop A sont sp\u00e9cialement con\u00e7ues pour les moteurs diesel jusqu&#8217;\u00e0 D41. L&#8217;association unique d&#8217;une h\u00e9lice avant \u00e0 3 pales et d&#8217;une h\u00e9lice arri\u00e8re \u00e0 4 pales assure une adh\u00e9rence remarquable dans l&#8217;eau.<\/p>\n<p style=\"color: rgb(34, 34, 34); font-family: Arial, Helvetica, sans-serif; font-size: small;\">Les h\u00e9lices Solas sont fabriqu\u00e9es \u00e0 l&#8217;aide d&#8217;une technique de moulage sous pression de pointe, ce qui am\u00e9liore leur r\u00e9sistance et leur durabilit\u00e9 par rapport aux produits en fontes conventionnels. Cette m\u00e9thode produit une h\u00e9lice presque non poreuse avec une structure de grain plus fine. De plus, les h\u00e9lices en aluminium Solas sont trait\u00e9es avec quatre couches de peinture, utilisant des rev\u00eatements de haute qualit\u00e9 et un processus de peinture avanc\u00e9 pour offrir une protection anti-corrosion exceptionnelle. Chaque h\u00e9lice subit plus de 500 heures de tests dans un r\u00e9servoir de pulv\u00e9risation d&#8217;eau sal\u00e9e, simulant plus de six mois d&#8217;exposition normale \u00e0 l&#8217;eau sal\u00e9e.<\/p>\n<p style=\"color: rgb(34, 34, 34); font-family: Arial, Helvetica, sans-serif; font-size: small;\"><strong>Remarque :<\/strong>\u00a0Pour les moteurs atteignant des vitesses sup\u00e9rieures \u00e0 35 n\u0153uds, nous sugg\u00e9rons d&#8217;utiliser l&#8217;h\u00e9lice en acier inoxydable Type C.<\/p>\n","protected":false},"excerpt":{"rendered":"<p>Lot de 2 h\u00e9lices Solas Duoprop A5 &#8211; Kit d&#8217;h\u00e9lices Solas Type A5 en aluminium con\u00e7u pour Volvo Penta 280<\/p>\n","protected":false},"featured_media":5948309,"comment_status":"closed","ping_status":"closed","template":"","meta":[],"product_brand":[3409],"product_cat":[1255],"product_tag":[],"class_list":{"0":"post-1021326","1":"product","2":"type-product","3":"status-publish","4":"has-post-thumbnail","6":"product_brand-solas-fr","7":"product_cat-pieces-detachees-pour-moteurs-volvo-penta","9":"first","10":"instock","11":"shipping-taxable","12":"purchasable","13":"product-type-simple"},"_links":{"self":[{"href":"https:\/\/stoic-curie.212-227-153-4.plesk.page\/fr\/wp-json\/wp\/v2\/product\/1021326","targetHints":{"allow":["GET"]}}],"collection":[{"href":"https:\/\/stoic-curie.212-227-153-4.plesk.page\/fr\/wp-json\/wp\/v2\/product"}],"about":[{"href":"https:\/\/stoic-curie.212-227-153-4.plesk.page\/fr\/wp-json\/wp\/v2\/types\/product"}],"replies":[{"embeddable":true,"href":"https:\/\/stoic-curie.212-227-153-4.plesk.page\/fr\/wp-json\/wp\/v2\/comments?post=1021326"}],"version-history":[{"count":0,"href":"https:\/\/stoic-curie.212-227-153-4.plesk.page\/fr\/wp-json\/wp\/v2\/product\/1021326\/revisions"}],"wp:featuredmedia":[{"embeddable":true,"href":"https:\/\/stoic-curie.212-227-153-4.plesk.page\/fr\/wp-json\/wp\/v2\/media\/5948309"}],"wp:attachment":[{"href":"https:\/\/stoic-curie.212-227-153-4.plesk.page\/fr\/wp-json\/wp\/v2\/media?parent=1021326"}],"wp:term":[{"taxonomy":"product_brand","embeddable":true,"href":"https:\/\/stoic-curie.212-227-153-4.plesk.page\/fr\/wp-json\/wp\/v2\/product_brand?post=1021326"},{"taxonomy":"product_cat","embeddable":true,"href":"https:\/\/stoic-curie.212-227-153-4.plesk.page\/fr\/wp-json\/wp\/v2\/product_cat?post=1021326"},{"taxonomy":"product_tag","embeddable":true,"href":"https:\/\/stoic-curie.212-227-153-4.plesk.page\/fr\/wp-json\/wp\/v2\/product_tag?post=1021326"}],"curies":[{"name":"wp","href":"https:\/\/api.w.org\/{rel}","templated":true}]}}