{"id":1021329,"date":"2025-04-08T15:49:44","date_gmt":"2025-04-08T19:49:44","guid":{"rendered":"https:\/\/stoic-curie.212-227-153-4.plesk.page\/product\/lot-de-2-helices-solas-duoprop-b3\/"},"modified":"2026-02-24T23:08:55","modified_gmt":"2026-02-24T23:08:55","slug":"lot-de-2-helices-solas-duoprop-b3","status":"publish","type":"product","link":"https:\/\/stoic-curie.212-227-153-4.plesk.page\/fr\/product\/lot-de-2-helices-solas-duoprop-b3\/","title":{"rendered":"Lot de 2 h\u00e9lices Solas Duoprop B3"},"content":{"rendered":"<p>Lot de 2 h\u00e9lices Solas Duoprop B3 &#8211; <\/p>\n<p style=\"color: rgb(34, 34, 34); font-family: Arial, Helvetica, sans-serif; font-size: small;\">Le jeu d&#8217;h\u00e9lices en aluminium Solas Duo Prop B3 est m\u00e9ticuleusement con\u00e7u pour une utilisation avec les moteurs hors-bord Volvo Penta 280\/290DP, ce qui en fait un choix id\u00e9al pour les passionn\u00e9s de navigation qui exigent des performances \u00e9lev\u00e9es et une fiabilit\u00e9. Ce jeu d&#8217;h\u00e9lices correspond directement \u00e0 l&#8217;ensemble d&#8217;h\u00e9lices Duoprop B3 de Volvo Penta #854816, garantissant compatibilit\u00e9 et fonctionnalit\u00e9 optimale. Les Duoprops de Solas servent de substituts directs aux h\u00e9lices Duoprop Volvo d&#8217;origine, avec des designs conformes aux normes OEM, ce qui signifie que vous pouvez vous attendre au m\u00eame niveau de qualit\u00e9 et de performance.<\/p>\n<p style=\"color: rgb(34, 34, 34); font-family: Arial, Helvetica, sans-serif; font-size: small;\">Pour ceux qui utilisent des moteurs atteignant des vitesses sup\u00e9rieures \u00e0 35 n\u0153uds, nous recommandons vivement de consid\u00e9rer l&#8217;h\u00e9lice en acier inoxydable de type C, qui offre une durabilit\u00e9 et des performances am\u00e9lior\u00e9es dans des conditions de haute vitesse. Les h\u00e9lices Duoprop en aluminium de ce set sont sp\u00e9cifiquement con\u00e7ues pour moteurs \u00e0 essence, garantissant qu&#8217;elles r\u00e9pondent aux exigences uniques de ces sources d&#8217;\u00e9nergie. Chaque h\u00e9lice est con\u00e7ue avec une configuration \u00e0 trois lames qui poss\u00e8de un profil a\u00e9rodynamique, ce qui est essentiel pour atteindre une efficacit\u00e9 maximale et une vitesse optimale sur l&#8217;eau.<\/p>\n<p style=\"color: rgb(34, 34, 34); font-family: Arial, Helvetica, sans-serif; font-size: small;\">Il est important de noter que m\u00e9langer diff\u00e9rents types d&#8217;h\u00e9lices, comme les types A, B et J, peut entra\u00eener des performances sous-optimales et des dommages potentiels. Par cons\u00e9quent, assurez-vous toujours d&#8217;utiliser des h\u00e9lices du m\u00eame type et de la m\u00eame taille sur le drive ou sur les deux drives dans des configurations jumeaux. Cette attention aux d\u00e9tails vous aidera \u00e0 maintenir l&#8217;int\u00e9grit\u00e9 et les performances de votre embarcation.<\/p>\n","protected":false},"excerpt":{"rendered":"<p>Lot de 2 h\u00e9lices Solas Duoprop B3 &#8211; Le jeu d&#8217;h\u00e9lices en aluminium Solas Duo Prop B3 est m\u00e9ticuleusement con\u00e7u<\/p>\n","protected":false},"featured_media":5948309,"comment_status":"closed","ping_status":"closed","template":"","meta":[],"product_brand":[3409],"product_cat":[1255],"product_tag":[],"class_list":{"0":"post-1021329","1":"product","2":"type-product","3":"status-publish","4":"has-post-thumbnail","6":"product_brand-solas-fr","7":"product_cat-pieces-detachees-pour-moteurs-volvo-penta","9":"first","10":"instock","11":"shipping-taxable","12":"purchasable","13":"product-type-simple"},"_links":{"self":[{"href":"https:\/\/stoic-curie.212-227-153-4.plesk.page\/fr\/wp-json\/wp\/v2\/product\/1021329","targetHints":{"allow":["GET"]}}],"collection":[{"href":"https:\/\/stoic-curie.212-227-153-4.plesk.page\/fr\/wp-json\/wp\/v2\/product"}],"about":[{"href":"https:\/\/stoic-curie.212-227-153-4.plesk.page\/fr\/wp-json\/wp\/v2\/types\/product"}],"replies":[{"embeddable":true,"href":"https:\/\/stoic-curie.212-227-153-4.plesk.page\/fr\/wp-json\/wp\/v2\/comments?post=1021329"}],"version-history":[{"count":0,"href":"https:\/\/stoic-curie.212-227-153-4.plesk.page\/fr\/wp-json\/wp\/v2\/product\/1021329\/revisions"}],"wp:featuredmedia":[{"embeddable":true,"href":"https:\/\/stoic-curie.212-227-153-4.plesk.page\/fr\/wp-json\/wp\/v2\/media\/5948309"}],"wp:attachment":[{"href":"https:\/\/stoic-curie.212-227-153-4.plesk.page\/fr\/wp-json\/wp\/v2\/media?parent=1021329"}],"wp:term":[{"taxonomy":"product_brand","embeddable":true,"href":"https:\/\/stoic-curie.212-227-153-4.plesk.page\/fr\/wp-json\/wp\/v2\/product_brand?post=1021329"},{"taxonomy":"product_cat","embeddable":true,"href":"https:\/\/stoic-curie.212-227-153-4.plesk.page\/fr\/wp-json\/wp\/v2\/product_cat?post=1021329"},{"taxonomy":"product_tag","embeddable":true,"href":"https:\/\/stoic-curie.212-227-153-4.plesk.page\/fr\/wp-json\/wp\/v2\/product_tag?post=1021329"}],"curies":[{"name":"wp","href":"https:\/\/api.w.org\/{rel}","templated":true}]}}