{"id":1021330,"date":"2025-04-08T15:49:44","date_gmt":"2025-04-08T19:49:44","guid":{"rendered":"https:\/\/stoic-curie.212-227-153-4.plesk.page\/product\/lot-de-2-helices-solas-duoprop-b4\/"},"modified":"2026-02-24T23:08:55","modified_gmt":"2026-02-24T23:08:55","slug":"lot-de-2-helices-solas-duoprop-b4","status":"publish","type":"product","link":"https:\/\/stoic-curie.212-227-153-4.plesk.page\/fr\/product\/lot-de-2-helices-solas-duoprop-b4\/","title":{"rendered":"Lot de 2 h\u00e9lices Solas Duoprop B4"},"content":{"rendered":"<p>Lot de 2 h\u00e9lices Solas Duoprop B4 &#8211; <\/p>\n<p style=\"color: rgb(34, 34, 34); font-family: Arial, Helvetica, sans-serif; font-size: small;\">Jeu d&#8217;H\u00e9lices Duoprop en Aluminium Solas B4 pour Volvo Penta 280 et 290DP (Essence)<\/p>\n<ul style=\"color: rgb(34, 34, 34); font-family: Arial, Helvetica, sans-serif; font-size: small;\">\n<li>H\u00e9lice Avant : 3 Pales<\/li>\n<li>H\u00e9lice Arri\u00e8re : 4 Pales<\/li>\n<\/ul>\n<p style=\"color: rgb(34, 34, 34); font-family: Arial, Helvetica, sans-serif; font-size: small;\">Les h\u00e9lices SOLAS Duo pr\u00e9sentent un design de lame \u00e0 haut angle avec cupule, offrant un excellent levage \u00e0 l&#8217;arri\u00e8re et une acc\u00e9l\u00e9ration. Ces h\u00e9lices de style duo de rechange constituent une option de remplacement pour les ensembles d&#8217;entra\u00eenement Volvo Penta Duo. Notez cependant que la charge de l&#8217;h\u00e9lice et les tr\/mn du moteur peuvent diff\u00e9rer entre les h\u00e9lices Solas et les options du constructeur d&#8217;origine (OEM). (Ces informations de taille proviennent directement du Catalogue Solas 2013.) L&#8217;installation des h\u00e9lices de style duo de rechange Solas peut n\u00e9cessiter des outils sp\u00e9ciaux et des pi\u00e8ces OEM. Nous recommandons de consulter le manuel OEM pour les instructions d&#8217;installation appropri\u00e9es et les sp\u00e9cifications de couple.<\/p>\n<p style=\"color: rgb(34, 34, 34); font-family: Arial, Helvetica, sans-serif; font-size: small;\">Les H\u00e9lices en Aluminium Duo-Prop B de SOLAS sont con\u00e7ues pour les moteurs \u00e0 essence. La combinaison d&#8217;une h\u00e9lice avant \u00e0 3 pales et d&#8217;une h\u00e9lice arri\u00e8re \u00e0 4 pales offre une traction exceptionnelle dans l&#8217;eau.<\/p>\n<p style=\"color: rgb(34, 34, 34); font-family: Arial, Helvetica, sans-serif; font-size: small;\">Les h\u00e9lices Solas sont fabriqu\u00e9es selon un processus de moulage sous pression avanc\u00e9, les rendant plus fortes et plus durables que les produits en fonte traditionnels. Ce processus donne lieu \u00e0 une h\u00e9lice presque non poreuse avec une structure de grain plus fine par rapport aux alternatives en fonte. De plus, les h\u00e9lices en aluminium Solas sont rev\u00eatues de quatre couches de peinture, utilisant des rev\u00eatements de haute qualit\u00e9 et une technique de peinture sophistiqu\u00e9e pour garantir d&#8217;excellentes performances anti-corrosion. Chaque h\u00e9lice subit plus de 500 heures de tests dans un r\u00e9servoir de pulv\u00e9risation d&#8217;eau sal\u00e9e, simulant plus de six mois d&#8217;utilisation typique en eau sal\u00e9e.<\/p>\n<p style=\"color: rgb(34, 34, 34); font-family: Arial, Helvetica, sans-serif; font-size: small;\"><strong>Remarque :<\/strong>\u00a0Pour les moteurs d\u00e9passant les 35 n\u0153uds, nous recommandons d&#8217;utiliser l&#8217;H\u00e9lice en Acier Inoxydable de Type C.<\/p>\n","protected":false},"excerpt":{"rendered":"<p>Lot de 2 h\u00e9lices Solas Duoprop B4 &#8211; Jeu d&#8217;H\u00e9lices Duoprop en Aluminium Solas B4 pour Volvo Penta 280 et<\/p>\n","protected":false},"featured_media":5948309,"comment_status":"closed","ping_status":"closed","template":"","meta":[],"product_brand":[3409],"product_cat":[1255],"product_tag":[],"class_list":{"0":"post-1021330","1":"product","2":"type-product","3":"status-publish","4":"has-post-thumbnail","6":"product_brand-solas-fr","7":"product_cat-pieces-detachees-pour-moteurs-volvo-penta","9":"first","10":"instock","11":"shipping-taxable","12":"purchasable","13":"product-type-simple"},"_links":{"self":[{"href":"https:\/\/stoic-curie.212-227-153-4.plesk.page\/fr\/wp-json\/wp\/v2\/product\/1021330","targetHints":{"allow":["GET"]}}],"collection":[{"href":"https:\/\/stoic-curie.212-227-153-4.plesk.page\/fr\/wp-json\/wp\/v2\/product"}],"about":[{"href":"https:\/\/stoic-curie.212-227-153-4.plesk.page\/fr\/wp-json\/wp\/v2\/types\/product"}],"replies":[{"embeddable":true,"href":"https:\/\/stoic-curie.212-227-153-4.plesk.page\/fr\/wp-json\/wp\/v2\/comments?post=1021330"}],"version-history":[{"count":0,"href":"https:\/\/stoic-curie.212-227-153-4.plesk.page\/fr\/wp-json\/wp\/v2\/product\/1021330\/revisions"}],"wp:featuredmedia":[{"embeddable":true,"href":"https:\/\/stoic-curie.212-227-153-4.plesk.page\/fr\/wp-json\/wp\/v2\/media\/5948309"}],"wp:attachment":[{"href":"https:\/\/stoic-curie.212-227-153-4.plesk.page\/fr\/wp-json\/wp\/v2\/media?parent=1021330"}],"wp:term":[{"taxonomy":"product_brand","embeddable":true,"href":"https:\/\/stoic-curie.212-227-153-4.plesk.page\/fr\/wp-json\/wp\/v2\/product_brand?post=1021330"},{"taxonomy":"product_cat","embeddable":true,"href":"https:\/\/stoic-curie.212-227-153-4.plesk.page\/fr\/wp-json\/wp\/v2\/product_cat?post=1021330"},{"taxonomy":"product_tag","embeddable":true,"href":"https:\/\/stoic-curie.212-227-153-4.plesk.page\/fr\/wp-json\/wp\/v2\/product_tag?post=1021330"}],"curies":[{"name":"wp","href":"https:\/\/api.w.org\/{rel}","templated":true}]}}