{"id":1021332,"date":"2025-04-08T15:49:44","date_gmt":"2025-04-08T19:49:44","guid":{"rendered":"https:\/\/stoic-curie.212-227-153-4.plesk.page\/product\/lot-de-2-helices-solas-duoprop-b6\/"},"modified":"2026-02-24T23:08:55","modified_gmt":"2026-02-24T23:08:55","slug":"lot-de-2-helices-solas-duoprop-b6","status":"publish","type":"product","link":"https:\/\/stoic-curie.212-227-153-4.plesk.page\/fr\/product\/lot-de-2-helices-solas-duoprop-b6\/","title":{"rendered":"Lot de 2 h\u00e9lices Solas Duoprop B6"},"content":{"rendered":"<p>Lot de 2 h\u00e9lices Solas Duoprop B6 &#8211; <\/p>\n<p style=\"color: rgb(34, 34, 34); font-family: Arial, Helvetica, sans-serif; font-size: small;\">Ensemble d&#8217;h\u00e9lices en aluminium Solas Duoprop B6 pour Volvo Penta 280 et 290DP (Essence)<\/p>\n<ul style=\"color: rgb(34, 34, 34); font-family: Arial, Helvetica, sans-serif; font-size: small;\">\n<li>H\u00e9lice avant : 3 pales<\/li>\n<li>H\u00e9lice arri\u00e8re : 4 pales<\/li>\n<\/ul>\n<p style=\"color: rgb(34, 34, 34); font-family: Arial, Helvetica, sans-serif; font-size: small;\">Les h\u00e9lices SOLAS Duo disposent d&#8217;un design de pale \u00e0 forte inclinaison avec cupping, offrant un excellent soutien \u00e0 la poupe et une acc\u00e9l\u00e9ration remarquable. Ces h\u00e9lices de type duo de rechange servent d&#8217;option de remplacement pour les transmissions Volvo Penta Duo. Cependant, veuillez noter que la charge de l&#8217;h\u00e9lice et les tours par minute du moteur peuvent diff\u00e9rer entre les h\u00e9lices Solas et les options de fabricants d&#8217;\u00e9quipement d&#8217;origine (OEM). (Ces informations de taille proviennent directement du catalogue Solas 2013.) L&#8217;installation des h\u00e9lices de type duo de rechange de Solas peut n\u00e9cessiter des outils sp\u00e9ciaux et du mat\u00e9riel OEM. Assurez-vous de consulter votre manuel OEM pour l&#8217;installation appropri\u00e9e et les sp\u00e9cifications de couple.<\/p>\n<p style=\"color: rgb(34, 34, 34); font-family: Arial, Helvetica, sans-serif; font-size: small;\">Les h\u00e9lices en aluminium SOLAS Duo-Prop de la s\u00e9rie B sont con\u00e7ues pour les moteurs \u00e0 essence. La combinaison d&#8217;une h\u00e9lice frontale \u00e0 3 pales et d&#8217;une h\u00e9lice arri\u00e8re \u00e0 4 pales offre une adh\u00e9rence exceptionnelle dans l&#8217;eau.<\/p>\n<p style=\"color: rgb(34, 34, 34); font-family: Arial, Helvetica, sans-serif; font-size: small;\">Les h\u00e9lices Solas sont fabriqu\u00e9es \u00e0 l&#8217;aide d&#8217;un processus de moulage par compression avanc\u00e9, ce qui les rend plus solides et plus durables que les produits moul\u00e9s traditionnels. Cette m\u00e9thode aboutit \u00e0 une h\u00e9lice presque non poreuse avec une structure de grain plus fine. De plus, les h\u00e9lices en aluminium Solas sont recouvertes de quatre couches de peinture, utilisant des rev\u00eatements de haute qualit\u00e9 et un processus de peinture sophistiqu\u00e9 pour assurer une performance exceptionnelle contre la corrosion. Chaque h\u00e9lice subit plus de 500 heures de tests dans un r\u00e9servoir de brouillard d&#8217;eau sal\u00e9e, simulant plus de six mois d&#8217;utilisation typique en eau sal\u00e9e.<\/p>\n<p style=\"color: rgb(34, 34, 34); font-family: Arial, Helvetica, sans-serif; font-size: small;\"><strong>Remarque :<\/strong>\u00a0Pour les moteurs d\u00e9passant des vitesses de 35 n\u0153uds, il est recommand\u00e9 d&#8217;utiliser l&#8217;h\u00e9lice en acier inoxydable de type C.<\/p>\n","protected":false},"excerpt":{"rendered":"<p>Lot de 2 h\u00e9lices Solas Duoprop B6 &#8211; Ensemble d&#8217;h\u00e9lices en aluminium Solas Duoprop B6 pour Volvo Penta 280 et<\/p>\n","protected":false},"featured_media":5948309,"comment_status":"closed","ping_status":"closed","template":"","meta":[],"product_brand":[3409],"product_cat":[1255],"product_tag":[],"class_list":{"0":"post-1021332","1":"product","2":"type-product","3":"status-publish","4":"has-post-thumbnail","6":"product_brand-solas-fr","7":"product_cat-pieces-detachees-pour-moteurs-volvo-penta","9":"first","10":"instock","11":"shipping-taxable","12":"purchasable","13":"product-type-simple"},"_links":{"self":[{"href":"https:\/\/stoic-curie.212-227-153-4.plesk.page\/fr\/wp-json\/wp\/v2\/product\/1021332","targetHints":{"allow":["GET"]}}],"collection":[{"href":"https:\/\/stoic-curie.212-227-153-4.plesk.page\/fr\/wp-json\/wp\/v2\/product"}],"about":[{"href":"https:\/\/stoic-curie.212-227-153-4.plesk.page\/fr\/wp-json\/wp\/v2\/types\/product"}],"replies":[{"embeddable":true,"href":"https:\/\/stoic-curie.212-227-153-4.plesk.page\/fr\/wp-json\/wp\/v2\/comments?post=1021332"}],"version-history":[{"count":0,"href":"https:\/\/stoic-curie.212-227-153-4.plesk.page\/fr\/wp-json\/wp\/v2\/product\/1021332\/revisions"}],"wp:featuredmedia":[{"embeddable":true,"href":"https:\/\/stoic-curie.212-227-153-4.plesk.page\/fr\/wp-json\/wp\/v2\/media\/5948309"}],"wp:attachment":[{"href":"https:\/\/stoic-curie.212-227-153-4.plesk.page\/fr\/wp-json\/wp\/v2\/media?parent=1021332"}],"wp:term":[{"taxonomy":"product_brand","embeddable":true,"href":"https:\/\/stoic-curie.212-227-153-4.plesk.page\/fr\/wp-json\/wp\/v2\/product_brand?post=1021332"},{"taxonomy":"product_cat","embeddable":true,"href":"https:\/\/stoic-curie.212-227-153-4.plesk.page\/fr\/wp-json\/wp\/v2\/product_cat?post=1021332"},{"taxonomy":"product_tag","embeddable":true,"href":"https:\/\/stoic-curie.212-227-153-4.plesk.page\/fr\/wp-json\/wp\/v2\/product_tag?post=1021332"}],"curies":[{"name":"wp","href":"https:\/\/api.w.org\/{rel}","templated":true}]}}