{"id":1021333,"date":"2025-04-08T15:49:45","date_gmt":"2025-04-08T19:49:45","guid":{"rendered":"https:\/\/stoic-curie.212-227-153-4.plesk.page\/product\/transmission-pour-propulseur-vetus-60\/"},"modified":"2026-02-24T23:08:55","modified_gmt":"2026-02-24T23:08:55","slug":"transmission-pour-propulseur-vetus-60","status":"publish","type":"product","link":"https:\/\/stoic-curie.212-227-153-4.plesk.page\/fr\/product\/transmission-pour-propulseur-vetus-60\/","title":{"rendered":"Transmission pour propulseur Vetus 60kgf"},"content":{"rendered":"<p>Transmission pour propulseur Vetus 60kgf &#8211; <\/p>\n<p style=\"color: rgb(34, 34, 34); font-family: Arial, Helvetica, sans-serif; font-size: small;\">Ceci est une jambe de propulsion inf\u00e9rieure de remplacement compl\u00e8te, sp\u00e9cialement con\u00e7ue pour les mod\u00e8les Vetus BOW6012D et BOW5524D. Elle sert de pi\u00e8ce de rechange pour les h\u00e9lices avant Vetus (propulseurs avant). Si votre mod\u00e8le date d&#8217;avant 2019, veuillez v\u00e9rifier la plaque signal\u00e9tique du moteur pour garantir la compatibilit\u00e9 avant d&#8217;effectuer votre achat.<\/p>\n<p style=\"color: rgb(34, 34, 34); font-family: Arial, Helvetica, sans-serif; font-size: small;\">Ce kit comprend :<\/p>\n<ul style=\"color: rgb(34, 34, 34); font-family: Arial, Helvetica, sans-serif; font-size: small;\">\n<li>Une pi\u00e8ce de queue compl\u00e8te avec entra\u00eenement par cannelure<\/li>\n<li>Joint de tunnel<\/li>\n<li>Wedge de pi\u00e8ce de queue et joints<\/li>\n<li>Vis de fixation (M8x40 DIN84) avec rondelles \u00e9lastiques<\/li>\n<li>Pin de conduite (5 mm x 27,5 mm)<\/li>\n<li>Anode (pr\u00e9-install\u00e9e)<\/li>\n<\/ul>\n","protected":false},"excerpt":{"rendered":"<p>Transmission pour propulseur Vetus 60kgf &#8211; Ceci est une jambe de propulsion inf\u00e9rieure de remplacement compl\u00e8te, sp\u00e9cialement con\u00e7ue pour les<\/p>\n","protected":false},"featured_media":5945846,"comment_status":"closed","ping_status":"closed","template":"","meta":[],"product_brand":[3519],"product_cat":[1035],"product_tag":[],"class_list":{"0":"post-1021333","1":"product","2":"type-product","3":"status-publish","4":"has-post-thumbnail","6":"product_brand-vetus-fr","7":"product_cat-propulseurs-detrave-vetus","9":"first","10":"instock","11":"shipping-taxable","12":"purchasable","13":"product-type-simple"},"_links":{"self":[{"href":"https:\/\/stoic-curie.212-227-153-4.plesk.page\/fr\/wp-json\/wp\/v2\/product\/1021333","targetHints":{"allow":["GET"]}}],"collection":[{"href":"https:\/\/stoic-curie.212-227-153-4.plesk.page\/fr\/wp-json\/wp\/v2\/product"}],"about":[{"href":"https:\/\/stoic-curie.212-227-153-4.plesk.page\/fr\/wp-json\/wp\/v2\/types\/product"}],"replies":[{"embeddable":true,"href":"https:\/\/stoic-curie.212-227-153-4.plesk.page\/fr\/wp-json\/wp\/v2\/comments?post=1021333"}],"version-history":[{"count":0,"href":"https:\/\/stoic-curie.212-227-153-4.plesk.page\/fr\/wp-json\/wp\/v2\/product\/1021333\/revisions"}],"wp:featuredmedia":[{"embeddable":true,"href":"https:\/\/stoic-curie.212-227-153-4.plesk.page\/fr\/wp-json\/wp\/v2\/media\/5945846"}],"wp:attachment":[{"href":"https:\/\/stoic-curie.212-227-153-4.plesk.page\/fr\/wp-json\/wp\/v2\/media?parent=1021333"}],"wp:term":[{"taxonomy":"product_brand","embeddable":true,"href":"https:\/\/stoic-curie.212-227-153-4.plesk.page\/fr\/wp-json\/wp\/v2\/product_brand?post=1021333"},{"taxonomy":"product_cat","embeddable":true,"href":"https:\/\/stoic-curie.212-227-153-4.plesk.page\/fr\/wp-json\/wp\/v2\/product_cat?post=1021333"},{"taxonomy":"product_tag","embeddable":true,"href":"https:\/\/stoic-curie.212-227-153-4.plesk.page\/fr\/wp-json\/wp\/v2\/product_tag?post=1021333"}],"curies":[{"name":"wp","href":"https:\/\/api.w.org\/{rel}","templated":true}]}}