{"id":1225501,"date":"2025-04-22T16:16:44","date_gmt":"2025-04-22T20:16:44","guid":{"rendered":"https:\/\/stoic-curie.212-227-153-4.plesk.page\/product\/leve-moteur-hydraulique-cmc-pl-65-pour-moteurs-hors-bord\/"},"modified":"2026-02-24T23:08:55","modified_gmt":"2026-02-24T23:08:55","slug":"leve-moteur-hydraulique-cmc-pl-65-pour-moteurs-hors-bord","status":"publish","type":"product","link":"https:\/\/stoic-curie.212-227-153-4.plesk.page\/fr\/product\/leve-moteur-hydraulique-cmc-pl-65-pour-moteurs-hors-bord\/","title":{"rendered":"L\u00e8ve-moteur hydraulique CMC PL-65 pour moteurs hors-bord"},"content":{"rendered":"<p>L\u00e8ve-moteur hydraulique CMC PL-65 pour moteurs hors-bord &#8211; <\/p>\n<p style=\"color: rgb(34, 34, 34); font-family: Arial, Helvetica, sans-serif; font-size: small;\">Le CMC High-Speed Hydraulic Power-Lift est fabriqu\u00e9 en alliage d&#8217;aluminium 6061-T6 et est con\u00e7u pour des moteurs hors-bord allant jusqu&#8217;\u00e0 300 HP\/V6. Ce produit offre une r\u00e9sistance exceptionnelle aux environnements marins, ce qui le rend id\u00e9al pour une utilisation en eau douce et sal\u00e9e. Avec une capacit\u00e9 de levage allant jusqu&#8217;\u00e0 7 853 livres (3 500 kg), il offre un d\u00e9placement vertical de 5 pouces (127 mm) et un recul de 140 mm.<\/p>\n<p style=\"color: rgb(34, 34, 34); font-family: Arial, Helvetica, sans-serif; font-size: small;\">Ce syst\u00e8me hydraulique est enti\u00e8rement autonome, avec un cylindre et un moteur int\u00e9gr\u00e9s, ce qui \u00e9limine le besoin de pompes, de tuyaux ou de r\u00e9servoirs externes. Il comprend un indicateur de position et dispose d&#8217;un syst\u00e8me de rouleaux brevet\u00e9 qui assure un levage en douceur, une durabilit\u00e9 accrue et peu d&#8217;entretien. Ce design optimise le trim, la performance et l&#8217;acc\u00e8s au moteur sans n\u00e9cessiter de d\u00e9montage.<\/p>\n<p style=\"color: rgb(34, 34, 34); font-family: Arial, Helvetica, sans-serif; font-size: small;\">Caract\u00e9ristiques principales :<\/p>\n<ul style=\"color: rgb(34, 34, 34); font-family: Arial, Helvetica, sans-serif; font-size: small;\">\n<li>Capacit\u00e9 de levage maximale de 7 853 livres pour des moteurs de haute performance.<\/li>\n<li>Syst\u00e8me hydraulique enti\u00e8rement autonome, \u00e9liminant le besoin de tuyaux et de r\u00e9servoirs.<\/li>\n<li>Conception de rouleau brevet\u00e9e r\u00e9duisant la friction et l&#8217;entretien, \u00e9vitant les blocages.<\/li>\n<li>Course compl\u00e8te atteinte en seulement 8 secondes.<\/li>\n<li>Construit \u00e0 partir d&#8217;extrusions en aluminium 6061-T6 et s\u00e9curis\u00e9 par des attaches en acier inoxydable.<\/li>\n<li>Convient aux environnements d&#8217;eau douce et d&#8217;eau sal\u00e9e.<\/li>\n<li>Pas de soudures ou de pi\u00e8ces moul\u00e9es \u00e0 casser.<\/li>\n<li>L&#8217;actionneur hydraulique est enti\u00e8rement autonome.<\/li>\n<li>La conception des rouleaux minimise la friction, prolonge la dur\u00e9e de vie, r\u00e9duit l&#8217;entretien et \u00e9limine pratiquement les probl\u00e8mes de blocage.<\/li>\n<\/ul>\n<p style=\"color: rgb(34, 34, 34); font-family: Arial, Helvetica, sans-serif; font-size: small;\">Le CMC High-Speed Hydraulic Power-Lift Transom Jack, fiable et \u00e9tanche, a une capacit\u00e9 de levage maximale de 7 853 livres, ce qui en fait l&#8217;option la plus puissante disponible. Il peut facilement soulever un moteur V-6 300 HP \u00e0 pleine ouverture des gaz.<\/p>\n<p style=\"color: rgb(34, 34, 34); font-family: Arial, Helvetica, sans-serif; font-size: small;\">L&#8217;actionneur hydraulique est commod\u00e9ment mont\u00e9 \u00e0 l&#8217;int\u00e9rieur de la structure du Power-Lift, ce qui permet un acc\u00e8s facile sans retirer le moteur. Il n&#8217;y a pas de tuyaux \u00e0 g\u00e9rer et vous n&#8217;avez pas besoin d&#8217;installer une pompe et un r\u00e9servoir dans votre bateau, comme c&#8217;est le cas avec d&#8217;autres transom jacks. L&#8217;actionneur est enti\u00e8rement autonome avec son propre r\u00e9servoir de fluide, \u00e9liminant le besoin de r\u00e9servoirs hydrauliques suppl\u00e9mentaires et de tuyaux. Il dispose d&#8217;un moteur \u00e0 aimant permanent pour une puissance accrue et un couple constant. Le cylindre de l&#8217;actionneur a deux fois la capacit\u00e9 de levage par rapport aux autres transom jacks disponibles sur le march\u00e9 et comprend un joint d&#8217;\u00e9tanch\u00e9it\u00e9 anti-fuites et un essuie-glace pour garder la salet\u00e9 et l&#8217;eau en dehors des pi\u00e8ces mobiles. L&#8217;ensemble du syst\u00e8me est fabriqu\u00e9 \u00e0 partir de mat\u00e9riaux 100 % non ferreux, ce qui le rend r\u00e9sistant \u00e0 la fois \u00e0 l&#8217;eau sal\u00e9e et \u00e0 l&#8217;eau douce.<\/p>\n<p style=\"color: rgb(34, 34, 34); font-family: Arial, Helvetica, sans-serif; font-size: small;\">Le design de rouleau brevet\u00e9 r\u00e9duit consid\u00e9rablement la friction, prolonge l&#8217;usure, minimise l&#8217;entretien et \u00e9limine pratiquement les probl\u00e8mes de blocage courants avec d&#8217;autres transom jacks. La structure du rouleau comprend un goupille en acier inoxydable de 3\/4&#8243; et des rouleaux en alliage d&#8217;aluminium et de bronze, qui sont tr\u00e8s r\u00e9sistants aux impacts, \u00e0 la corrosion et capables de supporter de lourdes charges. Ce design innovant \u00e9limine pratiquement le risque de blocage.<\/p>\n<p style=\"color: rgb(34, 34, 34); font-family: Arial, Helvetica, sans-serif; font-size: small;\">Le mod\u00e8le PL-65 est class\u00e9 pour les moteurs V-6 et plus petits, offrant un d\u00e9placement vertical de 5 pouces avec 1,5 pouce de r\u00e9glage \u00e0 la fois sur le support de moteur et le support transom, permettant un total de 8 pouces de r\u00e9glage possible.<\/p>\n<p style=\"color: rgb(34, 34, 34); font-family: Arial, Helvetica, sans-serif; font-size: small;\">Sp\u00e9cifications :<\/p>\n<ul style=\"color: rgb(34, 34, 34); font-family: Arial, Helvetica, sans-serif; font-size: small;\">\n<li>Mat\u00e9riau : Aluminium et Acier Inoxydable<\/li>\n<li>Capacit\u00e9 : Moteurs V-6 (jusqu&#8217;\u00e0 300 HP) et plus petits<\/li>\n<li>R\u00e9glage vertical : 8 pouces<\/li>\n<\/ul>\n","protected":false},"excerpt":{"rendered":"<p>L\u00e8ve-moteur hydraulique CMC PL-65 pour moteurs hors-bord &#8211; Le CMC High-Speed Hydraulic Power-Lift est fabriqu\u00e9 en alliage d&#8217;aluminium 6061-T6 et<\/p>\n","protected":false},"featured_media":5949169,"comment_status":"closed","ping_status":"closed","template":"","meta":[],"product_brand":[3204],"product_cat":[1253],"product_tag":[],"class_list":{"0":"post-1225501","1":"product","2":"type-product","3":"status-publish","4":"has-post-thumbnail","6":"product_brand-nova-argonautica-fr","7":"product_cat-accessoires-hors-bord","9":"first","10":"outofstock","11":"shipping-taxable","12":"purchasable","13":"product-type-simple"},"_links":{"self":[{"href":"https:\/\/stoic-curie.212-227-153-4.plesk.page\/fr\/wp-json\/wp\/v2\/product\/1225501","targetHints":{"allow":["GET"]}}],"collection":[{"href":"https:\/\/stoic-curie.212-227-153-4.plesk.page\/fr\/wp-json\/wp\/v2\/product"}],"about":[{"href":"https:\/\/stoic-curie.212-227-153-4.plesk.page\/fr\/wp-json\/wp\/v2\/types\/product"}],"replies":[{"embeddable":true,"href":"https:\/\/stoic-curie.212-227-153-4.plesk.page\/fr\/wp-json\/wp\/v2\/comments?post=1225501"}],"version-history":[{"count":0,"href":"https:\/\/stoic-curie.212-227-153-4.plesk.page\/fr\/wp-json\/wp\/v2\/product\/1225501\/revisions"}],"wp:featuredmedia":[{"embeddable":true,"href":"https:\/\/stoic-curie.212-227-153-4.plesk.page\/fr\/wp-json\/wp\/v2\/media\/5949169"}],"wp:attachment":[{"href":"https:\/\/stoic-curie.212-227-153-4.plesk.page\/fr\/wp-json\/wp\/v2\/media?parent=1225501"}],"wp:term":[{"taxonomy":"product_brand","embeddable":true,"href":"https:\/\/stoic-curie.212-227-153-4.plesk.page\/fr\/wp-json\/wp\/v2\/product_brand?post=1225501"},{"taxonomy":"product_cat","embeddable":true,"href":"https:\/\/stoic-curie.212-227-153-4.plesk.page\/fr\/wp-json\/wp\/v2\/product_cat?post=1225501"},{"taxonomy":"product_tag","embeddable":true,"href":"https:\/\/stoic-curie.212-227-153-4.plesk.page\/fr\/wp-json\/wp\/v2\/product_tag?post=1225501"}],"curies":[{"name":"wp","href":"https:\/\/api.w.org\/{rel}","templated":true}]}}