{"id":1225502,"date":"2025-04-22T16:16:44","date_gmt":"2025-04-22T20:16:44","guid":{"rendered":"https:\/\/stoic-curie.212-227-153-4.plesk.page\/product\/support-hors-bord-th-marine-z-lock-jpz-4-dp-102mm\/"},"modified":"2026-02-24T23:08:55","modified_gmt":"2026-02-24T23:08:55","slug":"support-hors-bord-th-marine-z-lock-jpz-4-dp-102mm","status":"publish","type":"product","link":"https:\/\/stoic-curie.212-227-153-4.plesk.page\/fr\/product\/support-hors-bord-th-marine-z-lock-jpz-4-dp-102mm\/","title":{"rendered":"Support hors-bord TH Marine Z-LOCK JPZ-4-DP 102mm"},"content":{"rendered":"<p>Support hors-bord TH Marine Z-LOCK JPZ-4-DP 102mm &#8211; <\/p>\n<p style=\"color: rgb(34, 34, 34); font-family: Arial, Helvetica, sans-serif; font-size: small;\">Nous vous pr\u00e9sentons la plaque de levage manuelle TH Marine Z-LOCK\u2122 de 4&#8243;. Cette plaque est sp\u00e9cialement con\u00e7ue pour les moteurs hors-bord V6 et V8 d&#8217;une puissance allant jusqu&#8217;\u00e0 300 CV. Fabriqu\u00e9e en aluminium 6061-T6 de 12,7 mm d&#8217;\u00e9paisseur, elle offre une r\u00e9sistance et une durabilit\u00e9 exceptionnelles. Le design unique Z-Lock emp\u00eache le glissement lat\u00e9ral, garantissant stabilit\u00e9 et s\u00e9curit\u00e9 sur l&#8217;eau.<\/p>\n<p style=\"color: rgb(34, 34, 34); font-family: Arial, Helvetica, sans-serif; font-size: small;\">Avec un r\u00e9glage vertical de 127 mm et un recul variant de 102 \u00e0 203 mm, selon le mod\u00e8le, cette plaque est facile \u00e0 ajuster \u00e0 l&#8217;aide d&#8217;une seule vis centrale par-dessus. Elle est parfaite pour am\u00e9liorer les performances de votre bateau avec simplicit\u00e9 et efficacit\u00e9.<\/p>\n<p style=\"color: rgb(34, 34, 34); font-family: Arial, Helvetica, sans-serif; font-size: small;\"><strong>Mod\u00e8le :<\/strong> JPZ-4-DP<\/p>\n<p style=\"color: rgb(34, 34, 34); font-family: Arial, Helvetica, sans-serif; font-size: small;\"><strong>Caract\u00e9ristiques principales :<\/strong><\/p>\n<ul style=\"color: rgb(34, 34, 34); font-family: Arial, Helvetica, sans-serif; font-size: small;\">\n<li>Le design Z-Lock\u2122 \u00e9limine le glissement lat\u00e9ral<\/li>\n<li>Les profil\u00e9s cannel\u00e9s correspondants verrouillent les plaques lat\u00e9rales en place<\/li>\n<li>Fabriqu\u00e9 en aluminium de qualit\u00e9 a\u00e9ronautique r\u00e9sistant<\/li>\n<li>\u00c9paisseur totale de \u00bd&#8221; pour plus de solidit\u00e9<\/li>\n<li>Compatible avec tous les moteurs hors-bord V6 jusqu&#8217;\u00e0 300 CV<\/li>\n<li>Ajustement simple depuis le haut<\/li>\n<li>Offre 5&#8243; d&#8217;ajustement vertical<\/li>\n<\/ul>\n<p style=\"color: rgb(34, 34, 34); font-family: Arial, Helvetica, sans-serif; font-size: small; margin-bottom: 1rem;\">La plaque de levage manuelle Z-Lock de TH Marine est une excellente am\u00e9lioration de la s\u00e9rie de plaques de levage HI-JACKER\u2122, poursuivant notre engagement envers la qualit\u00e9 et la performance.<font color=\"#333333\" face=\"Open Sans, Helvetica Neue, Helvetica, Arial, sans-serif\"><span style=\"font-size: 14px;\">.<\/span><\/font><\/p>\n","protected":false},"excerpt":{"rendered":"<p>Support hors-bord TH Marine Z-LOCK JPZ-4-DP 102mm &#8211; Nous vous pr\u00e9sentons la plaque de levage manuelle TH Marine Z-LOCK\u2122 de<\/p>\n","protected":false},"featured_media":5949172,"comment_status":"closed","ping_status":"closed","template":"","meta":[],"product_brand":[3204],"product_cat":[1253],"product_tag":[],"class_list":{"0":"post-1225502","1":"product","2":"type-product","3":"status-publish","4":"has-post-thumbnail","6":"product_brand-nova-argonautica-fr","7":"product_cat-accessoires-hors-bord","9":"first","10":"instock","11":"shipping-taxable","12":"purchasable","13":"product-type-simple"},"_links":{"self":[{"href":"https:\/\/stoic-curie.212-227-153-4.plesk.page\/fr\/wp-json\/wp\/v2\/product\/1225502","targetHints":{"allow":["GET"]}}],"collection":[{"href":"https:\/\/stoic-curie.212-227-153-4.plesk.page\/fr\/wp-json\/wp\/v2\/product"}],"about":[{"href":"https:\/\/stoic-curie.212-227-153-4.plesk.page\/fr\/wp-json\/wp\/v2\/types\/product"}],"replies":[{"embeddable":true,"href":"https:\/\/stoic-curie.212-227-153-4.plesk.page\/fr\/wp-json\/wp\/v2\/comments?post=1225502"}],"version-history":[{"count":0,"href":"https:\/\/stoic-curie.212-227-153-4.plesk.page\/fr\/wp-json\/wp\/v2\/product\/1225502\/revisions"}],"wp:featuredmedia":[{"embeddable":true,"href":"https:\/\/stoic-curie.212-227-153-4.plesk.page\/fr\/wp-json\/wp\/v2\/media\/5949172"}],"wp:attachment":[{"href":"https:\/\/stoic-curie.212-227-153-4.plesk.page\/fr\/wp-json\/wp\/v2\/media?parent=1225502"}],"wp:term":[{"taxonomy":"product_brand","embeddable":true,"href":"https:\/\/stoic-curie.212-227-153-4.plesk.page\/fr\/wp-json\/wp\/v2\/product_brand?post=1225502"},{"taxonomy":"product_cat","embeddable":true,"href":"https:\/\/stoic-curie.212-227-153-4.plesk.page\/fr\/wp-json\/wp\/v2\/product_cat?post=1225502"},{"taxonomy":"product_tag","embeddable":true,"href":"https:\/\/stoic-curie.212-227-153-4.plesk.page\/fr\/wp-json\/wp\/v2\/product_tag?post=1225502"}],"curies":[{"name":"wp","href":"https:\/\/api.w.org\/{rel}","templated":true}]}}