{"id":1225503,"date":"2025-04-22T16:16:44","date_gmt":"2025-04-22T20:16:44","guid":{"rendered":"https:\/\/stoic-curie.212-227-153-4.plesk.page\/product\/support-outboard-th-marine-z-lock-jpz-6-dp-152mm\/"},"modified":"2026-02-24T23:08:55","modified_gmt":"2026-02-24T23:08:55","slug":"support-outboard-th-marine-z-lock-jpz-6-dp-152mm","status":"publish","type":"product","link":"https:\/\/stoic-curie.212-227-153-4.plesk.page\/fr\/product\/support-outboard-th-marine-z-lock-jpz-6-dp-152mm\/","title":{"rendered":"Support OutBoard TH Marine Z-LOCK JPZ-6-DP 152mm"},"content":{"rendered":"<p>Support OutBoard TH Marine Z-LOCK JPZ-6-DP 152mm &#8211; <\/p>\n<p style=\"color: rgb(34, 34, 34); font-family: Arial, Helvetica, sans-serif; font-size: small;\">Nous vous pr\u00e9sentons les plaques de cric manuelles Z-Lock, sp\u00e9cialement con\u00e7ues pour les moteurs hors-bord V6 et V8 d&#8217;une puissance allant jusqu&#8217;\u00e0 300 CV. Fabriqu\u00e9es en aluminium 6061-T6 d&#8217;une \u00e9paisseur de 12,7 mm, ces plaques de cric offrent une r\u00e9sistance et une durabilit\u00e9 exceptionnelles. Le design unique Z-Lock emp\u00eache le glissement lat\u00e9ral, garantissant stabilit\u00e9 et s\u00e9curit\u00e9 pendant l&#8217;utilisation. Avec 127 mm de r\u00e9glage vertical et un d\u00e9calage qui varie de 102 \u00e0 203 mm selon le mod\u00e8le, ces plaques sont faciles \u00e0 ajuster \u00e0 l&#8217;aide d&#8217;un seul boulon central par le haut. La plaque de cric Z-Lock de T-H Marine est parfaite pour am\u00e9liorer les performances de votre bateau avec simplicit\u00e9 et efficacit\u00e9.<\/p>\n<p style=\"color: rgb(34, 34, 34); font-family: Arial, Helvetica, sans-serif; font-size: small;\">Caract\u00e9ristiques cl\u00e9s :<\/p>\n<ul style=\"color: rgb(34, 34, 34); font-family: Arial, Helvetica, sans-serif; font-size: small;\">\n<li>Design Z-Lock\u2122 : \u00c9limine efficacement le glissement lat\u00e9ral.<\/li>\n<li>Construction robuste : Fabriqu\u00e9e en aluminium de qualit\u00e9 a\u00e9ronautique avec une \u00e9paisseur totale de 1\/2&#8243; pour une r\u00e9sistance accrue.<\/li>\n<li>Retraits polyvalents : Disponible en cinq options (4&#8243;, 6&#8243;, 8&#8243;, 10&#8243; et 12&#8243;) avec un r\u00e9glage vertical de 5&#8243;.<\/li>\n<li>Ajustement facile : Con\u00e7u pour des ajustements pratiques depuis le haut du cric.<\/li>\n<li>Compatible : Convient \u00e0 tous les hors-bord V6 et V8 jusqu&#8217;\u00e0 300 CV.<\/li>\n<\/ul>\n<p style=\"color: rgb(34, 34, 34); font-family: Arial, Helvetica, sans-serif; font-size: small;\">Sp\u00e9cifications :<\/p>\n<ul style=\"color: rgb(34, 34, 34); font-family: Arial, Helvetica, sans-serif; font-size: small;\">\n<li>Mat\u00e9riau : Aluminium de qualit\u00e9 a\u00e9ronautique de 1\/2&#8243;<\/li>\n<li>Cotation moteur : Hors-bord V6 et V8 jusqu&#8217;\u00e0 300 CV<\/li>\n<li>Retraits disponibles : 4&#8243;, 6&#8243;, 8&#8243;, 10&#8243; et 12&#8243;<\/li>\n<li>Ajustement vertical : 5&#8243;<\/li>\n<\/ul>\n<p style=\"color: rgb(34, 34, 34); font-family: Arial, Helvetica, sans-serif; font-size: small;\">La plaque de cric Z-Lock est un excellent choix pour les passionn\u00e9s de bateaux qui recherchent \u00e0 optimiser les performances de leur embarcation tout en garantissant fiabilit\u00e9 et facilit\u00e9 d&#8217;utilisation.<\/p>\n","protected":false},"excerpt":{"rendered":"<p>Support OutBoard TH Marine Z-LOCK JPZ-6-DP 152mm &#8211; Nous vous pr\u00e9sentons les plaques de cric manuelles Z-Lock, sp\u00e9cialement con\u00e7ues pour<\/p>\n","protected":false},"featured_media":5949172,"comment_status":"closed","ping_status":"closed","template":"","meta":[],"product_brand":[3204],"product_cat":[1253],"product_tag":[],"class_list":{"0":"post-1225503","1":"product","2":"type-product","3":"status-publish","4":"has-post-thumbnail","6":"product_brand-nova-argonautica-fr","7":"product_cat-accessoires-hors-bord","9":"first","10":"instock","11":"shipping-taxable","12":"purchasable","13":"product-type-simple"},"_links":{"self":[{"href":"https:\/\/stoic-curie.212-227-153-4.plesk.page\/fr\/wp-json\/wp\/v2\/product\/1225503","targetHints":{"allow":["GET"]}}],"collection":[{"href":"https:\/\/stoic-curie.212-227-153-4.plesk.page\/fr\/wp-json\/wp\/v2\/product"}],"about":[{"href":"https:\/\/stoic-curie.212-227-153-4.plesk.page\/fr\/wp-json\/wp\/v2\/types\/product"}],"replies":[{"embeddable":true,"href":"https:\/\/stoic-curie.212-227-153-4.plesk.page\/fr\/wp-json\/wp\/v2\/comments?post=1225503"}],"version-history":[{"count":0,"href":"https:\/\/stoic-curie.212-227-153-4.plesk.page\/fr\/wp-json\/wp\/v2\/product\/1225503\/revisions"}],"wp:featuredmedia":[{"embeddable":true,"href":"https:\/\/stoic-curie.212-227-153-4.plesk.page\/fr\/wp-json\/wp\/v2\/media\/5949172"}],"wp:attachment":[{"href":"https:\/\/stoic-curie.212-227-153-4.plesk.page\/fr\/wp-json\/wp\/v2\/media?parent=1225503"}],"wp:term":[{"taxonomy":"product_brand","embeddable":true,"href":"https:\/\/stoic-curie.212-227-153-4.plesk.page\/fr\/wp-json\/wp\/v2\/product_brand?post=1225503"},{"taxonomy":"product_cat","embeddable":true,"href":"https:\/\/stoic-curie.212-227-153-4.plesk.page\/fr\/wp-json\/wp\/v2\/product_cat?post=1225503"},{"taxonomy":"product_tag","embeddable":true,"href":"https:\/\/stoic-curie.212-227-153-4.plesk.page\/fr\/wp-json\/wp\/v2\/product_tag?post=1225503"}],"curies":[{"name":"wp","href":"https:\/\/api.w.org\/{rel}","templated":true}]}}