{"id":1225506,"date":"2025-04-22T16:16:45","date_gmt":"2025-04-22T20:16:45","guid":{"rendered":"https:\/\/stoic-curie.212-227-153-4.plesk.page\/product\/dinghy-eurovinil-modele-inflatable-plus-180\/"},"modified":"2026-02-24T23:08:55","modified_gmt":"2026-02-24T23:08:55","slug":"dinghy-eurovinil-modele-inflatable-plus-180","status":"publish","type":"product","link":"https:\/\/stoic-curie.212-227-153-4.plesk.page\/fr\/product\/dinghy-eurovinil-modele-inflatable-plus-180\/","title":{"rendered":"Dinghy Eurovinil Mod\u00e8le : Inflatable Plus 180"},"content":{"rendered":"<p>Dinghy Eurovinil Mod\u00e8le : Inflatable Plus 180 &#8211; <\/p>\n<p>Nous vous pr\u00e9sentons notre annexe, fabriqu\u00e9e \u00e0 partir d&#8217;un tissu 1100D \u00e0 haute r\u00e9sistance avec un rev\u00eatement en PVC soud\u00e9 \u00e0 chaud. Ce mod\u00e8le pr\u00e9sente une quille en V gonflable unique r\u00e9alis\u00e9e en tissu DropStitch et un fond Airmat, garantissant une excellente rigidit\u00e9, r\u00e9sistance \u00e0 l&#8217;abrasion et stabilit\u00e9 lors de la navigation.<\/p>\n<p>L&#8217;annexe est con\u00e7ue avec de grands tubes et une bande anticrevaison, ce qui facilite le d\u00e9gonflage et le rangement dans un placard.<\/p>\n<p>Avec votre achat, vous recevrez une pompe, un kit de r\u00e9paration, des rames, un banc, une corde d&#8217;amarrage et un sac de transport. Cette ligne gonflable est le meilleur vendeur de Eurovinil, d\u00e9montrant leur vaste exp\u00e9rience dans le secteur des bateaux pneumatiques. Elle dispose d&#8217;une quille en V gonflable et d&#8217;un dunnage \u00ab air mat \u00bb sp\u00e9cial fabriqu\u00e9 avec du tissu DropStitch, offrant une rigidit\u00e9 exceptionnelle et une r\u00e9sistance aux crevaisons et \u00e0 l&#8217;usure.<\/p>\n<p>Le banc coulissant standard permet \u00e0 chaque utilisateur de trouver sa position pr\u00e9f\u00e9r\u00e9e, facilitant l&#8217;entr\u00e9e dans l&#8217;annexe dans toutes les situations et avec toutes les charges \u00e0 bord. De plus, l&#8217;aile anti-projection emp\u00eache l&#8217;eau d&#8217;entrer dans les structures tubulaires, m\u00eame lorsqu&#8217;elles sont compl\u00e8tement charg\u00e9es.<\/p>\n<p>Cette annexe peut \u00eatre facilement d\u00e9gonfl\u00e9e et rang\u00e9e dans un placard, plac\u00e9e \u00e0 l&#8217;envers sur le pont avant ou sur le toit du pont, ou fix\u00e9e aux davits arri\u00e8re. Son design compact permet un rangement pratique partout \u00e0 bord, offrant le confort d&#8217;une annexe sans sacrifier l&#8217;espace de vie. La gamme comprend six longueurs diff\u00e9rentes pour r\u00e9pondre \u00e0 divers besoins.<\/p>\n<p><strong>Sp\u00e9cifications Eurovinil Inflatable Plus :<\/strong><\/p>\n<table>\n<thead>\n<tr>\n<th>Mod\u00e8le<\/th>\n<th>Longueur totale (cm)<\/th>\n<th>Largeur totale (cm)<\/th>\n<th>Longueur interne (cm)<\/th>\n<th>Largeur interne (cm)<\/th>\n<th>Hauteur de l&#8217;\u00e9trave (cm)<\/th>\n<th>Hauteur de la transom (cm)<\/th>\n<th>Diam\u00e8tre des structures tubulaires (cm)<\/th>\n<th>Nombre de personnes<\/th>\n<th>Nombre de chambres<\/th>\n<th>Poids (kg)<\/th>\n<th>Puissance maximum (HP)<\/th>\n<th>Arbre<\/th>\n<th>Dimension lorsqu&#8217;enroul\u00e9e (cm)<\/th>\n<\/tr>\n<\/thead>\n<tbody>\n<tr>\n<td>PLUS 160<\/td>\n<td>160<\/td>\n<td>118<\/td>\n<td>98<\/td>\n<td>54<\/td>\n<td>54<\/td>\n<td>32<\/td>\n<td>32<\/td>\n<td>1<\/td>\n<td>4<\/td>\n<td>14<\/td>\n<td>2.5<\/td>\n<td>Courte<\/td>\n<td>60 x 40 x 50<\/td>\n<\/tr>\n<tr>\n<td>PLUS 180<\/td>\n<td>180<\/td>\n<td>129<\/td>\n<td>117<\/td>\n<td>56<\/td>\n<td>54<\/td>\n<td>32<\/td>\n<td>32<\/td>\n<td>2<\/td>\n<td>4<\/td>\n<td>15.5<\/td>\n<td>2.5<\/td>\n<td>Courte<\/td>\n<td>70 x 40 x 50<\/td>\n<\/tr>\n<tr>\n<td>PLUS 200<\/td>\n<td>200<\/td>\n<td>129<\/td>\n<td>130<\/td>\n<td>63<\/td>\n<td>54<\/td>\n<td>34<\/td>\n<td>34<\/td>\n<td>3<\/td>\n<td>4<\/td>\n<td>17<\/td>\n<td>3.5<\/td>\n<td>Courte<\/td>\n<td>80 x 40 x 50<\/td>\n<\/tr>\n<tr>\n<td>PLUS 230<\/td>\n<td>230<\/td>\n<td>131<\/td>\n<td>157<\/td>\n<td>63<\/td>\n<td>54<\/td>\n<td>34<\/td>\n<td>34<\/td>\n<td>3<\/td>\n<td>4<\/td>\n<td>18<\/td>\n<td>4.5<\/td>\n<td>Courte<\/td>\n<td>80 x 40 x 50<\/td>\n<\/tr>\n<tr>\n<td>PLUS 250<\/td>\n<td>250<\/td>\n<td>131<\/td>\n<td>177<\/td>\n<td>67<\/td>\n<td>57<\/td>\n<td>34<\/td>\n<td>34<\/td>\n<td>4<\/td>\n<td>4<\/td>\n<td>23<\/td>\n<td>5.5<\/td>\n<td>Courte<\/td>\n<td>85 x 40 x 50<\/td>\n<\/tr>\n<tr>\n<td>PLUS 270<\/td>\n<td>270<\/td>\n<td>135<\/td>\n<td>193<\/td>\n<td>67<\/td>\n<td>57<\/td>\n<td>34<\/td>\n<td>34<\/td>\n<td>4<\/td>\n<td>4<\/td>\n<td>28<\/td>\n<td>5.5<\/td>\n<td>Courte<\/td>\n<td>90 x 40 x 50<\/td>\n<\/tr>\n<\/tbody>\n<\/table>\n<p>Nous vous invitons \u00e0 explorer notre gamme d&#8217;annexes et \u00e0 d\u00e9couvrir la qualit\u00e9 et le confort qu&#8217;elle offre pour vos aventures nautiques.<\/p>\n","protected":false},"excerpt":{"rendered":"<p>Dinghy Eurovinil Mod\u00e8le : Inflatable Plus 180 &#8211; Nous vous pr\u00e9sentons notre annexe, fabriqu\u00e9e \u00e0 partir d&#8217;un tissu 1100D \u00e0<\/p>\n","protected":false},"featured_media":5937418,"comment_status":"closed","ping_status":"closed","template":"","meta":[],"product_brand":[2924],"product_cat":[1259],"product_tag":[],"class_list":{"0":"post-1225506","1":"product","2":"type-product","3":"status-publish","4":"has-post-thumbnail","6":"product_brand-eurovinil-fr","7":"product_cat-annexes-gonflables-et-tender","9":"first","10":"instock","11":"shipping-taxable","12":"purchasable","13":"product-type-simple"},"_links":{"self":[{"href":"https:\/\/stoic-curie.212-227-153-4.plesk.page\/fr\/wp-json\/wp\/v2\/product\/1225506","targetHints":{"allow":["GET"]}}],"collection":[{"href":"https:\/\/stoic-curie.212-227-153-4.plesk.page\/fr\/wp-json\/wp\/v2\/product"}],"about":[{"href":"https:\/\/stoic-curie.212-227-153-4.plesk.page\/fr\/wp-json\/wp\/v2\/types\/product"}],"replies":[{"embeddable":true,"href":"https:\/\/stoic-curie.212-227-153-4.plesk.page\/fr\/wp-json\/wp\/v2\/comments?post=1225506"}],"version-history":[{"count":0,"href":"https:\/\/stoic-curie.212-227-153-4.plesk.page\/fr\/wp-json\/wp\/v2\/product\/1225506\/revisions"}],"wp:featuredmedia":[{"embeddable":true,"href":"https:\/\/stoic-curie.212-227-153-4.plesk.page\/fr\/wp-json\/wp\/v2\/media\/5937418"}],"wp:attachment":[{"href":"https:\/\/stoic-curie.212-227-153-4.plesk.page\/fr\/wp-json\/wp\/v2\/media?parent=1225506"}],"wp:term":[{"taxonomy":"product_brand","embeddable":true,"href":"https:\/\/stoic-curie.212-227-153-4.plesk.page\/fr\/wp-json\/wp\/v2\/product_brand?post=1225506"},{"taxonomy":"product_cat","embeddable":true,"href":"https:\/\/stoic-curie.212-227-153-4.plesk.page\/fr\/wp-json\/wp\/v2\/product_cat?post=1225506"},{"taxonomy":"product_tag","embeddable":true,"href":"https:\/\/stoic-curie.212-227-153-4.plesk.page\/fr\/wp-json\/wp\/v2\/product_tag?post=1225506"}],"curies":[{"name":"wp","href":"https:\/\/api.w.org\/{rel}","templated":true}]}}