{"id":1389192,"date":"2025-05-12T12:26:58","date_gmt":"2025-05-12T16:26:58","guid":{"rendered":"https:\/\/stoic-curie.212-227-153-4.plesk.page\/product\/glomex-webboat-link-haute-vitesse\/"},"modified":"2026-02-24T23:08:55","modified_gmt":"2026-02-24T23:08:55","slug":"glomex-webboat-link-haute-vitesse","status":"publish","type":"product","link":"https:\/\/stoic-curie.212-227-153-4.plesk.page\/fr\/product\/glomex-webboat-link-haute-vitesse\/","title":{"rendered":"Glomex weBBoat Link Haute Vitesse"},"content":{"rendered":"<p>Glomex weBBoat Link Haute Vitesse &#8211; <\/p>\n<p style=\"color: rgb(34, 34, 34); font-family: Arial, Helvetica, sans-serif; font-size: small;\">D\u00e9couvrez l&#8217;antenne routeur Wi-Fi 4G\/LTE Link de Glomex, con\u00e7ue pour am\u00e9liorer la r\u00e9ception de votre signal Internet et GSM jusqu&#8217;\u00e0 10 miles au large. Cet appareil sert de point d&#8217;acc\u00e8s Wi-Fi et de routeur \u00e0 bord, vous permettant de connecter divers appareils, tels que smartphones, PC ou tablettes, \u00e0 votre r\u00e9seau. Sp\u00e9cialement con\u00e7u pour l&#8217;environnement marin, il dispose d&#8217;un emplacement SIM pour les connexions GSM et d&#8217;une entr\u00e9e SAT qui commutent automatiquement entre les syst\u00e8mes pour contribuer \u00e0 la r\u00e9duction des co\u00fbts. Vous pouvez g\u00e9rer l&#8217;appareil via une application d\u00e9di\u00e9e gratuite, offrant une interface conviviale et une configuration APN automatique.<\/p>\n<p style=\"color: rgb(34, 34, 34); font-family: Arial, Helvetica, sans-serif; font-size: small;\">Le weBBoat\u00ae Link High Speed (code IT1304HS) est une nouvelle unit\u00e9 int\u00e9rieure 4G\/Wi-Fi \u00e0 SIM unique, con\u00e7ue pour l&#8217;acc\u00e8s Internet c\u00f4tier et ouvert. Il fournit un point d&#8217;acc\u00e8s Wi-Fi s\u00e9curis\u00e9 \u00e0 l&#8217;int\u00e9rieur et \u00e0 l&#8217;ext\u00e9rieur de votre bateau, en utilisant des antennes 4G et Wi-Fi int\u00e9gr\u00e9es pour des connexions rapides jusqu&#8217;\u00e0 10 miles de la c\u00f4te.<\/p>\n<p style=\"color: rgb(34, 34, 34); font-family: Arial, Helvetica, sans-serif; font-size: small;\">\u00c9quip\u00e9 de deux antennes 4G de diversit\u00e9 et de deux antennes MIMO Wi-Fi de 2,4 GHz, le weBBoat\u00ae Link High Speed dispose d&#8217;un routeur 4G\/Wi-Fi haute vitesse qui cr\u00e9e un point d&#8217;acc\u00e8s s\u00fbr pour votre bateau ou votre camping-car. Il garantit des vitesses de connexion \u00e9lev\u00e9es allant jusqu&#8217;\u00e0 300 Mbps pour les t\u00e9l\u00e9chargements, vous permettant de naviguer sur le web, de passer des appels vid\u00e9o et de diffuser du contenu le long de la c\u00f4te. De plus, il comprend un puissant processeur \u00e0 double c\u0153ur et une fonctionnalit\u00e9 d&#8217;agr\u00e9gation de porteuses pour optimiser les vitesses de transfert de donn\u00e9es et maximiser votre potentiel Internet. Avec le syst\u00e8me weBBoat\u00ae Link, vous pouvez connecter jusqu&#8217;\u00e0 24 appareils simultan\u00e9ment sans compromettre la qualit\u00e9 ou les performances du signal.<\/p>\n<p style=\"color: rgb(34, 34, 34); font-family: Arial, Helvetica, sans-serif; font-size: small;\">Le weBBoat\u00ae Link est un appareil compact Plug &amp; Play qui n\u00e9cessite peu de configuration. Il prend en charge plusieurs m\u00e9thodes de connexion Internet, vous permettant de combiner satellite, cellulaire, Wi-Fi ou tout service de ligne fixe disponible en un seul syst\u00e8me Internet \u00e0 bord. Cela garantit une connexion Internet continue pendant que vous naviguez, que ce soit pr\u00e8s de la c\u00f4te ou en mer. \u00c0 mesure que votre bateau s&#8217;\u00e9loigne du port, le weBBoat\u00ae Link perdra l&#8217;acc\u00e8s au Wi-Fi de la marina mais maintiendra la connectivit\u00e9 cellulaire et satellite.<\/p>\n<p style=\"color: rgb(34, 34, 34); font-family: Arial, Helvetica, sans-serif; font-size: small;\">Les principales caract\u00e9ristiques du weBBoat\u00ae Link High Speed incluent :<\/p>\n<ul style=\"color: rgb(34, 34, 34); font-family: Arial, Helvetica, sans-serif; font-size: small;\">\n<li><strong>APN automatique<\/strong> : Simplifie et acc\u00e9l\u00e8re la configuration en s\u00e9lectionnant automatiquement l&#8217;APN de votre op\u00e9rateur de carte SIM.<\/li>\n<li><strong>Gestion via Glomex webUI ou App<\/strong> : G\u00e9rez et configurez facilement votre syst\u00e8me de connexion Internet \u00e0 bord. Vous pouvez \u00e9galement lire\/envoyer des SMS, v\u00e9rifier le cr\u00e9dit SIM et surveiller l&#8217;utilisation des donn\u00e9es Internet cellulaires.<\/li>\n<li><strong>Fonction de priorit\u00e9<\/strong> : Choisissez quel type de connexion utiliser et d\u00e9finissez leur ordre de priorit\u00e9. En g\u00e9n\u00e9ral, les liens \u00e0 plus haute priorit\u00e9 sont les options abordables \u00e0 large bande (Wi-Fi de marina, puis cellulaire), tandis que la connexion Internet par satellite a la priorit\u00e9 la plus basse.<\/li>\n<li><strong>Connexion peer-to-peer en temps r\u00e9el crypt\u00e9e<\/strong> : Permet une configuration et un service \u00e0 distance.<\/li>\n<\/ul>\n<p style=\"color: rgb(34, 34, 34); font-family: Arial, Helvetica, sans-serif; font-size: small;\"><strong>Sp\u00e9cifications techniques :<\/strong><\/p>\n<ul style=\"color: rgb(34, 34, 34); font-family: Arial, Helvetica, sans-serif; font-size: small;\">\n<li>Syst\u00e8me \u00e0 Micro SIM unique<\/li>\n<li>LTE CAT6 : Vitesse de t\u00e9l\u00e9chargement jusqu&#8217;\u00e0 300Mbps<\/li>\n<li>DC-HSPA+ : Vitesse de t\u00e9l\u00e9chargement maximale de 42Mbps<\/li>\n<li>Mode sans fil : IEEE 802.11b\/g\/n<\/li>\n<li>Processeur : 650MHz (mis \u00e0 jour depuis 400MHz standard)<\/li>\n<li>RAM : 128MB (mis \u00e0 jour depuis 64MB standard)<\/li>\n<li>Commutation automatique entre r\u00e9seaux Wi-Fi enregistr\u00e9s et 4G<\/li>\n<li>Configuration APN automatique<\/li>\n<li>Fonction de gestion des SMS<\/li>\n<li>Mode de commutation Internet V-SAT\/SAT automatique<\/li>\n<li>Transfert de donn\u00e9es cellulaires vers Wi-Fi externe<\/li>\n<li>Connexion peer-to-peer en temps r\u00e9el crypt\u00e9e pour configuration et service \u00e0 distance<\/li>\n<li>Fonction WAN de secours 4G<\/li>\n<li>Alimentation : 10\/30 Vdc<\/li>\n<\/ul>\n<p style=\"color: rgb(34, 34, 34); font-family: Arial, Helvetica, sans-serif; font-size: small;\">Avec le weBBoat\u00ae Link High Speed, vous pouvez profiter d&#8217;un acc\u00e8s Internet fiable sur votre bateau, vous assurant de rester connect\u00e9 o\u00f9 que vos aventures vous m\u00e8nent.<\/p>\n","protected":false},"excerpt":{"rendered":"<p>Glomex weBBoat Link Haute Vitesse &#8211; D\u00e9couvrez l&#8217;antenne routeur Wi-Fi 4G\/LTE Link de Glomex, con\u00e7ue pour am\u00e9liorer la r\u00e9ception de<\/p>\n","protected":false},"featured_media":5949189,"comment_status":"closed","ping_status":"closed","template":"","meta":[],"product_brand":[2979],"product_cat":[1180,1170],"product_tag":[],"class_list":{"0":"post-1389192","1":"product","2":"type-product","3":"status-publish","4":"has-post-thumbnail","6":"product_brand-glomex-fr","7":"product_cat-antennes-tv","8":"product_cat-electronique","10":"first","11":"instock","12":"shipping-taxable","13":"purchasable","14":"product-type-simple"},"_links":{"self":[{"href":"https:\/\/stoic-curie.212-227-153-4.plesk.page\/fr\/wp-json\/wp\/v2\/product\/1389192","targetHints":{"allow":["GET"]}}],"collection":[{"href":"https:\/\/stoic-curie.212-227-153-4.plesk.page\/fr\/wp-json\/wp\/v2\/product"}],"about":[{"href":"https:\/\/stoic-curie.212-227-153-4.plesk.page\/fr\/wp-json\/wp\/v2\/types\/product"}],"replies":[{"embeddable":true,"href":"https:\/\/stoic-curie.212-227-153-4.plesk.page\/fr\/wp-json\/wp\/v2\/comments?post=1389192"}],"version-history":[{"count":0,"href":"https:\/\/stoic-curie.212-227-153-4.plesk.page\/fr\/wp-json\/wp\/v2\/product\/1389192\/revisions"}],"wp:featuredmedia":[{"embeddable":true,"href":"https:\/\/stoic-curie.212-227-153-4.plesk.page\/fr\/wp-json\/wp\/v2\/media\/5949189"}],"wp:attachment":[{"href":"https:\/\/stoic-curie.212-227-153-4.plesk.page\/fr\/wp-json\/wp\/v2\/media?parent=1389192"}],"wp:term":[{"taxonomy":"product_brand","embeddable":true,"href":"https:\/\/stoic-curie.212-227-153-4.plesk.page\/fr\/wp-json\/wp\/v2\/product_brand?post=1389192"},{"taxonomy":"product_cat","embeddable":true,"href":"https:\/\/stoic-curie.212-227-153-4.plesk.page\/fr\/wp-json\/wp\/v2\/product_cat?post=1389192"},{"taxonomy":"product_tag","embeddable":true,"href":"https:\/\/stoic-curie.212-227-153-4.plesk.page\/fr\/wp-json\/wp\/v2\/product_tag?post=1389192"}],"curies":[{"name":"wp","href":"https:\/\/api.w.org\/{rel}","templated":true}]}}