{"id":3329303,"date":"2025-10-09T21:55:50","date_gmt":"2025-10-10T01:55:50","guid":{"rendered":"https:\/\/stoic-curie.212-227-153-4.plesk.page\/product\/essuie-glace-manuel-tmc-280mm\/"},"modified":"2026-02-24T23:08:02","modified_gmt":"2026-02-24T23:08:02","slug":"essuie-glace-manuel-tmc-280mm","status":"publish","type":"product","link":"https:\/\/stoic-curie.212-227-153-4.plesk.page\/fr\/product\/essuie-glace-manuel-tmc-280mm\/","title":{"rendered":"Essuie-glace manuel TMC 280mm"},"content":{"rendered":"<p>Essuie-glace manuel TMC 280mm &#8211; Essuie-glace manuel avec manche en laiton chrom\u00e9, complet avec bras t\u00e9lescopique en acier inoxydable de mm. 190 \u00e0 mm. 280 (3838281) et brosse en acier inoxydable, longueur mm. 280 (Article 3838282).<\/p>\n","protected":false},"excerpt":{"rendered":"<p>Essuie-glace manuel TMC 280mm &#8211; Essuie-glace manuel avec manche en laiton chrom\u00e9, complet avec bras t\u00e9lescopique en acier inoxydable de<\/p>\n","protected":false},"featured_media":5935625,"comment_status":"closed","ping_status":"closed","template":"","meta":[],"product_brand":[3234],"product_cat":[1161],"product_tag":[],"class_list":{"0":"post-3329303","1":"product","2":"type-product","3":"status-publish","4":"has-post-thumbnail","6":"product_brand-osculati-fr","7":"product_cat-essuie-glaces","9":"first","10":"instock","11":"shipping-taxable","12":"purchasable","13":"product-type-simple"},"_links":{"self":[{"href":"https:\/\/stoic-curie.212-227-153-4.plesk.page\/fr\/wp-json\/wp\/v2\/product\/3329303","targetHints":{"allow":["GET"]}}],"collection":[{"href":"https:\/\/stoic-curie.212-227-153-4.plesk.page\/fr\/wp-json\/wp\/v2\/product"}],"about":[{"href":"https:\/\/stoic-curie.212-227-153-4.plesk.page\/fr\/wp-json\/wp\/v2\/types\/product"}],"replies":[{"embeddable":true,"href":"https:\/\/stoic-curie.212-227-153-4.plesk.page\/fr\/wp-json\/wp\/v2\/comments?post=3329303"}],"version-history":[{"count":0,"href":"https:\/\/stoic-curie.212-227-153-4.plesk.page\/fr\/wp-json\/wp\/v2\/product\/3329303\/revisions"}],"wp:featuredmedia":[{"embeddable":true,"href":"https:\/\/stoic-curie.212-227-153-4.plesk.page\/fr\/wp-json\/wp\/v2\/media\/5935625"}],"wp:attachment":[{"href":"https:\/\/stoic-curie.212-227-153-4.plesk.page\/fr\/wp-json\/wp\/v2\/media?parent=3329303"}],"wp:term":[{"taxonomy":"product_brand","embeddable":true,"href":"https:\/\/stoic-curie.212-227-153-4.plesk.page\/fr\/wp-json\/wp\/v2\/product_brand?post=3329303"},{"taxonomy":"product_cat","embeddable":true,"href":"https:\/\/stoic-curie.212-227-153-4.plesk.page\/fr\/wp-json\/wp\/v2\/product_cat?post=3329303"},{"taxonomy":"product_tag","embeddable":true,"href":"https:\/\/stoic-curie.212-227-153-4.plesk.page\/fr\/wp-json\/wp\/v2\/product_tag?post=3329303"}],"curies":[{"name":"wp","href":"https:\/\/api.w.org\/{rel}","templated":true}]}}