{"id":3329313,"date":"2025-10-09T21:55:50","date_gmt":"2025-10-10T01:55:50","guid":{"rendered":"https:\/\/stoic-curie.212-227-153-4.plesk.page\/product\/connecteur-ultraflex-pour-poignees-a-levier-morse\/"},"modified":"2026-02-24T23:08:02","modified_gmt":"2026-02-24T23:08:02","slug":"connecteur-ultraflex-pour-poignees-a-levier-morse","status":"publish","type":"product","link":"https:\/\/stoic-curie.212-227-153-4.plesk.page\/fr\/product\/connecteur-ultraflex-pour-poignees-a-levier-morse\/","title":{"rendered":"Connecteur Ultraflex pour Poign\u00e9es \u00e0 Levier Morse"},"content":{"rendered":"<p>Connecteur Ultraflex pour Poign\u00e9es \u00e0 Levier Morse &#8211; Accessoires de commande des leviers.<\/p>\n","protected":false},"excerpt":{"rendered":"<p>Connecteur Ultraflex pour Poign\u00e9es \u00e0 Levier Morse &#8211; Accessoires de commande des leviers.<\/p>\n","protected":false},"featured_media":5935631,"comment_status":"closed","ping_status":"closed","template":"","meta":[],"product_brand":[3499],"product_cat":[1210,1217],"product_tag":[],"class_list":{"0":"post-3329313","1":"product","2":"type-product","3":"status-publish","4":"has-post-thumbnail","6":"product_brand-ultraflex-uflex-fr","7":"product_cat-cables-de-commande-morse","8":"product_cat-commandes-morse","10":"first","11":"instock","12":"shipping-taxable","13":"purchasable","14":"product-type-simple"},"_links":{"self":[{"href":"https:\/\/stoic-curie.212-227-153-4.plesk.page\/fr\/wp-json\/wp\/v2\/product\/3329313","targetHints":{"allow":["GET"]}}],"collection":[{"href":"https:\/\/stoic-curie.212-227-153-4.plesk.page\/fr\/wp-json\/wp\/v2\/product"}],"about":[{"href":"https:\/\/stoic-curie.212-227-153-4.plesk.page\/fr\/wp-json\/wp\/v2\/types\/product"}],"replies":[{"embeddable":true,"href":"https:\/\/stoic-curie.212-227-153-4.plesk.page\/fr\/wp-json\/wp\/v2\/comments?post=3329313"}],"version-history":[{"count":0,"href":"https:\/\/stoic-curie.212-227-153-4.plesk.page\/fr\/wp-json\/wp\/v2\/product\/3329313\/revisions"}],"wp:featuredmedia":[{"embeddable":true,"href":"https:\/\/stoic-curie.212-227-153-4.plesk.page\/fr\/wp-json\/wp\/v2\/media\/5935631"}],"wp:attachment":[{"href":"https:\/\/stoic-curie.212-227-153-4.plesk.page\/fr\/wp-json\/wp\/v2\/media?parent=3329313"}],"wp:term":[{"taxonomy":"product_brand","embeddable":true,"href":"https:\/\/stoic-curie.212-227-153-4.plesk.page\/fr\/wp-json\/wp\/v2\/product_brand?post=3329313"},{"taxonomy":"product_cat","embeddable":true,"href":"https:\/\/stoic-curie.212-227-153-4.plesk.page\/fr\/wp-json\/wp\/v2\/product_cat?post=3329313"},{"taxonomy":"product_tag","embeddable":true,"href":"https:\/\/stoic-curie.212-227-153-4.plesk.page\/fr\/wp-json\/wp\/v2\/product_tag?post=3329313"}],"curies":[{"name":"wp","href":"https:\/\/api.w.org\/{rel}","templated":true}]}}