{"id":3329328,"date":"2025-10-09T21:55:51","date_gmt":"2025-10-10T01:55:51","guid":{"rendered":"https:\/\/stoic-curie.212-227-153-4.plesk.page\/product\/volant-ultraflex-v32-blanc-d-335-mm\/"},"modified":"2026-02-24T23:08:02","modified_gmt":"2026-02-24T23:08:02","slug":"volant-ultraflex-v32-blanc-d-335-mm","status":"publish","type":"product","link":"https:\/\/stoic-curie.212-227-153-4.plesk.page\/fr\/product\/volant-ultraflex-v32-blanc-d-335-mm\/","title":{"rendered":"Volant Ultraflex V32 blanc, D\u00a0335\u00a0mm"},"content":{"rendered":"<p>Volant Ultraflex V32 blanc, D\u00a0335\u00a0mm &#8211; <\/p>\n<p>Volants en mat\u00e9riau thermoplastique anti-choc. Marqu\u00e9 CE-ISO23411 en conformit\u00e9 avec les normes ABYC. Compl\u00e9t\u00e9 par un capuchon central et un moyeu avec conicit\u00e9 standard de 3\/4&#8243;.<\/p>\n","protected":false},"excerpt":{"rendered":"<p>Volant Ultraflex V32 blanc, D\u00a0335\u00a0mm &#8211; Volants en mat\u00e9riau thermoplastique anti-choc. Marqu\u00e9 CE-ISO23411 en conformit\u00e9 avec les normes ABYC. Compl\u00e9t\u00e9<\/p>\n","protected":false},"featured_media":5935637,"comment_status":"closed","ping_status":"closed","template":"","meta":[],"product_brand":[3499],"product_cat":[1248],"product_tag":[],"class_list":{"0":"post-3329328","1":"product","2":"type-product","3":"status-publish","4":"has-post-thumbnail","6":"product_brand-ultraflex-uflex-fr","7":"product_cat-volants-et-barre-a-roue","9":"first","10":"instock","11":"shipping-taxable","12":"purchasable","13":"product-type-simple"},"_links":{"self":[{"href":"https:\/\/stoic-curie.212-227-153-4.plesk.page\/fr\/wp-json\/wp\/v2\/product\/3329328","targetHints":{"allow":["GET"]}}],"collection":[{"href":"https:\/\/stoic-curie.212-227-153-4.plesk.page\/fr\/wp-json\/wp\/v2\/product"}],"about":[{"href":"https:\/\/stoic-curie.212-227-153-4.plesk.page\/fr\/wp-json\/wp\/v2\/types\/product"}],"replies":[{"embeddable":true,"href":"https:\/\/stoic-curie.212-227-153-4.plesk.page\/fr\/wp-json\/wp\/v2\/comments?post=3329328"}],"version-history":[{"count":0,"href":"https:\/\/stoic-curie.212-227-153-4.plesk.page\/fr\/wp-json\/wp\/v2\/product\/3329328\/revisions"}],"wp:featuredmedia":[{"embeddable":true,"href":"https:\/\/stoic-curie.212-227-153-4.plesk.page\/fr\/wp-json\/wp\/v2\/media\/5935637"}],"wp:attachment":[{"href":"https:\/\/stoic-curie.212-227-153-4.plesk.page\/fr\/wp-json\/wp\/v2\/media?parent=3329328"}],"wp:term":[{"taxonomy":"product_brand","embeddable":true,"href":"https:\/\/stoic-curie.212-227-153-4.plesk.page\/fr\/wp-json\/wp\/v2\/product_brand?post=3329328"},{"taxonomy":"product_cat","embeddable":true,"href":"https:\/\/stoic-curie.212-227-153-4.plesk.page\/fr\/wp-json\/wp\/v2\/product_cat?post=3329328"},{"taxonomy":"product_tag","embeddable":true,"href":"https:\/\/stoic-curie.212-227-153-4.plesk.page\/fr\/wp-json\/wp\/v2\/product_tag?post=3329328"}],"curies":[{"name":"wp","href":"https:\/\/api.w.org\/{rel}","templated":true}]}}