{"id":3329339,"date":"2025-10-09T21:55:52","date_gmt":"2025-10-10T01:55:52","guid":{"rendered":"https:\/\/stoic-curie.212-227-153-4.plesk.page\/product\/paire-de-chaumards-en-laiton-chrome-150-x-34-mm-pour-amarres-jusqua-d-16-mm\/"},"modified":"2026-02-24T23:08:02","modified_gmt":"2026-02-24T23:08:02","slug":"paire-de-chaumards-en-laiton-chrome-150-x-34-mm-pour-amarres-jusqua-d-16-mm","status":"publish","type":"product","link":"https:\/\/stoic-curie.212-227-153-4.plesk.page\/fr\/product\/paire-de-chaumards-en-laiton-chrome-150-x-34-mm-pour-amarres-jusqua-d-16-mm\/","title":{"rendered":"Paire de chaumards en laiton chrom\u00e9 150\u00a0x\u00a034\u00a0mm, pour amarres jusqu\u2019\u00e0 D\u00a016\u00a0mm"},"content":{"rendered":"<p>Paire de chaumards en laiton chrom\u00e9 150\u00a0x\u00a034\u00a0mm, pour amarres jusqu\u2019\u00e0 D\u00a016\u00a0mm &#8211; <\/p>\n<p>Choks de skene en laiton chrom\u00e9 (droit et gauche) appari\u00e9s. 2 trous de montage \u00e0 la base.<\/p>\n","protected":false},"excerpt":{"rendered":"<p>Paire de chaumards en laiton chrom\u00e9 150\u00a0x\u00a034\u00a0mm, pour amarres jusqu\u2019\u00e0 D\u00a016\u00a0mm &#8211; Choks de skene en laiton chrom\u00e9 (droit et<\/p>\n","protected":false},"featured_media":5935639,"comment_status":"closed","ping_status":"closed","template":"","meta":[],"product_brand":[2944],"product_cat":[1103],"product_tag":[],"class_list":{"0":"post-3329339","1":"product","2":"type-product","3":"status-publish","4":"has-post-thumbnail","6":"product_brand-foresti-suardi-fr","7":"product_cat-chaumards","9":"first","10":"instock","11":"shipping-taxable","12":"purchasable","13":"product-type-simple"},"_links":{"self":[{"href":"https:\/\/stoic-curie.212-227-153-4.plesk.page\/fr\/wp-json\/wp\/v2\/product\/3329339","targetHints":{"allow":["GET"]}}],"collection":[{"href":"https:\/\/stoic-curie.212-227-153-4.plesk.page\/fr\/wp-json\/wp\/v2\/product"}],"about":[{"href":"https:\/\/stoic-curie.212-227-153-4.plesk.page\/fr\/wp-json\/wp\/v2\/types\/product"}],"replies":[{"embeddable":true,"href":"https:\/\/stoic-curie.212-227-153-4.plesk.page\/fr\/wp-json\/wp\/v2\/comments?post=3329339"}],"version-history":[{"count":0,"href":"https:\/\/stoic-curie.212-227-153-4.plesk.page\/fr\/wp-json\/wp\/v2\/product\/3329339\/revisions"}],"wp:featuredmedia":[{"embeddable":true,"href":"https:\/\/stoic-curie.212-227-153-4.plesk.page\/fr\/wp-json\/wp\/v2\/media\/5935639"}],"wp:attachment":[{"href":"https:\/\/stoic-curie.212-227-153-4.plesk.page\/fr\/wp-json\/wp\/v2\/media?parent=3329339"}],"wp:term":[{"taxonomy":"product_brand","embeddable":true,"href":"https:\/\/stoic-curie.212-227-153-4.plesk.page\/fr\/wp-json\/wp\/v2\/product_brand?post=3329339"},{"taxonomy":"product_cat","embeddable":true,"href":"https:\/\/stoic-curie.212-227-153-4.plesk.page\/fr\/wp-json\/wp\/v2\/product_cat?post=3329339"},{"taxonomy":"product_tag","embeddable":true,"href":"https:\/\/stoic-curie.212-227-153-4.plesk.page\/fr\/wp-json\/wp\/v2\/product_tag?post=3329339"}],"curies":[{"name":"wp","href":"https:\/\/api.w.org\/{rel}","templated":true}]}}