{"id":3329396,"date":"2025-10-09T21:55:54","date_gmt":"2025-10-10T01:55:54","guid":{"rendered":"https:\/\/stoic-curie.212-227-153-4.plesk.page\/product\/anneau-de-chasse-chrome-44-x-38mm\/"},"modified":"2026-02-24T23:08:02","modified_gmt":"2026-02-24T23:08:02","slug":"anneau-de-chasse-chrome-44-x-38mm","status":"publish","type":"product","link":"https:\/\/stoic-curie.212-227-153-4.plesk.page\/fr\/product\/anneau-de-chasse-chrome-44-x-38mm\/","title":{"rendered":"Anneau de chasse chrom\u00e9 44 x 38mm"},"content":{"rendered":"<p>Anneau de chasse chrom\u00e9 44 x 38mm &#8211; Tirette \u00e0 anneau chrom\u00e9e en laiton, mm. 44&#215;38<\/p>\n","protected":false},"excerpt":{"rendered":"<p>Anneau de chasse chrom\u00e9 44 x 38mm &#8211; Tirette \u00e0 anneau chrom\u00e9e en laiton, mm. 44&#215;38<\/p>\n","protected":false},"featured_media":5935657,"comment_status":"closed","ping_status":"closed","template":"","meta":[],"product_brand":[2944],"product_cat":[1136],"product_tag":[],"class_list":{"0":"post-3329396","1":"product","2":"type-product","3":"status-publish","4":"has-post-thumbnail","6":"product_brand-foresti-suardi-fr","7":"product_cat-equipements-de-cabine","9":"first","10":"instock","11":"shipping-taxable","12":"purchasable","13":"product-type-simple"},"_links":{"self":[{"href":"https:\/\/stoic-curie.212-227-153-4.plesk.page\/fr\/wp-json\/wp\/v2\/product\/3329396","targetHints":{"allow":["GET"]}}],"collection":[{"href":"https:\/\/stoic-curie.212-227-153-4.plesk.page\/fr\/wp-json\/wp\/v2\/product"}],"about":[{"href":"https:\/\/stoic-curie.212-227-153-4.plesk.page\/fr\/wp-json\/wp\/v2\/types\/product"}],"replies":[{"embeddable":true,"href":"https:\/\/stoic-curie.212-227-153-4.plesk.page\/fr\/wp-json\/wp\/v2\/comments?post=3329396"}],"version-history":[{"count":0,"href":"https:\/\/stoic-curie.212-227-153-4.plesk.page\/fr\/wp-json\/wp\/v2\/product\/3329396\/revisions"}],"wp:featuredmedia":[{"embeddable":true,"href":"https:\/\/stoic-curie.212-227-153-4.plesk.page\/fr\/wp-json\/wp\/v2\/media\/5935657"}],"wp:attachment":[{"href":"https:\/\/stoic-curie.212-227-153-4.plesk.page\/fr\/wp-json\/wp\/v2\/media?parent=3329396"}],"wp:term":[{"taxonomy":"product_brand","embeddable":true,"href":"https:\/\/stoic-curie.212-227-153-4.plesk.page\/fr\/wp-json\/wp\/v2\/product_brand?post=3329396"},{"taxonomy":"product_cat","embeddable":true,"href":"https:\/\/stoic-curie.212-227-153-4.plesk.page\/fr\/wp-json\/wp\/v2\/product_cat?post=3329396"},{"taxonomy":"product_tag","embeddable":true,"href":"https:\/\/stoic-curie.212-227-153-4.plesk.page\/fr\/wp-json\/wp\/v2\/product_tag?post=3329396"}],"curies":[{"name":"wp","href":"https:\/\/api.w.org\/{rel}","templated":true}]}}