{"id":3329404,"date":"2025-10-09T21:55:54","date_gmt":"2025-10-10T01:55:54","guid":{"rendered":"https:\/\/stoic-curie.212-227-153-4.plesk.page\/product\/haut-parleurs-pioneer-130w-2-voies-130-mm\/"},"modified":"2026-02-24T23:08:02","modified_gmt":"2026-02-24T23:08:02","slug":"haut-parleurs-pioneer-130w-2-voies-130-mm","status":"publish","type":"product","link":"https:\/\/stoic-curie.212-227-153-4.plesk.page\/fr\/product\/haut-parleurs-pioneer-130w-2-voies-130-mm\/","title":{"rendered":"Haut-parleurs Pioneer 130w 2 voies 130 mm"},"content":{"rendered":"<p>Haut-parleurs Pioneer 130w 2 voies 130 mm &#8211; Paire d&#8217;enceintes pour int\u00e9rieur, coaxiales \u00e0 2 voies (tweeter + woofer), \u00d8 130 mm. R\u00e9ponse en fr\u00e9quence de 40 \u00e0 25 000 Hz, sensibilit\u00e9 de 89 dB, puissance d&#8217;entr\u00e9e maximale de 130 W, pour amplificateurs et autoradios avec imp\u00e9dance de 4 Ohm.<\/p>\n","protected":false},"excerpt":{"rendered":"<p>Haut-parleurs Pioneer 130w 2 voies 130 mm &#8211; Paire d&#8217;enceintes pour int\u00e9rieur, coaxiales \u00e0 2 voies (tweeter + woofer), \u00d8<\/p>\n","protected":false},"featured_media":5935658,"comment_status":"closed","ping_status":"closed","template":"","meta":[],"product_brand":[3234],"product_cat":[1159],"product_tag":[],"class_list":{"0":"post-3329404","1":"product","2":"type-product","3":"status-publish","4":"has-post-thumbnail","6":"product_brand-osculati-fr","7":"product_cat-stereo-et-haut-parleurs","9":"first","10":"instock","11":"shipping-taxable","12":"purchasable","13":"product-type-simple"},"_links":{"self":[{"href":"https:\/\/stoic-curie.212-227-153-4.plesk.page\/fr\/wp-json\/wp\/v2\/product\/3329404","targetHints":{"allow":["GET"]}}],"collection":[{"href":"https:\/\/stoic-curie.212-227-153-4.plesk.page\/fr\/wp-json\/wp\/v2\/product"}],"about":[{"href":"https:\/\/stoic-curie.212-227-153-4.plesk.page\/fr\/wp-json\/wp\/v2\/types\/product"}],"replies":[{"embeddable":true,"href":"https:\/\/stoic-curie.212-227-153-4.plesk.page\/fr\/wp-json\/wp\/v2\/comments?post=3329404"}],"version-history":[{"count":0,"href":"https:\/\/stoic-curie.212-227-153-4.plesk.page\/fr\/wp-json\/wp\/v2\/product\/3329404\/revisions"}],"wp:featuredmedia":[{"embeddable":true,"href":"https:\/\/stoic-curie.212-227-153-4.plesk.page\/fr\/wp-json\/wp\/v2\/media\/5935658"}],"wp:attachment":[{"href":"https:\/\/stoic-curie.212-227-153-4.plesk.page\/fr\/wp-json\/wp\/v2\/media?parent=3329404"}],"wp:term":[{"taxonomy":"product_brand","embeddable":true,"href":"https:\/\/stoic-curie.212-227-153-4.plesk.page\/fr\/wp-json\/wp\/v2\/product_brand?post=3329404"},{"taxonomy":"product_cat","embeddable":true,"href":"https:\/\/stoic-curie.212-227-153-4.plesk.page\/fr\/wp-json\/wp\/v2\/product_cat?post=3329404"},{"taxonomy":"product_tag","embeddable":true,"href":"https:\/\/stoic-curie.212-227-153-4.plesk.page\/fr\/wp-json\/wp\/v2\/product_tag?post=3329404"}],"curies":[{"name":"wp","href":"https:\/\/api.w.org\/{rel}","templated":true}]}}