{"id":3329420,"date":"2025-10-09T21:55:54","date_gmt":"2025-10-10T01:55:54","guid":{"rendered":"https:\/\/stoic-curie.212-227-153-4.plesk.page\/product\/antifouling-transparent-en-bombe\/"},"modified":"2026-02-24T23:08:02","modified_gmt":"2026-02-24T23:08:02","slug":"antifouling-transparent-en-bombe","status":"publish","type":"product","link":"https:\/\/stoic-curie.212-227-153-4.plesk.page\/fr\/product\/antifouling-transparent-en-bombe\/","title":{"rendered":"Antifouling transparent en bombe"},"content":{"rendered":"<p>Antifouling transparent en bombe &#8211; <\/p>\n<p>A\u00e9rosol antifouling en compos\u00e9 dur pour la protection des h\u00e9lices et des drives arri\u00e8res. \u00c9cologique, ne contient pas de compos\u00e9s de cuivre ou d&#8217;\u00e9tain.<\/p>\n","protected":false},"excerpt":{"rendered":"<p>Antifouling transparent en bombe &#8211; A\u00e9rosol antifouling en compos\u00e9 dur pour la protection des h\u00e9lices et des drives arri\u00e8res. \u00c9cologique,<\/p>\n","protected":false},"featured_media":5935661,"comment_status":"closed","ping_status":"closed","template":"","meta":[],"product_brand":[3399],"product_cat":[1060],"product_tag":[],"class_list":{"0":"post-3329420","1":"product","2":"type-product","3":"status-publish","4":"has-post-thumbnail","6":"product_brand-silpar-tk-fr","7":"product_cat-peinture-marine","9":"first","10":"instock","11":"shipping-taxable","12":"purchasable","13":"product-type-simple"},"_links":{"self":[{"href":"https:\/\/stoic-curie.212-227-153-4.plesk.page\/fr\/wp-json\/wp\/v2\/product\/3329420","targetHints":{"allow":["GET"]}}],"collection":[{"href":"https:\/\/stoic-curie.212-227-153-4.plesk.page\/fr\/wp-json\/wp\/v2\/product"}],"about":[{"href":"https:\/\/stoic-curie.212-227-153-4.plesk.page\/fr\/wp-json\/wp\/v2\/types\/product"}],"replies":[{"embeddable":true,"href":"https:\/\/stoic-curie.212-227-153-4.plesk.page\/fr\/wp-json\/wp\/v2\/comments?post=3329420"}],"version-history":[{"count":0,"href":"https:\/\/stoic-curie.212-227-153-4.plesk.page\/fr\/wp-json\/wp\/v2\/product\/3329420\/revisions"}],"wp:featuredmedia":[{"embeddable":true,"href":"https:\/\/stoic-curie.212-227-153-4.plesk.page\/fr\/wp-json\/wp\/v2\/media\/5935661"}],"wp:attachment":[{"href":"https:\/\/stoic-curie.212-227-153-4.plesk.page\/fr\/wp-json\/wp\/v2\/media?parent=3329420"}],"wp:term":[{"taxonomy":"product_brand","embeddable":true,"href":"https:\/\/stoic-curie.212-227-153-4.plesk.page\/fr\/wp-json\/wp\/v2\/product_brand?post=3329420"},{"taxonomy":"product_cat","embeddable":true,"href":"https:\/\/stoic-curie.212-227-153-4.plesk.page\/fr\/wp-json\/wp\/v2\/product_cat?post=3329420"},{"taxonomy":"product_tag","embeddable":true,"href":"https:\/\/stoic-curie.212-227-153-4.plesk.page\/fr\/wp-json\/wp\/v2\/product_tag?post=3329420"}],"curies":[{"name":"wp","href":"https:\/\/api.w.org\/{rel}","templated":true}]}}