{"id":3329436,"date":"2025-10-09T21:55:55","date_gmt":"2025-10-10T01:55:55","guid":{"rendered":"https:\/\/stoic-curie.212-227-153-4.plesk.page\/product\/nettoyant-bateau-pneumatique-en-bombe-1-l\/"},"modified":"2026-02-24T23:08:02","modified_gmt":"2026-02-24T23:08:02","slug":"nettoyant-bateau-pneumatique-en-bombe-1-l","status":"publish","type":"product","link":"https:\/\/stoic-curie.212-227-153-4.plesk.page\/fr\/product\/nettoyant-bateau-pneumatique-en-bombe-1-l\/","title":{"rendered":"Nettoyant bateau pneumatique en bombe, 1\u00a0l"},"content":{"rendered":"<p>Nettoyant bateau pneumatique en bombe, 1\u00a0l &#8211; <\/p>\n<p>D\u00e9tachant pour le pickle pour nettoyer en profondeur les bateaux gonflables et les canots. Gr\u00e2ce \u00e0 son puissant pouvoir d\u00e9tergent et d\u00e9graissant, il \u00e9limine rapidement la salet\u00e9 et les marques, renouvelant ainsi la couleur d&#8217;origine.<\/p>\n","protected":false},"excerpt":{"rendered":"<p>Nettoyant bateau pneumatique en bombe, 1\u00a0l &#8211; D\u00e9tachant pour le pickle pour nettoyer en profondeur les bateaux gonflables et les<\/p>\n","protected":false},"featured_media":5935663,"comment_status":"closed","ping_status":"closed","template":"","meta":[],"product_brand":[3399],"product_cat":[1273,1265,1054],"product_tag":[],"class_list":{"0":"post-3329436","1":"product","2":"type-product","3":"status-publish","4":"has-post-thumbnail","6":"product_brand-silpar-tk-fr","7":"product_cat-accessoires-de-pare-battages","8":"product_cat-accessoires-pour-annexes-gonflables","9":"product_cat-produits-de-nettoyage","11":"first","12":"instock","13":"shipping-taxable","14":"purchasable","15":"product-type-simple"},"_links":{"self":[{"href":"https:\/\/stoic-curie.212-227-153-4.plesk.page\/fr\/wp-json\/wp\/v2\/product\/3329436","targetHints":{"allow":["GET"]}}],"collection":[{"href":"https:\/\/stoic-curie.212-227-153-4.plesk.page\/fr\/wp-json\/wp\/v2\/product"}],"about":[{"href":"https:\/\/stoic-curie.212-227-153-4.plesk.page\/fr\/wp-json\/wp\/v2\/types\/product"}],"replies":[{"embeddable":true,"href":"https:\/\/stoic-curie.212-227-153-4.plesk.page\/fr\/wp-json\/wp\/v2\/comments?post=3329436"}],"version-history":[{"count":0,"href":"https:\/\/stoic-curie.212-227-153-4.plesk.page\/fr\/wp-json\/wp\/v2\/product\/3329436\/revisions"}],"wp:featuredmedia":[{"embeddable":true,"href":"https:\/\/stoic-curie.212-227-153-4.plesk.page\/fr\/wp-json\/wp\/v2\/media\/5935663"}],"wp:attachment":[{"href":"https:\/\/stoic-curie.212-227-153-4.plesk.page\/fr\/wp-json\/wp\/v2\/media?parent=3329436"}],"wp:term":[{"taxonomy":"product_brand","embeddable":true,"href":"https:\/\/stoic-curie.212-227-153-4.plesk.page\/fr\/wp-json\/wp\/v2\/product_brand?post=3329436"},{"taxonomy":"product_cat","embeddable":true,"href":"https:\/\/stoic-curie.212-227-153-4.plesk.page\/fr\/wp-json\/wp\/v2\/product_cat?post=3329436"},{"taxonomy":"product_tag","embeddable":true,"href":"https:\/\/stoic-curie.212-227-153-4.plesk.page\/fr\/wp-json\/wp\/v2\/product_tag?post=3329436"}],"curies":[{"name":"wp","href":"https:\/\/api.w.org\/{rel}","templated":true}]}}