{"id":3329446,"date":"2025-10-09T21:55:55","date_gmt":"2025-10-10T01:55:55","guid":{"rendered":"https:\/\/stoic-curie.212-227-153-4.plesk.page\/product\/vernis-metallique-a-linox-gris-400-ml\/"},"modified":"2026-02-24T23:08:02","modified_gmt":"2026-02-24T23:08:02","slug":"vernis-metallique-a-linox-gris-400-ml","status":"publish","type":"product","link":"https:\/\/stoic-curie.212-227-153-4.plesk.page\/fr\/product\/vernis-metallique-a-linox-gris-400-ml\/","title":{"rendered":"Vernis m\u00e9tallique \u00e0 l\u2019inox gris, 400\u00a0ml"},"content":{"rendered":"<p>Vernis m\u00e9tallique \u00e0 l\u2019inox gris, 400\u00a0ml &#8211; <\/p>\n<p>Des peintures m\u00e9talliques en spray qui forment une couche protectrice sur tous les types de surfaces. METALZINC pour la galvanisation \u00e0 froid offre une couche de protection parfaite qui peut \u00eatre repeinte. INOXSPRAY \u00e0 base d&#8217;acier inoxydable cr\u00e9e une couche robuste et protectrice en acier inoxydable. ALUSPRAY \u00e0 base d&#8217;aluminium cr\u00e9e une couche r\u00e9sistante au brouillard salin et \u00e0 l&#8217;eau.<\/p>\n","protected":false},"excerpt":{"rendered":"<p>Vernis m\u00e9tallique \u00e0 l\u2019inox gris, 400\u00a0ml &#8211; Des peintures m\u00e9talliques en spray qui forment une couche protectrice sur tous les<\/p>\n","protected":false},"featured_media":5935665,"comment_status":"closed","ping_status":"closed","template":"","meta":[],"product_brand":[3399],"product_cat":[1060],"product_tag":[],"class_list":{"0":"post-3329446","1":"product","2":"type-product","3":"status-publish","4":"has-post-thumbnail","6":"product_brand-silpar-tk-fr","7":"product_cat-peinture-marine","9":"first","10":"instock","11":"shipping-taxable","12":"purchasable","13":"product-type-simple"},"_links":{"self":[{"href":"https:\/\/stoic-curie.212-227-153-4.plesk.page\/fr\/wp-json\/wp\/v2\/product\/3329446","targetHints":{"allow":["GET"]}}],"collection":[{"href":"https:\/\/stoic-curie.212-227-153-4.plesk.page\/fr\/wp-json\/wp\/v2\/product"}],"about":[{"href":"https:\/\/stoic-curie.212-227-153-4.plesk.page\/fr\/wp-json\/wp\/v2\/types\/product"}],"replies":[{"embeddable":true,"href":"https:\/\/stoic-curie.212-227-153-4.plesk.page\/fr\/wp-json\/wp\/v2\/comments?post=3329446"}],"version-history":[{"count":0,"href":"https:\/\/stoic-curie.212-227-153-4.plesk.page\/fr\/wp-json\/wp\/v2\/product\/3329446\/revisions"}],"wp:featuredmedia":[{"embeddable":true,"href":"https:\/\/stoic-curie.212-227-153-4.plesk.page\/fr\/wp-json\/wp\/v2\/media\/5935665"}],"wp:attachment":[{"href":"https:\/\/stoic-curie.212-227-153-4.plesk.page\/fr\/wp-json\/wp\/v2\/media?parent=3329446"}],"wp:term":[{"taxonomy":"product_brand","embeddable":true,"href":"https:\/\/stoic-curie.212-227-153-4.plesk.page\/fr\/wp-json\/wp\/v2\/product_brand?post=3329446"},{"taxonomy":"product_cat","embeddable":true,"href":"https:\/\/stoic-curie.212-227-153-4.plesk.page\/fr\/wp-json\/wp\/v2\/product_cat?post=3329446"},{"taxonomy":"product_tag","embeddable":true,"href":"https:\/\/stoic-curie.212-227-153-4.plesk.page\/fr\/wp-json\/wp\/v2\/product_tag?post=3329446"}],"curies":[{"name":"wp","href":"https:\/\/api.w.org\/{rel}","templated":true}]}}