{"id":3329461,"date":"2025-10-09T21:55:56","date_gmt":"2025-10-10T01:55:56","guid":{"rendered":"https:\/\/stoic-curie.212-227-153-4.plesk.page\/product\/peinture-primaire-antirouille-pour-moteurs-marins-tk-vert-400-ml\/"},"modified":"2026-02-24T23:08:02","modified_gmt":"2026-02-24T23:08:02","slug":"peinture-primaire-antirouille-pour-moteurs-marins-tk-vert-400-ml","status":"publish","type":"product","link":"https:\/\/stoic-curie.212-227-153-4.plesk.page\/fr\/product\/peinture-primaire-antirouille-pour-moteurs-marins-tk-vert-400-ml\/","title":{"rendered":"Peinture primaire antirouille pour moteurs marins TK, vert, 400\u00a0ml"},"content":{"rendered":"<p>Peinture primaire antirouille pour moteurs marins TK, vert, 400\u00a0ml &#8211; <\/p>\n<p>Excellente adh\u00e9rence avec une couche r\u00e9sistante \u00e0 la corrosion. \u00c0 appliquer avant de peindre des moteurs marins et d&#8217;autres pi\u00e8ces m\u00e9talliques.<\/p>\n","protected":false},"excerpt":{"rendered":"<p>Peinture primaire antirouille pour moteurs marins TK, vert, 400\u00a0ml &#8211; Excellente adh\u00e9rence avec une couche r\u00e9sistante \u00e0 la corrosion. \u00c0<\/p>\n","protected":false},"featured_media":5935666,"comment_status":"closed","ping_status":"closed","template":"","meta":[],"product_brand":[3399],"product_cat":[1060],"product_tag":[],"class_list":{"0":"post-3329461","1":"product","2":"type-product","3":"status-publish","4":"has-post-thumbnail","6":"product_brand-silpar-tk-fr","7":"product_cat-peinture-marine","9":"first","10":"instock","11":"shipping-taxable","12":"purchasable","13":"product-type-simple"},"_links":{"self":[{"href":"https:\/\/stoic-curie.212-227-153-4.plesk.page\/fr\/wp-json\/wp\/v2\/product\/3329461","targetHints":{"allow":["GET"]}}],"collection":[{"href":"https:\/\/stoic-curie.212-227-153-4.plesk.page\/fr\/wp-json\/wp\/v2\/product"}],"about":[{"href":"https:\/\/stoic-curie.212-227-153-4.plesk.page\/fr\/wp-json\/wp\/v2\/types\/product"}],"replies":[{"embeddable":true,"href":"https:\/\/stoic-curie.212-227-153-4.plesk.page\/fr\/wp-json\/wp\/v2\/comments?post=3329461"}],"version-history":[{"count":0,"href":"https:\/\/stoic-curie.212-227-153-4.plesk.page\/fr\/wp-json\/wp\/v2\/product\/3329461\/revisions"}],"wp:featuredmedia":[{"embeddable":true,"href":"https:\/\/stoic-curie.212-227-153-4.plesk.page\/fr\/wp-json\/wp\/v2\/media\/5935666"}],"wp:attachment":[{"href":"https:\/\/stoic-curie.212-227-153-4.plesk.page\/fr\/wp-json\/wp\/v2\/media?parent=3329461"}],"wp:term":[{"taxonomy":"product_brand","embeddable":true,"href":"https:\/\/stoic-curie.212-227-153-4.plesk.page\/fr\/wp-json\/wp\/v2\/product_brand?post=3329461"},{"taxonomy":"product_cat","embeddable":true,"href":"https:\/\/stoic-curie.212-227-153-4.plesk.page\/fr\/wp-json\/wp\/v2\/product_cat?post=3329461"},{"taxonomy":"product_tag","embeddable":true,"href":"https:\/\/stoic-curie.212-227-153-4.plesk.page\/fr\/wp-json\/wp\/v2\/product_tag?post=3329461"}],"curies":[{"name":"wp","href":"https:\/\/api.w.org\/{rel}","templated":true}]}}