{"id":3329492,"date":"2025-10-09T21:55:57","date_gmt":"2025-10-10T01:55:57","guid":{"rendered":"https:\/\/stoic-curie.212-227-153-4.plesk.page\/product\/lot-nettoyant-et-eclaircissant-degrisant-pour-teck-teak-wonder-1-l\/"},"modified":"2026-02-24T23:08:02","modified_gmt":"2026-02-24T23:08:02","slug":"lot-nettoyant-et-eclaircissant-degrisant-pour-teck-teak-wonder-1-l","status":"publish","type":"product","link":"https:\/\/stoic-curie.212-227-153-4.plesk.page\/fr\/product\/lot-nettoyant-et-eclaircissant-degrisant-pour-teck-teak-wonder-1-l\/","title":{"rendered":"Lot nettoyant et \u00e9claircissant-d\u00e9grisant pour teck Teak Wonder, 1\u00a0l"},"content":{"rendered":"<p>Lot nettoyant et \u00e9claircissant-d\u00e9grisant pour teck Teak Wonder, 1\u00a0l &#8211; <\/p>\n<p>Un pack de d\u00e9tergent et d&#8217;\u00e9claircissant qui permet d&#8217;avoir toujours les bons produits \u00e0 port\u00e9e de main pour la prochaine impr\u00e9gnation avec l&#8217;huile Teak Wonder.<\/p>\n","protected":false},"excerpt":{"rendered":"<p>Lot nettoyant et \u00e9claircissant-d\u00e9grisant pour teck Teak Wonder, 1\u00a0l &#8211; Un pack de d\u00e9tergent et d&#8217;\u00e9claircissant qui permet d&#8217;avoir toujours<\/p>\n","protected":false},"featured_media":5935672,"comment_status":"closed","ping_status":"closed","template":"","meta":[],"product_brand":[3454],"product_cat":[1051],"product_tag":[],"class_list":{"0":"post-3329492","1":"product","2":"type-product","3":"status-publish","4":"has-post-thumbnail","6":"product_brand-teak-wonder-fr","7":"product_cat-vernis-marin-et-huile-de-teck","9":"first","10":"instock","11":"shipping-taxable","12":"purchasable","13":"product-type-simple"},"_links":{"self":[{"href":"https:\/\/stoic-curie.212-227-153-4.plesk.page\/fr\/wp-json\/wp\/v2\/product\/3329492","targetHints":{"allow":["GET"]}}],"collection":[{"href":"https:\/\/stoic-curie.212-227-153-4.plesk.page\/fr\/wp-json\/wp\/v2\/product"}],"about":[{"href":"https:\/\/stoic-curie.212-227-153-4.plesk.page\/fr\/wp-json\/wp\/v2\/types\/product"}],"replies":[{"embeddable":true,"href":"https:\/\/stoic-curie.212-227-153-4.plesk.page\/fr\/wp-json\/wp\/v2\/comments?post=3329492"}],"version-history":[{"count":0,"href":"https:\/\/stoic-curie.212-227-153-4.plesk.page\/fr\/wp-json\/wp\/v2\/product\/3329492\/revisions"}],"wp:featuredmedia":[{"embeddable":true,"href":"https:\/\/stoic-curie.212-227-153-4.plesk.page\/fr\/wp-json\/wp\/v2\/media\/5935672"}],"wp:attachment":[{"href":"https:\/\/stoic-curie.212-227-153-4.plesk.page\/fr\/wp-json\/wp\/v2\/media?parent=3329492"}],"wp:term":[{"taxonomy":"product_brand","embeddable":true,"href":"https:\/\/stoic-curie.212-227-153-4.plesk.page\/fr\/wp-json\/wp\/v2\/product_brand?post=3329492"},{"taxonomy":"product_cat","embeddable":true,"href":"https:\/\/stoic-curie.212-227-153-4.plesk.page\/fr\/wp-json\/wp\/v2\/product_cat?post=3329492"},{"taxonomy":"product_tag","embeddable":true,"href":"https:\/\/stoic-curie.212-227-153-4.plesk.page\/fr\/wp-json\/wp\/v2\/product_tag?post=3329492"}],"curies":[{"name":"wp","href":"https:\/\/api.w.org\/{rel}","templated":true}]}}