{"id":3329494,"date":"2025-10-09T21:55:57","date_gmt":"2025-10-10T01:55:57","guid":{"rendered":"https:\/\/stoic-curie.212-227-153-4.plesk.page\/product\/protecteur-et-saturateur-de-teck-teak-wonder-1-l\/"},"modified":"2026-02-24T23:08:02","modified_gmt":"2026-02-24T23:08:02","slug":"protecteur-et-saturateur-de-teck-teak-wonder-1-l","status":"publish","type":"product","link":"https:\/\/stoic-curie.212-227-153-4.plesk.page\/fr\/product\/protecteur-et-saturateur-de-teck-teak-wonder-1-l\/","title":{"rendered":"Protecteur et saturateur de teck Teak Wonder, 1\u00a0l"},"content":{"rendered":"<p>Protecteur et saturateur de teck Teak Wonder, 1\u00a0l &#8211; <\/p>\n<p>Huile de teck traditionnelle qui maintient l&#8217;apparence originale du teck sans lavage quotidien. Ce produit \u00e0 base de silicone scelle les pores du bois, emp\u00eachant la poussi\u00e8re et la salet\u00e9 de p\u00e9n\u00e9trer, et offre \u00e9galement une protection contre les rayons UV. Sans odeur chimique, il ne devient pas brillant, glissant ou collant et ne s&#8217;assombrit pas avec le temps.<\/p>\n","protected":false},"excerpt":{"rendered":"<p>Protecteur et saturateur de teck Teak Wonder, 1\u00a0l &#8211; Huile de teck traditionnelle qui maintient l&#8217;apparence originale du teck sans<\/p>\n","protected":false},"featured_media":5935673,"comment_status":"closed","ping_status":"closed","template":"","meta":[],"product_brand":[3454],"product_cat":[1051],"product_tag":[],"class_list":{"0":"post-3329494","1":"product","2":"type-product","3":"status-publish","4":"has-post-thumbnail","6":"product_brand-teak-wonder-fr","7":"product_cat-vernis-marin-et-huile-de-teck","9":"first","10":"instock","11":"shipping-taxable","12":"purchasable","13":"product-type-simple"},"_links":{"self":[{"href":"https:\/\/stoic-curie.212-227-153-4.plesk.page\/fr\/wp-json\/wp\/v2\/product\/3329494","targetHints":{"allow":["GET"]}}],"collection":[{"href":"https:\/\/stoic-curie.212-227-153-4.plesk.page\/fr\/wp-json\/wp\/v2\/product"}],"about":[{"href":"https:\/\/stoic-curie.212-227-153-4.plesk.page\/fr\/wp-json\/wp\/v2\/types\/product"}],"replies":[{"embeddable":true,"href":"https:\/\/stoic-curie.212-227-153-4.plesk.page\/fr\/wp-json\/wp\/v2\/comments?post=3329494"}],"version-history":[{"count":0,"href":"https:\/\/stoic-curie.212-227-153-4.plesk.page\/fr\/wp-json\/wp\/v2\/product\/3329494\/revisions"}],"wp:featuredmedia":[{"embeddable":true,"href":"https:\/\/stoic-curie.212-227-153-4.plesk.page\/fr\/wp-json\/wp\/v2\/media\/5935673"}],"wp:attachment":[{"href":"https:\/\/stoic-curie.212-227-153-4.plesk.page\/fr\/wp-json\/wp\/v2\/media?parent=3329494"}],"wp:term":[{"taxonomy":"product_brand","embeddable":true,"href":"https:\/\/stoic-curie.212-227-153-4.plesk.page\/fr\/wp-json\/wp\/v2\/product_brand?post=3329494"},{"taxonomy":"product_cat","embeddable":true,"href":"https:\/\/stoic-curie.212-227-153-4.plesk.page\/fr\/wp-json\/wp\/v2\/product_cat?post=3329494"},{"taxonomy":"product_tag","embeddable":true,"href":"https:\/\/stoic-curie.212-227-153-4.plesk.page\/fr\/wp-json\/wp\/v2\/product_tag?post=3329494"}],"curies":[{"name":"wp","href":"https:\/\/api.w.org\/{rel}","templated":true}]}}