{"id":3329514,"date":"2025-10-09T21:55:57","date_gmt":"2025-10-10T01:55:57","guid":{"rendered":"https:\/\/stoic-curie.212-227-153-4.plesk.page\/product\/rouleau-de-corde-en-polyester-vert-2mm-x-40mt\/"},"modified":"2026-02-24T23:08:02","modified_gmt":"2026-02-24T23:08:02","slug":"rouleau-de-corde-en-polyester-vert-2mm-x-40mt","status":"publish","type":"product","link":"https:\/\/stoic-curie.212-227-153-4.plesk.page\/fr\/product\/rouleau-de-corde-en-polyester-vert-2mm-x-40mt\/","title":{"rendered":"Rouleau de corde en polyester vert 2mm x 40mt"},"content":{"rendered":"<p>Rouleau de corde en polyester vert 2mm x 40mt &#8211; Corde tress\u00e9e color\u00e9e \u00e0 haute t\u00e9nacit\u00e9, adapt\u00e9e pour la planche \u00e0 voile, les fusils de harpon, etc.<\/p>\n","protected":false},"excerpt":{"rendered":"<p>Rouleau de corde en polyester vert 2mm x 40mt &#8211; Corde tress\u00e9e color\u00e9e \u00e0 haute t\u00e9nacit\u00e9, adapt\u00e9e pour la planche<\/p>\n","protected":false},"featured_media":5935677,"comment_status":"closed","ping_status":"closed","template":"","meta":[],"product_brand":[3234],"product_cat":[1194],"product_tag":[],"class_list":{"0":"post-3329514","1":"product","2":"type-product","3":"status-publish","4":"has-post-thumbnail","6":"product_brand-osculati-fr","7":"product_cat-drisses-et-ecoutes","9":"first","10":"instock","11":"shipping-taxable","12":"purchasable","13":"product-type-simple"},"_links":{"self":[{"href":"https:\/\/stoic-curie.212-227-153-4.plesk.page\/fr\/wp-json\/wp\/v2\/product\/3329514","targetHints":{"allow":["GET"]}}],"collection":[{"href":"https:\/\/stoic-curie.212-227-153-4.plesk.page\/fr\/wp-json\/wp\/v2\/product"}],"about":[{"href":"https:\/\/stoic-curie.212-227-153-4.plesk.page\/fr\/wp-json\/wp\/v2\/types\/product"}],"replies":[{"embeddable":true,"href":"https:\/\/stoic-curie.212-227-153-4.plesk.page\/fr\/wp-json\/wp\/v2\/comments?post=3329514"}],"version-history":[{"count":0,"href":"https:\/\/stoic-curie.212-227-153-4.plesk.page\/fr\/wp-json\/wp\/v2\/product\/3329514\/revisions"}],"wp:featuredmedia":[{"embeddable":true,"href":"https:\/\/stoic-curie.212-227-153-4.plesk.page\/fr\/wp-json\/wp\/v2\/media\/5935677"}],"wp:attachment":[{"href":"https:\/\/stoic-curie.212-227-153-4.plesk.page\/fr\/wp-json\/wp\/v2\/media?parent=3329514"}],"wp:term":[{"taxonomy":"product_brand","embeddable":true,"href":"https:\/\/stoic-curie.212-227-153-4.plesk.page\/fr\/wp-json\/wp\/v2\/product_brand?post=3329514"},{"taxonomy":"product_cat","embeddable":true,"href":"https:\/\/stoic-curie.212-227-153-4.plesk.page\/fr\/wp-json\/wp\/v2\/product_cat?post=3329514"},{"taxonomy":"product_tag","embeddable":true,"href":"https:\/\/stoic-curie.212-227-153-4.plesk.page\/fr\/wp-json\/wp\/v2\/product_tag?post=3329514"}],"curies":[{"name":"wp","href":"https:\/\/api.w.org\/{rel}","templated":true}]}}