{"id":3329822,"date":"2025-10-09T21:56:08","date_gmt":"2025-10-10T01:56:08","guid":{"rendered":"https:\/\/stoic-curie.212-227-153-4.plesk.page\/product\/support-de-lyre-encastre-pour-passerelle-en-laiton-chrome-d-25-mm\/"},"modified":"2026-02-24T23:08:02","modified_gmt":"2026-02-24T23:08:02","slug":"support-de-lyre-encastre-pour-passerelle-en-laiton-chrome-d-25-mm","status":"publish","type":"product","link":"https:\/\/stoic-curie.212-227-153-4.plesk.page\/fr\/product\/support-de-lyre-encastre-pour-passerelle-en-laiton-chrome-d-25-mm\/","title":{"rendered":"Support de lyre encastr\u00e9 pour passerelle, en laiton chrom\u00e9, D\u00a025\u00a0mm"},"content":{"rendered":"<p>Support de lyre encastr\u00e9 pour passerelle, en laiton chrom\u00e9, D\u00a025\u00a0mm &#8211; <\/p>\n<p>Prises encastr\u00e9es pour passerelles avec broche de s\u00e9curit\u00e9 de 25 mm.<\/p>\n","protected":false},"excerpt":{"rendered":"<p>Support de lyre encastr\u00e9 pour passerelle, en laiton chrom\u00e9, D\u00a025\u00a0mm &#8211; Prises encastr\u00e9es pour passerelles avec broche de s\u00e9curit\u00e9 de<\/p>\n","protected":false},"featured_media":5935715,"comment_status":"closed","ping_status":"closed","template":"","meta":[],"product_brand":[3489],"product_cat":[1038],"product_tag":[],"class_list":{"0":"post-3329822","1":"product","2":"type-product","3":"status-publish","4":"has-post-thumbnail","6":"product_brand-trem-fr","7":"product_cat-passerelles","9":"first","10":"instock","11":"shipping-taxable","12":"purchasable","13":"product-type-simple"},"_links":{"self":[{"href":"https:\/\/stoic-curie.212-227-153-4.plesk.page\/fr\/wp-json\/wp\/v2\/product\/3329822","targetHints":{"allow":["GET"]}}],"collection":[{"href":"https:\/\/stoic-curie.212-227-153-4.plesk.page\/fr\/wp-json\/wp\/v2\/product"}],"about":[{"href":"https:\/\/stoic-curie.212-227-153-4.plesk.page\/fr\/wp-json\/wp\/v2\/types\/product"}],"replies":[{"embeddable":true,"href":"https:\/\/stoic-curie.212-227-153-4.plesk.page\/fr\/wp-json\/wp\/v2\/comments?post=3329822"}],"version-history":[{"count":0,"href":"https:\/\/stoic-curie.212-227-153-4.plesk.page\/fr\/wp-json\/wp\/v2\/product\/3329822\/revisions"}],"wp:featuredmedia":[{"embeddable":true,"href":"https:\/\/stoic-curie.212-227-153-4.plesk.page\/fr\/wp-json\/wp\/v2\/media\/5935715"}],"wp:attachment":[{"href":"https:\/\/stoic-curie.212-227-153-4.plesk.page\/fr\/wp-json\/wp\/v2\/media?parent=3329822"}],"wp:term":[{"taxonomy":"product_brand","embeddable":true,"href":"https:\/\/stoic-curie.212-227-153-4.plesk.page\/fr\/wp-json\/wp\/v2\/product_brand?post=3329822"},{"taxonomy":"product_cat","embeddable":true,"href":"https:\/\/stoic-curie.212-227-153-4.plesk.page\/fr\/wp-json\/wp\/v2\/product_cat?post=3329822"},{"taxonomy":"product_tag","embeddable":true,"href":"https:\/\/stoic-curie.212-227-153-4.plesk.page\/fr\/wp-json\/wp\/v2\/product_tag?post=3329822"}],"curies":[{"name":"wp","href":"https:\/\/api.w.org\/{rel}","templated":true}]}}