{"id":3329828,"date":"2025-10-09T21:56:08","date_gmt":"2025-10-10T01:56:08","guid":{"rendered":"https:\/\/stoic-curie.212-227-153-4.plesk.page\/product\/isolateur-de-batterie-2-batteries-210amp\/"},"modified":"2026-02-24T23:08:02","modified_gmt":"2026-02-24T23:08:02","slug":"isolateur-de-batterie-2-batteries-210amp","status":"publish","type":"product","link":"https:\/\/stoic-curie.212-227-153-4.plesk.page\/fr\/product\/isolateur-de-batterie-2-batteries-210amp\/","title":{"rendered":"Isolateur de batterie 2 Batteries 210amp"},"content":{"rendered":"<p>Isolateur de batterie 2 Batteries 210amp &#8211; Distributeurs de chute de tension basse pour batteries automatiques (0,25 V). Ils vous permettent de charger deux batteries simultan\u00e9ment \u00e0 150 AMP, offrant plus que le simple chargement de la batterie d\u00e9charg\u00e9e. Fabriqu\u00e9 en aluminium avec de grandes ailettes qui peuvent dissiper efficacement la chaleur. Dimensions : 230x130x70 mm.<\/p>\n","protected":false},"excerpt":{"rendered":"<p>Isolateur de batterie 2 Batteries 210amp &#8211; Distributeurs de chute de tension basse pour batteries automatiques (0,25 V). Ils vous<\/p>\n","protected":false},"featured_media":5935717,"comment_status":"closed","ping_status":"closed","template":"","meta":[],"product_brand":[2829],"product_cat":[1163],"product_tag":[],"class_list":{"0":"post-3329828","1":"product","2":"type-product","3":"status-publish","4":"has-post-thumbnail","6":"product_brand-blue-sea-systems-fr","7":"product_cat-chargeurs-de-batteries","9":"first","10":"instock","11":"shipping-taxable","12":"purchasable","13":"product-type-simple"},"_links":{"self":[{"href":"https:\/\/stoic-curie.212-227-153-4.plesk.page\/fr\/wp-json\/wp\/v2\/product\/3329828","targetHints":{"allow":["GET"]}}],"collection":[{"href":"https:\/\/stoic-curie.212-227-153-4.plesk.page\/fr\/wp-json\/wp\/v2\/product"}],"about":[{"href":"https:\/\/stoic-curie.212-227-153-4.plesk.page\/fr\/wp-json\/wp\/v2\/types\/product"}],"replies":[{"embeddable":true,"href":"https:\/\/stoic-curie.212-227-153-4.plesk.page\/fr\/wp-json\/wp\/v2\/comments?post=3329828"}],"version-history":[{"count":0,"href":"https:\/\/stoic-curie.212-227-153-4.plesk.page\/fr\/wp-json\/wp\/v2\/product\/3329828\/revisions"}],"wp:featuredmedia":[{"embeddable":true,"href":"https:\/\/stoic-curie.212-227-153-4.plesk.page\/fr\/wp-json\/wp\/v2\/media\/5935717"}],"wp:attachment":[{"href":"https:\/\/stoic-curie.212-227-153-4.plesk.page\/fr\/wp-json\/wp\/v2\/media?parent=3329828"}],"wp:term":[{"taxonomy":"product_brand","embeddable":true,"href":"https:\/\/stoic-curie.212-227-153-4.plesk.page\/fr\/wp-json\/wp\/v2\/product_brand?post=3329828"},{"taxonomy":"product_cat","embeddable":true,"href":"https:\/\/stoic-curie.212-227-153-4.plesk.page\/fr\/wp-json\/wp\/v2\/product_cat?post=3329828"},{"taxonomy":"product_tag","embeddable":true,"href":"https:\/\/stoic-curie.212-227-153-4.plesk.page\/fr\/wp-json\/wp\/v2\/product_tag?post=3329828"}],"curies":[{"name":"wp","href":"https:\/\/api.w.org\/{rel}","templated":true}]}}