{"id":3329846,"date":"2025-10-09T21:56:09","date_gmt":"2025-10-10T01:56:09","guid":{"rendered":"https:\/\/stoic-curie.212-227-153-4.plesk.page\/product\/barre-omnibus-en-acier-inoxydable-pour-connexions-electriques-4-bornes\/"},"modified":"2026-02-24T23:08:02","modified_gmt":"2026-02-24T23:08:02","slug":"barre-omnibus-en-acier-inoxydable-pour-connexions-electriques-4-bornes","status":"publish","type":"product","link":"https:\/\/stoic-curie.212-227-153-4.plesk.page\/fr\/product\/barre-omnibus-en-acier-inoxydable-pour-connexions-electriques-4-bornes\/","title":{"rendered":"Barre Omnibus en Acier Inoxydable pour Connexions \u00e9lectriques 4 bornes"},"content":{"rendered":"<p>Barre Omnibus en Acier Inoxydable pour Connexions \u00e9lectriques 4 bornes &#8211; Terminal de connexion de base en ABS, barre de distribution en cuivre \u00e9tam\u00e9, broches et \u00e9crous en acier inoxydable.<\/p>\n","protected":false},"excerpt":{"rendered":"<p>Barre Omnibus en Acier Inoxydable pour Connexions \u00e9lectriques 4 bornes &#8211; Terminal de connexion de base en ABS, barre de<\/p>\n","protected":false},"featured_media":5935720,"comment_status":"closed","ping_status":"closed","template":"","meta":[],"product_brand":[2829],"product_cat":[1166],"product_tag":[],"class_list":{"0":"post-3329846","1":"product","2":"type-product","3":"status-publish","4":"has-post-thumbnail","6":"product_brand-blue-sea-systems-fr","7":"product_cat-accessoires-electriques","9":"first","10":"instock","11":"shipping-taxable","12":"purchasable","13":"product-type-simple"},"_links":{"self":[{"href":"https:\/\/stoic-curie.212-227-153-4.plesk.page\/fr\/wp-json\/wp\/v2\/product\/3329846","targetHints":{"allow":["GET"]}}],"collection":[{"href":"https:\/\/stoic-curie.212-227-153-4.plesk.page\/fr\/wp-json\/wp\/v2\/product"}],"about":[{"href":"https:\/\/stoic-curie.212-227-153-4.plesk.page\/fr\/wp-json\/wp\/v2\/types\/product"}],"replies":[{"embeddable":true,"href":"https:\/\/stoic-curie.212-227-153-4.plesk.page\/fr\/wp-json\/wp\/v2\/comments?post=3329846"}],"version-history":[{"count":0,"href":"https:\/\/stoic-curie.212-227-153-4.plesk.page\/fr\/wp-json\/wp\/v2\/product\/3329846\/revisions"}],"wp:featuredmedia":[{"embeddable":true,"href":"https:\/\/stoic-curie.212-227-153-4.plesk.page\/fr\/wp-json\/wp\/v2\/media\/5935720"}],"wp:attachment":[{"href":"https:\/\/stoic-curie.212-227-153-4.plesk.page\/fr\/wp-json\/wp\/v2\/media?parent=3329846"}],"wp:term":[{"taxonomy":"product_brand","embeddable":true,"href":"https:\/\/stoic-curie.212-227-153-4.plesk.page\/fr\/wp-json\/wp\/v2\/product_brand?post=3329846"},{"taxonomy":"product_cat","embeddable":true,"href":"https:\/\/stoic-curie.212-227-153-4.plesk.page\/fr\/wp-json\/wp\/v2\/product_cat?post=3329846"},{"taxonomy":"product_tag","embeddable":true,"href":"https:\/\/stoic-curie.212-227-153-4.plesk.page\/fr\/wp-json\/wp\/v2\/product_tag?post=3329846"}],"curies":[{"name":"wp","href":"https:\/\/api.w.org\/{rel}","templated":true}]}}