{"id":3329848,"date":"2025-10-09T21:56:09","date_gmt":"2025-10-10T01:56:09","guid":{"rendered":"https:\/\/stoic-curie.212-227-153-4.plesk.page\/product\/loquet-a-trappes-en-acier-inoxydable-75-x-60-mm-avec-cle\/"},"modified":"2026-02-24T23:08:02","modified_gmt":"2026-02-24T23:08:02","slug":"loquet-a-trappes-en-acier-inoxydable-75-x-60-mm-avec-cle","status":"publish","type":"product","link":"https:\/\/stoic-curie.212-227-153-4.plesk.page\/fr\/product\/loquet-a-trappes-en-acier-inoxydable-75-x-60-mm-avec-cle\/","title":{"rendered":"Loquet \u00e0 Trappes En Acier Inoxydable 75 x 60 mm Avec Cl\u00e9"},"content":{"rendered":"<p>Loquet \u00e0 Trappes En Acier Inoxydable 75 x 60 mm Avec Cl\u00e9 &#8211; Le loquet de trappe en acier inoxydable AISI 316 est \u00e9tanche. Il dispose d&#8217;une poign\u00e9e \u00e0 ressort pour un fonctionnement silencieux. Les fixations sont dissimul\u00e9es.<\/p>\n","protected":false},"excerpt":{"rendered":"<p>Loquet \u00e0 Trappes En Acier Inoxydable 75 x 60 mm Avec Cl\u00e9 &#8211; Le loquet de trappe en acier inoxydable<\/p>\n","protected":false},"featured_media":5935725,"comment_status":"closed","ping_status":"closed","template":"","meta":[],"product_brand":[3134],"product_cat":[1113],"product_tag":[],"class_list":{"0":"post-3329848","1":"product","2":"type-product","3":"status-publish","4":"has-post-thumbnail","6":"product_brand-masterlock-fr","7":"product_cat-loquets-et-poignees","9":"first","10":"instock","11":"shipping-taxable","12":"purchasable","13":"product-type-simple"},"_links":{"self":[{"href":"https:\/\/stoic-curie.212-227-153-4.plesk.page\/fr\/wp-json\/wp\/v2\/product\/3329848","targetHints":{"allow":["GET"]}}],"collection":[{"href":"https:\/\/stoic-curie.212-227-153-4.plesk.page\/fr\/wp-json\/wp\/v2\/product"}],"about":[{"href":"https:\/\/stoic-curie.212-227-153-4.plesk.page\/fr\/wp-json\/wp\/v2\/types\/product"}],"replies":[{"embeddable":true,"href":"https:\/\/stoic-curie.212-227-153-4.plesk.page\/fr\/wp-json\/wp\/v2\/comments?post=3329848"}],"version-history":[{"count":0,"href":"https:\/\/stoic-curie.212-227-153-4.plesk.page\/fr\/wp-json\/wp\/v2\/product\/3329848\/revisions"}],"wp:featuredmedia":[{"embeddable":true,"href":"https:\/\/stoic-curie.212-227-153-4.plesk.page\/fr\/wp-json\/wp\/v2\/media\/5935725"}],"wp:attachment":[{"href":"https:\/\/stoic-curie.212-227-153-4.plesk.page\/fr\/wp-json\/wp\/v2\/media?parent=3329848"}],"wp:term":[{"taxonomy":"product_brand","embeddable":true,"href":"https:\/\/stoic-curie.212-227-153-4.plesk.page\/fr\/wp-json\/wp\/v2\/product_brand?post=3329848"},{"taxonomy":"product_cat","embeddable":true,"href":"https:\/\/stoic-curie.212-227-153-4.plesk.page\/fr\/wp-json\/wp\/v2\/product_cat?post=3329848"},{"taxonomy":"product_tag","embeddable":true,"href":"https:\/\/stoic-curie.212-227-153-4.plesk.page\/fr\/wp-json\/wp\/v2\/product_tag?post=3329848"}],"curies":[{"name":"wp","href":"https:\/\/api.w.org\/{rel}","templated":true}]}}