{"id":3329889,"date":"2025-10-09T21:56:10","date_gmt":"2025-10-10T01:56:10","guid":{"rendered":"https:\/\/stoic-curie.212-227-153-4.plesk.page\/product\/triple-crochet-a-charniere-en-laiton-dore-73-x-36-mm\/"},"modified":"2026-02-24T23:08:02","modified_gmt":"2026-02-24T23:08:02","slug":"triple-crochet-a-charniere-en-laiton-dore-73-x-36-mm","status":"publish","type":"product","link":"https:\/\/stoic-curie.212-227-153-4.plesk.page\/fr\/product\/triple-crochet-a-charniere-en-laiton-dore-73-x-36-mm\/","title":{"rendered":"Triple crochet \u00e0 charni\u00e8re en laiton dor\u00e9, 73\u00a0x\u00a036\u00a0mm"},"content":{"rendered":"<p>Triple crochet \u00e0 charni\u00e8re en laiton dor\u00e9, 73\u00a0x\u00a036\u00a0mm &#8211; <\/p>\n<p>Armoire pliante en laiton avec 3 crochets.<\/p>\n","protected":false},"excerpt":{"rendered":"<p>Triple crochet \u00e0 charni\u00e8re en laiton dor\u00e9, 73\u00a0x\u00a036\u00a0mm &#8211; Armoire pliante en laiton avec 3 crochets.<\/p>\n","protected":false},"featured_media":5935735,"comment_status":"closed","ping_status":"closed","template":"","meta":[],"product_brand":[2944],"product_cat":[1066,1136],"product_tag":[],"class_list":{"0":"post-3329889","1":"product","2":"type-product","3":"status-publish","4":"has-post-thumbnail","6":"product_brand-foresti-suardi-fr","7":"product_cat-decors-nautique","8":"product_cat-equipements-de-cabine","10":"first","11":"instock","12":"shipping-taxable","13":"purchasable","14":"product-type-simple"},"_links":{"self":[{"href":"https:\/\/stoic-curie.212-227-153-4.plesk.page\/fr\/wp-json\/wp\/v2\/product\/3329889","targetHints":{"allow":["GET"]}}],"collection":[{"href":"https:\/\/stoic-curie.212-227-153-4.plesk.page\/fr\/wp-json\/wp\/v2\/product"}],"about":[{"href":"https:\/\/stoic-curie.212-227-153-4.plesk.page\/fr\/wp-json\/wp\/v2\/types\/product"}],"replies":[{"embeddable":true,"href":"https:\/\/stoic-curie.212-227-153-4.plesk.page\/fr\/wp-json\/wp\/v2\/comments?post=3329889"}],"version-history":[{"count":0,"href":"https:\/\/stoic-curie.212-227-153-4.plesk.page\/fr\/wp-json\/wp\/v2\/product\/3329889\/revisions"}],"wp:featuredmedia":[{"embeddable":true,"href":"https:\/\/stoic-curie.212-227-153-4.plesk.page\/fr\/wp-json\/wp\/v2\/media\/5935735"}],"wp:attachment":[{"href":"https:\/\/stoic-curie.212-227-153-4.plesk.page\/fr\/wp-json\/wp\/v2\/media?parent=3329889"}],"wp:term":[{"taxonomy":"product_brand","embeddable":true,"href":"https:\/\/stoic-curie.212-227-153-4.plesk.page\/fr\/wp-json\/wp\/v2\/product_brand?post=3329889"},{"taxonomy":"product_cat","embeddable":true,"href":"https:\/\/stoic-curie.212-227-153-4.plesk.page\/fr\/wp-json\/wp\/v2\/product_cat?post=3329889"},{"taxonomy":"product_tag","embeddable":true,"href":"https:\/\/stoic-curie.212-227-153-4.plesk.page\/fr\/wp-json\/wp\/v2\/product_tag?post=3329889"}],"curies":[{"name":"wp","href":"https:\/\/api.w.org\/{rel}","templated":true}]}}