{"id":3329913,"date":"2025-10-09T21:56:11","date_gmt":"2025-10-10T01:56:11","guid":{"rendered":"https:\/\/stoic-curie.212-227-153-4.plesk.page\/product\/antenne-vhf-scout-blanc-150cm\/"},"modified":"2026-02-24T23:08:02","modified_gmt":"2026-02-24T23:08:02","slug":"antenne-vhf-scout-blanc-150cm","status":"publish","type":"product","link":"https:\/\/stoic-curie.212-227-153-4.plesk.page\/fr\/product\/antenne-vhf-scout-blanc-150cm\/","title":{"rendered":"Antenne VHF Scout Blanc 150cm"},"content":{"rendered":"<p>Antenne VHF Scout Blanc 150cm &#8211; Antennes en fibre de verre pour un usage maritime, 100% \u00e9tanches. Cela est rendu possible gr\u00e2ce \u00e0 une r\u00e9sine sp\u00e9ciale inject\u00e9e sous pression \u00e0 l&#8217;int\u00e9rieur du stylet. Elle forme une couche \u00e9tanche qui, en plus d&#8217;assurer une \u00e9tanch\u00e9it\u00e9 totale, conf\u00e8re une plus grande r\u00e9sistance \u00e0 l&#8217;antenne. Le rev\u00eatement UV sp\u00e9cial conserve la couleur vive au fil du temps, \u00e9vitant ainsi la d\u00e9t\u00e9rioration. Puissance maximale de 50 W, c\u00e2ble de 5 m avec un gain de 3 dB. Ne coupez pas le c\u00e2ble.<\/p>\n","protected":false},"excerpt":{"rendered":"<p>Antenne VHF Scout Blanc 150cm &#8211; Antennes en fibre de verre pour un usage maritime, 100% \u00e9tanches. Cela est rendu<\/p>\n","protected":false},"featured_media":5935738,"comment_status":"closed","ping_status":"closed","template":"","meta":[],"product_brand":[3234],"product_cat":[1179],"product_tag":[],"class_list":{"0":"post-3329913","1":"product","2":"type-product","3":"status-publish","4":"has-post-thumbnail","6":"product_brand-osculati-fr","7":"product_cat-antennes-vhf","9":"first","10":"instock","11":"shipping-taxable","12":"purchasable","13":"product-type-simple"},"_links":{"self":[{"href":"https:\/\/stoic-curie.212-227-153-4.plesk.page\/fr\/wp-json\/wp\/v2\/product\/3329913","targetHints":{"allow":["GET"]}}],"collection":[{"href":"https:\/\/stoic-curie.212-227-153-4.plesk.page\/fr\/wp-json\/wp\/v2\/product"}],"about":[{"href":"https:\/\/stoic-curie.212-227-153-4.plesk.page\/fr\/wp-json\/wp\/v2\/types\/product"}],"replies":[{"embeddable":true,"href":"https:\/\/stoic-curie.212-227-153-4.plesk.page\/fr\/wp-json\/wp\/v2\/comments?post=3329913"}],"version-history":[{"count":0,"href":"https:\/\/stoic-curie.212-227-153-4.plesk.page\/fr\/wp-json\/wp\/v2\/product\/3329913\/revisions"}],"wp:featuredmedia":[{"embeddable":true,"href":"https:\/\/stoic-curie.212-227-153-4.plesk.page\/fr\/wp-json\/wp\/v2\/media\/5935738"}],"wp:attachment":[{"href":"https:\/\/stoic-curie.212-227-153-4.plesk.page\/fr\/wp-json\/wp\/v2\/media?parent=3329913"}],"wp:term":[{"taxonomy":"product_brand","embeddable":true,"href":"https:\/\/stoic-curie.212-227-153-4.plesk.page\/fr\/wp-json\/wp\/v2\/product_brand?post=3329913"},{"taxonomy":"product_cat","embeddable":true,"href":"https:\/\/stoic-curie.212-227-153-4.plesk.page\/fr\/wp-json\/wp\/v2\/product_cat?post=3329913"},{"taxonomy":"product_tag","embeddable":true,"href":"https:\/\/stoic-curie.212-227-153-4.plesk.page\/fr\/wp-json\/wp\/v2\/product_tag?post=3329913"}],"curies":[{"name":"wp","href":"https:\/\/api.w.org\/{rel}","templated":true}]}}