{"id":3329965,"date":"2025-10-09T21:56:13","date_gmt":"2025-10-10T01:56:13","guid":{"rendered":"https:\/\/stoic-curie.212-227-153-4.plesk.page\/product\/tendeurs-de-cables-en-acier-inoxydable-avec-borne-de-presse-4mm\/"},"modified":"2026-02-24T23:08:02","modified_gmt":"2026-02-24T23:08:02","slug":"tendeurs-de-cables-en-acier-inoxydable-avec-borne-de-presse-4mm","status":"publish","type":"product","link":"https:\/\/stoic-curie.212-227-153-4.plesk.page\/fr\/product\/tendeurs-de-cables-en-acier-inoxydable-avec-borne-de-presse-4mm\/","title":{"rendered":"Tendeurs de c\u00e2bles en acier inoxydable avec Borne de Presse 4mm"},"content":{"rendered":"<p>Tendeurs de c\u00e2bles en acier inoxydable avec Borne de Presse 4mm &#8211; Vis de gr\u00e9ement tournantes en acier inoxydable avec terminal \u00e0 pression. Taille : Fil \u00d8 4 mm. Filetage M8 L1 180 mm. L2 250 mm. C 7 mm. D 8 mm.<\/p>\n","protected":false},"excerpt":{"rendered":"<p>Tendeurs de c\u00e2bles en acier inoxydable avec Borne de Presse 4mm &#8211; Vis de gr\u00e9ement tournantes en acier inoxydable avec<\/p>\n","protected":false},"featured_media":5935748,"comment_status":"closed","ping_status":"closed","template":"","meta":[],"product_brand":[3119],"product_cat":[1127,1183],"product_tag":[],"class_list":{"0":"post-3329965","1":"product","2":"type-product","3":"status-publish","4":"has-post-thumbnail","6":"product_brand-marinetech-fr","7":"product_cat-tendeurs-de-cable","8":"product_cat-tendeurs-de-cable-accastillage-voiliers","10":"first","11":"instock","12":"shipping-taxable","13":"purchasable","14":"product-type-simple"},"_links":{"self":[{"href":"https:\/\/stoic-curie.212-227-153-4.plesk.page\/fr\/wp-json\/wp\/v2\/product\/3329965","targetHints":{"allow":["GET"]}}],"collection":[{"href":"https:\/\/stoic-curie.212-227-153-4.plesk.page\/fr\/wp-json\/wp\/v2\/product"}],"about":[{"href":"https:\/\/stoic-curie.212-227-153-4.plesk.page\/fr\/wp-json\/wp\/v2\/types\/product"}],"replies":[{"embeddable":true,"href":"https:\/\/stoic-curie.212-227-153-4.plesk.page\/fr\/wp-json\/wp\/v2\/comments?post=3329965"}],"version-history":[{"count":0,"href":"https:\/\/stoic-curie.212-227-153-4.plesk.page\/fr\/wp-json\/wp\/v2\/product\/3329965\/revisions"}],"wp:featuredmedia":[{"embeddable":true,"href":"https:\/\/stoic-curie.212-227-153-4.plesk.page\/fr\/wp-json\/wp\/v2\/media\/5935748"}],"wp:attachment":[{"href":"https:\/\/stoic-curie.212-227-153-4.plesk.page\/fr\/wp-json\/wp\/v2\/media?parent=3329965"}],"wp:term":[{"taxonomy":"product_brand","embeddable":true,"href":"https:\/\/stoic-curie.212-227-153-4.plesk.page\/fr\/wp-json\/wp\/v2\/product_brand?post=3329965"},{"taxonomy":"product_cat","embeddable":true,"href":"https:\/\/stoic-curie.212-227-153-4.plesk.page\/fr\/wp-json\/wp\/v2\/product_cat?post=3329965"},{"taxonomy":"product_tag","embeddable":true,"href":"https:\/\/stoic-curie.212-227-153-4.plesk.page\/fr\/wp-json\/wp\/v2\/product_tag?post=3329965"}],"curies":[{"name":"wp","href":"https:\/\/api.w.org\/{rel}","templated":true}]}}