{"id":3329983,"date":"2025-10-09T21:56:13","date_gmt":"2025-10-10T01:56:13","guid":{"rendered":"https:\/\/stoic-curie.212-227-153-4.plesk.page\/product\/tendeurs-de-cables-tubulaires-en-acier-inoxydable-avec-borne-quick-pour-cable-5mm\/"},"modified":"2026-02-24T23:08:02","modified_gmt":"2026-02-24T23:08:02","slug":"tendeurs-de-cables-tubulaires-en-acier-inoxydable-avec-borne-quick-pour-cable-5mm","status":"publish","type":"product","link":"https:\/\/stoic-curie.212-227-153-4.plesk.page\/fr\/product\/tendeurs-de-cables-tubulaires-en-acier-inoxydable-avec-borne-quick-pour-cable-5mm\/","title":{"rendered":"Tendeurs de c\u00e2bles tubulaires en acier inoxydable avec borne quick pour c\u00e2ble 5mm"},"content":{"rendered":"<p>Tendeurs de c\u00e2bles tubulaires en acier inoxydable avec borne quick pour c\u00e2ble 5mm &#8211; Vis de gr\u00e9ement en acier inoxydable, avec terminaison rapide \u00e0 m\u00e2choire. Taille : Fil \u00d8 5 mm. Filetage M10 L1 185 mm. L2 285 mm. C 8 mm. D 10 mm.<\/p>\n","protected":false},"excerpt":{"rendered":"<p>Tendeurs de c\u00e2bles tubulaires en acier inoxydable avec borne quick pour c\u00e2ble 5mm &#8211; Vis de gr\u00e9ement en acier inoxydable,<\/p>\n","protected":false},"featured_media":5935750,"comment_status":"closed","ping_status":"closed","template":"","meta":[],"product_brand":[3119],"product_cat":[1127,1183],"product_tag":[],"class_list":{"0":"post-3329983","1":"product","2":"type-product","3":"status-publish","4":"has-post-thumbnail","6":"product_brand-marinetech-fr","7":"product_cat-tendeurs-de-cable","8":"product_cat-tendeurs-de-cable-accastillage-voiliers","10":"first","11":"instock","12":"shipping-taxable","13":"purchasable","14":"product-type-simple"},"_links":{"self":[{"href":"https:\/\/stoic-curie.212-227-153-4.plesk.page\/fr\/wp-json\/wp\/v2\/product\/3329983","targetHints":{"allow":["GET"]}}],"collection":[{"href":"https:\/\/stoic-curie.212-227-153-4.plesk.page\/fr\/wp-json\/wp\/v2\/product"}],"about":[{"href":"https:\/\/stoic-curie.212-227-153-4.plesk.page\/fr\/wp-json\/wp\/v2\/types\/product"}],"replies":[{"embeddable":true,"href":"https:\/\/stoic-curie.212-227-153-4.plesk.page\/fr\/wp-json\/wp\/v2\/comments?post=3329983"}],"version-history":[{"count":0,"href":"https:\/\/stoic-curie.212-227-153-4.plesk.page\/fr\/wp-json\/wp\/v2\/product\/3329983\/revisions"}],"wp:featuredmedia":[{"embeddable":true,"href":"https:\/\/stoic-curie.212-227-153-4.plesk.page\/fr\/wp-json\/wp\/v2\/media\/5935750"}],"wp:attachment":[{"href":"https:\/\/stoic-curie.212-227-153-4.plesk.page\/fr\/wp-json\/wp\/v2\/media?parent=3329983"}],"wp:term":[{"taxonomy":"product_brand","embeddable":true,"href":"https:\/\/stoic-curie.212-227-153-4.plesk.page\/fr\/wp-json\/wp\/v2\/product_brand?post=3329983"},{"taxonomy":"product_cat","embeddable":true,"href":"https:\/\/stoic-curie.212-227-153-4.plesk.page\/fr\/wp-json\/wp\/v2\/product_cat?post=3329983"},{"taxonomy":"product_tag","embeddable":true,"href":"https:\/\/stoic-curie.212-227-153-4.plesk.page\/fr\/wp-json\/wp\/v2\/product_tag?post=3329983"}],"curies":[{"name":"wp","href":"https:\/\/api.w.org\/{rel}","templated":true}]}}