{"id":3329993,"date":"2025-10-09T21:56:14","date_gmt":"2025-10-10T01:56:14","guid":{"rendered":"https:\/\/stoic-curie.212-227-153-4.plesk.page\/product\/clip-de-cable-en-acier-inoxydable-2-3mm\/"},"modified":"2026-02-24T23:08:02","modified_gmt":"2026-02-24T23:08:02","slug":"clip-de-cable-en-acier-inoxydable-2-3mm","status":"publish","type":"product","link":"https:\/\/stoic-curie.212-227-153-4.plesk.page\/fr\/product\/clip-de-cable-en-acier-inoxydable-2-3mm\/","title":{"rendered":"Clip de c\u00e2ble en Acier Inoxydable 2-3mm"},"content":{"rendered":"<p>Clip de c\u00e2ble en Acier Inoxydable 2-3mm &#8211; Clip de c\u00e2ble en acier inoxydable AISI 316. Taille : C\u00e2ble : \u00d8 2-3 mm. M4 A 21 mm. H 10 mm.<\/p>\n","protected":false},"excerpt":{"rendered":"<p>Clip de c\u00e2ble en Acier Inoxydable 2-3mm &#8211; Clip de c\u00e2ble en acier inoxydable AISI 316. Taille : C\u00e2ble :<\/p>\n","protected":false},"featured_media":5935754,"comment_status":"closed","ping_status":"closed","template":"","meta":[],"product_brand":[3119],"product_cat":[1116,1122],"product_tag":[],"class_list":{"0":"post-3329993","1":"product","2":"type-product","3":"status-publish","4":"has-post-thumbnail","6":"product_brand-marinetech-fr","7":"product_cat-manchons-de-cable","8":"product_cat-terminaux-de-cables","10":"first","11":"instock","12":"shipping-taxable","13":"purchasable","14":"product-type-simple"},"_links":{"self":[{"href":"https:\/\/stoic-curie.212-227-153-4.plesk.page\/fr\/wp-json\/wp\/v2\/product\/3329993","targetHints":{"allow":["GET"]}}],"collection":[{"href":"https:\/\/stoic-curie.212-227-153-4.plesk.page\/fr\/wp-json\/wp\/v2\/product"}],"about":[{"href":"https:\/\/stoic-curie.212-227-153-4.plesk.page\/fr\/wp-json\/wp\/v2\/types\/product"}],"replies":[{"embeddable":true,"href":"https:\/\/stoic-curie.212-227-153-4.plesk.page\/fr\/wp-json\/wp\/v2\/comments?post=3329993"}],"version-history":[{"count":0,"href":"https:\/\/stoic-curie.212-227-153-4.plesk.page\/fr\/wp-json\/wp\/v2\/product\/3329993\/revisions"}],"wp:featuredmedia":[{"embeddable":true,"href":"https:\/\/stoic-curie.212-227-153-4.plesk.page\/fr\/wp-json\/wp\/v2\/media\/5935754"}],"wp:attachment":[{"href":"https:\/\/stoic-curie.212-227-153-4.plesk.page\/fr\/wp-json\/wp\/v2\/media?parent=3329993"}],"wp:term":[{"taxonomy":"product_brand","embeddable":true,"href":"https:\/\/stoic-curie.212-227-153-4.plesk.page\/fr\/wp-json\/wp\/v2\/product_brand?post=3329993"},{"taxonomy":"product_cat","embeddable":true,"href":"https:\/\/stoic-curie.212-227-153-4.plesk.page\/fr\/wp-json\/wp\/v2\/product_cat?post=3329993"},{"taxonomy":"product_tag","embeddable":true,"href":"https:\/\/stoic-curie.212-227-153-4.plesk.page\/fr\/wp-json\/wp\/v2\/product_tag?post=3329993"}],"curies":[{"name":"wp","href":"https:\/\/api.w.org\/{rel}","templated":true}]}}