{"id":3330007,"date":"2025-10-09T21:56:14","date_gmt":"2025-10-10T01:56:14","guid":{"rendered":"https:\/\/stoic-curie.212-227-153-4.plesk.page\/product\/embouts-inox-a-chape-norseman-pour-cables-de-d-5-mm\/"},"modified":"2026-02-24T23:08:02","modified_gmt":"2026-02-24T23:08:02","slug":"embouts-inox-a-chape-norseman-pour-cables-de-d-5-mm","status":"publish","type":"product","link":"https:\/\/stoic-curie.212-227-153-4.plesk.page\/fr\/product\/embouts-inox-a-chape-norseman-pour-cables-de-d-5-mm\/","title":{"rendered":"Embouts inox \u00e0 chape Norseman, pour c\u00e2bles de D\u00a05\u00a0mm"},"content":{"rendered":"<p>Embouts inox \u00e0 chape Norseman, pour c\u00e2bles de D\u00a05\u00a0mm &#8211; <\/p>\n<p>Terminaux fourche sans lien en acier inoxydable 316. Puissance de maintien exceptionnelle correspondant \u00e0 la charge de rupture du fil. Facile \u00e0 monter, il suffit d&#8217;ins\u00e9rer le fil d&#8217;acier dans le terminal et la broche l&#8217;attrape automatiquement. Convient \u00e0 tous les types de fils en acier (fils 19\/49\/133).<\/p>\n","protected":false},"excerpt":{"rendered":"<p>Embouts inox \u00e0 chape Norseman, pour c\u00e2bles de D\u00a05\u00a0mm &#8211; Terminaux fourche sans lien en acier inoxydable 316. Puissance de<\/p>\n","protected":false},"featured_media":5935756,"comment_status":"closed","ping_status":"closed","template":"","meta":[],"product_brand":[3119],"product_cat":[1191,1122],"product_tag":[],"class_list":{"0":"post-3330007","1":"product","2":"type-product","3":"status-publish","4":"has-post-thumbnail","6":"product_brand-marinetech-fr","7":"product_cat-quincaillerie","8":"product_cat-terminaux-de-cables","10":"first","11":"instock","12":"shipping-taxable","13":"purchasable","14":"product-type-simple"},"_links":{"self":[{"href":"https:\/\/stoic-curie.212-227-153-4.plesk.page\/fr\/wp-json\/wp\/v2\/product\/3330007","targetHints":{"allow":["GET"]}}],"collection":[{"href":"https:\/\/stoic-curie.212-227-153-4.plesk.page\/fr\/wp-json\/wp\/v2\/product"}],"about":[{"href":"https:\/\/stoic-curie.212-227-153-4.plesk.page\/fr\/wp-json\/wp\/v2\/types\/product"}],"replies":[{"embeddable":true,"href":"https:\/\/stoic-curie.212-227-153-4.plesk.page\/fr\/wp-json\/wp\/v2\/comments?post=3330007"}],"version-history":[{"count":0,"href":"https:\/\/stoic-curie.212-227-153-4.plesk.page\/fr\/wp-json\/wp\/v2\/product\/3330007\/revisions"}],"wp:featuredmedia":[{"embeddable":true,"href":"https:\/\/stoic-curie.212-227-153-4.plesk.page\/fr\/wp-json\/wp\/v2\/media\/5935756"}],"wp:attachment":[{"href":"https:\/\/stoic-curie.212-227-153-4.plesk.page\/fr\/wp-json\/wp\/v2\/media?parent=3330007"}],"wp:term":[{"taxonomy":"product_brand","embeddable":true,"href":"https:\/\/stoic-curie.212-227-153-4.plesk.page\/fr\/wp-json\/wp\/v2\/product_brand?post=3330007"},{"taxonomy":"product_cat","embeddable":true,"href":"https:\/\/stoic-curie.212-227-153-4.plesk.page\/fr\/wp-json\/wp\/v2\/product_cat?post=3330007"},{"taxonomy":"product_tag","embeddable":true,"href":"https:\/\/stoic-curie.212-227-153-4.plesk.page\/fr\/wp-json\/wp\/v2\/product_tag?post=3330007"}],"curies":[{"name":"wp","href":"https:\/\/api.w.org\/{rel}","templated":true}]}}