{"id":3330009,"date":"2025-10-09T21:56:14","date_gmt":"2025-10-10T01:56:14","guid":{"rendered":"https:\/\/stoic-curie.212-227-153-4.plesk.page\/product\/terminaison-oeil-dacier-inoxydable-pour-le-cable-6mm-terminaux-de-presse\/"},"modified":"2026-02-24T23:08:02","modified_gmt":"2026-02-24T23:08:02","slug":"terminaison-oeil-dacier-inoxydable-pour-le-cable-6mm-terminaux-de-presse","status":"publish","type":"product","link":"https:\/\/stoic-curie.212-227-153-4.plesk.page\/fr\/product\/terminaison-oeil-dacier-inoxydable-pour-le-cable-6mm-terminaux-de-presse\/","title":{"rendered":"Terminaison oeil d`acier inoxydable pour le c\u00e2ble 6mm (terminaux de presse)"},"content":{"rendered":"<p>Terminaison oeil d`acier inoxydable pour le c\u00e2ble 6mm (terminaux de presse) &#8211; Terminais d&#8217;\u0153il \u00e0 sertir en acier inoxydable Aisi 316. Taille : Fil \u00d8 6 mm. B1 6,2 mm. B2 12 mm. C 10 mm. D 12 mm. L 55 mm.<\/p>\n","protected":false},"excerpt":{"rendered":"<p>Terminaison oeil d`acier inoxydable pour le c\u00e2ble 6mm (terminaux de presse) &#8211; Terminais d&#8217;\u0153il \u00e0 sertir en acier inoxydable Aisi<\/p>\n","protected":false},"featured_media":5935760,"comment_status":"closed","ping_status":"closed","template":"","meta":[],"product_brand":[3119],"product_cat":[1191,1122],"product_tag":[],"class_list":{"0":"post-3330009","1":"product","2":"type-product","3":"status-publish","4":"has-post-thumbnail","6":"product_brand-marinetech-fr","7":"product_cat-quincaillerie","8":"product_cat-terminaux-de-cables","10":"first","11":"instock","12":"shipping-taxable","13":"purchasable","14":"product-type-simple"},"_links":{"self":[{"href":"https:\/\/stoic-curie.212-227-153-4.plesk.page\/fr\/wp-json\/wp\/v2\/product\/3330009","targetHints":{"allow":["GET"]}}],"collection":[{"href":"https:\/\/stoic-curie.212-227-153-4.plesk.page\/fr\/wp-json\/wp\/v2\/product"}],"about":[{"href":"https:\/\/stoic-curie.212-227-153-4.plesk.page\/fr\/wp-json\/wp\/v2\/types\/product"}],"replies":[{"embeddable":true,"href":"https:\/\/stoic-curie.212-227-153-4.plesk.page\/fr\/wp-json\/wp\/v2\/comments?post=3330009"}],"version-history":[{"count":0,"href":"https:\/\/stoic-curie.212-227-153-4.plesk.page\/fr\/wp-json\/wp\/v2\/product\/3330009\/revisions"}],"wp:featuredmedia":[{"embeddable":true,"href":"https:\/\/stoic-curie.212-227-153-4.plesk.page\/fr\/wp-json\/wp\/v2\/media\/5935760"}],"wp:attachment":[{"href":"https:\/\/stoic-curie.212-227-153-4.plesk.page\/fr\/wp-json\/wp\/v2\/media?parent=3330009"}],"wp:term":[{"taxonomy":"product_brand","embeddable":true,"href":"https:\/\/stoic-curie.212-227-153-4.plesk.page\/fr\/wp-json\/wp\/v2\/product_brand?post=3330009"},{"taxonomy":"product_cat","embeddable":true,"href":"https:\/\/stoic-curie.212-227-153-4.plesk.page\/fr\/wp-json\/wp\/v2\/product_cat?post=3330009"},{"taxonomy":"product_tag","embeddable":true,"href":"https:\/\/stoic-curie.212-227-153-4.plesk.page\/fr\/wp-json\/wp\/v2\/product_tag?post=3330009"}],"curies":[{"name":"wp","href":"https:\/\/api.w.org\/{rel}","templated":true}]}}