{"id":3330022,"date":"2025-10-09T21:56:15","date_gmt":"2025-10-10T01:56:15","guid":{"rendered":"https:\/\/stoic-curie.212-227-153-4.plesk.page\/product\/mousqueton-kong-a-large-ouverture-d-10-mm\/"},"modified":"2026-02-24T23:08:02","modified_gmt":"2026-02-24T23:08:02","slug":"mousqueton-kong-a-large-ouverture-d-10-mm","status":"publish","type":"product","link":"https:\/\/stoic-curie.212-227-153-4.plesk.page\/fr\/product\/mousqueton-kong-a-large-ouverture-d-10-mm\/","title":{"rendered":"Mousqueton Kong \u00e0 large ouverture, D\u00a010\u00a0mm"},"content":{"rendered":"<p>Mousqueton Kong \u00e0 large ouverture, D\u00a010\u00a0mm &#8211; <\/p>\n<p>Hamac en acier inoxydable 316 avec ouverture large. Syst\u00e8me d&#8217;accrochage antid\u00e9rapant. \u00c9vite l&#8217;enchev\u00eatrement des lignes.<\/p>\n","protected":false},"excerpt":{"rendered":"<p>Mousqueton Kong \u00e0 large ouverture, D\u00a010\u00a0mm &#8211; Hamac en acier inoxydable 316 avec ouverture large. Syst\u00e8me d&#8217;accrochage antid\u00e9rapant. \u00c9vite l&#8217;enchev\u00eatrement<\/p>\n","protected":false},"featured_media":5935762,"comment_status":"closed","ping_status":"closed","template":"","meta":[],"product_brand":[3049],"product_cat":[1131],"product_tag":[],"class_list":{"0":"post-3330022","1":"product","2":"type-product","3":"status-publish","4":"has-post-thumbnail","6":"product_brand-kong-fr","7":"product_cat-mousquetons","9":"first","10":"instock","11":"shipping-taxable","12":"purchasable","13":"product-type-simple"},"_links":{"self":[{"href":"https:\/\/stoic-curie.212-227-153-4.plesk.page\/fr\/wp-json\/wp\/v2\/product\/3330022","targetHints":{"allow":["GET"]}}],"collection":[{"href":"https:\/\/stoic-curie.212-227-153-4.plesk.page\/fr\/wp-json\/wp\/v2\/product"}],"about":[{"href":"https:\/\/stoic-curie.212-227-153-4.plesk.page\/fr\/wp-json\/wp\/v2\/types\/product"}],"replies":[{"embeddable":true,"href":"https:\/\/stoic-curie.212-227-153-4.plesk.page\/fr\/wp-json\/wp\/v2\/comments?post=3330022"}],"version-history":[{"count":0,"href":"https:\/\/stoic-curie.212-227-153-4.plesk.page\/fr\/wp-json\/wp\/v2\/product\/3330022\/revisions"}],"wp:featuredmedia":[{"embeddable":true,"href":"https:\/\/stoic-curie.212-227-153-4.plesk.page\/fr\/wp-json\/wp\/v2\/media\/5935762"}],"wp:attachment":[{"href":"https:\/\/stoic-curie.212-227-153-4.plesk.page\/fr\/wp-json\/wp\/v2\/media?parent=3330022"}],"wp:term":[{"taxonomy":"product_brand","embeddable":true,"href":"https:\/\/stoic-curie.212-227-153-4.plesk.page\/fr\/wp-json\/wp\/v2\/product_brand?post=3330022"},{"taxonomy":"product_cat","embeddable":true,"href":"https:\/\/stoic-curie.212-227-153-4.plesk.page\/fr\/wp-json\/wp\/v2\/product_cat?post=3330022"},{"taxonomy":"product_tag","embeddable":true,"href":"https:\/\/stoic-curie.212-227-153-4.plesk.page\/fr\/wp-json\/wp\/v2\/product_tag?post=3330022"}],"curies":[{"name":"wp","href":"https:\/\/api.w.org\/{rel}","templated":true}]}}