{"id":3330138,"date":"2025-10-09T21:56:18","date_gmt":"2025-10-10T01:56:18","guid":{"rendered":"https:\/\/stoic-curie.212-227-153-4.plesk.page\/product\/manchon-dechappement-mercruiser-32-14358001\/"},"modified":"2026-02-24T23:08:02","modified_gmt":"2026-02-24T23:08:02","slug":"manchon-dechappement-mercruiser-32-14358001","status":"publish","type":"product","link":"https:\/\/stoic-curie.212-227-153-4.plesk.page\/fr\/product\/manchon-dechappement-mercruiser-32-14358001\/","title":{"rendered":"Manchon d\u2019\u00e9chappement Mercruiser 32-14358001"},"content":{"rendered":"<p>Manchon d\u2019\u00e9chappement Mercruiser 32-14358001 &#8211; <\/p>\n<p>Manchons d&#8217;\u00e9chappement pour moteurs Mercruiser :<br \/>1.78.2L CMD-MPI-TKS<br \/>350496 MAG<br \/>Peut remplacer la pi\u00e8ce d&#8217;origine.<\/p>\n","protected":false},"excerpt":{"rendered":"<p>Manchon d\u2019\u00e9chappement Mercruiser 32-14358001 &#8211; Manchons d&#8217;\u00e9chappement pour moteurs Mercruiser :1.78.2L CMD-MPI-TKS350496 MAGPeut remplacer la pi\u00e8ce d&#8217;origine.<\/p>\n","protected":false},"featured_media":5935778,"comment_status":"closed","ping_status":"closed","template":"","meta":[],"product_brand":[3284],"product_cat":[1256],"product_tag":[],"class_list":{"0":"post-3330138","1":"product","2":"type-product","3":"status-publish","4":"has-post-thumbnail","6":"product_brand-quicksilver-fr","7":"product_cat-pieces-detachees-pour-moteurs-mercruiser","9":"first","10":"instock","11":"shipping-taxable","12":"purchasable","13":"product-type-simple"},"_links":{"self":[{"href":"https:\/\/stoic-curie.212-227-153-4.plesk.page\/fr\/wp-json\/wp\/v2\/product\/3330138","targetHints":{"allow":["GET"]}}],"collection":[{"href":"https:\/\/stoic-curie.212-227-153-4.plesk.page\/fr\/wp-json\/wp\/v2\/product"}],"about":[{"href":"https:\/\/stoic-curie.212-227-153-4.plesk.page\/fr\/wp-json\/wp\/v2\/types\/product"}],"replies":[{"embeddable":true,"href":"https:\/\/stoic-curie.212-227-153-4.plesk.page\/fr\/wp-json\/wp\/v2\/comments?post=3330138"}],"version-history":[{"count":0,"href":"https:\/\/stoic-curie.212-227-153-4.plesk.page\/fr\/wp-json\/wp\/v2\/product\/3330138\/revisions"}],"wp:featuredmedia":[{"embeddable":true,"href":"https:\/\/stoic-curie.212-227-153-4.plesk.page\/fr\/wp-json\/wp\/v2\/media\/5935778"}],"wp:attachment":[{"href":"https:\/\/stoic-curie.212-227-153-4.plesk.page\/fr\/wp-json\/wp\/v2\/media?parent=3330138"}],"wp:term":[{"taxonomy":"product_brand","embeddable":true,"href":"https:\/\/stoic-curie.212-227-153-4.plesk.page\/fr\/wp-json\/wp\/v2\/product_brand?post=3330138"},{"taxonomy":"product_cat","embeddable":true,"href":"https:\/\/stoic-curie.212-227-153-4.plesk.page\/fr\/wp-json\/wp\/v2\/product_cat?post=3330138"},{"taxonomy":"product_tag","embeddable":true,"href":"https:\/\/stoic-curie.212-227-153-4.plesk.page\/fr\/wp-json\/wp\/v2\/product_tag?post=3330138"}],"curies":[{"name":"wp","href":"https:\/\/api.w.org\/{rel}","templated":true}]}}