{"id":3330154,"date":"2025-10-09T21:56:19","date_gmt":"2025-10-10T01:56:19","guid":{"rendered":"https:\/\/stoic-curie.212-227-153-4.plesk.page\/product\/bande-adhesive-de-reparation-de-voile-en-kevlar-50-mm-x-15-m\/"},"modified":"2026-02-24T23:08:02","modified_gmt":"2026-02-24T23:08:02","slug":"bande-adhesive-de-reparation-de-voile-en-kevlar-50-mm-x-15-m","status":"publish","type":"product","link":"https:\/\/stoic-curie.212-227-153-4.plesk.page\/fr\/product\/bande-adhesive-de-reparation-de-voile-en-kevlar-50-mm-x-15-m\/","title":{"rendered":"Bande adh\u00e9sive de r\u00e9paration de voile en kevlar, 50\u00a0mm\u00a0x\u00a01,5\u00a0m"},"content":{"rendered":"<p>Bande adh\u00e9sive de r\u00e9paration de voile en kevlar, 50\u00a0mm\u00a0x\u00a01,5\u00a0m &#8211; <\/p>\n<p>Ruban en Kevlar sp\u00e9cialement con\u00e7u pour r\u00e9parer les voiles en Kevlar.<\/p>\n","protected":false},"excerpt":{"rendered":"<p>Bande adh\u00e9sive de r\u00e9paration de voile en kevlar, 50\u00a0mm\u00a0x\u00a01,5\u00a0m &#8211; Ruban en Kevlar sp\u00e9cialement con\u00e7u pour r\u00e9parer les voiles en<\/p>\n","protected":false},"featured_media":5935780,"comment_status":"closed","ping_status":"closed","template":"","meta":[],"product_brand":[3234],"product_cat":[1197,1053],"product_tag":[],"class_list":{"0":"post-3330154","1":"product","2":"type-product","3":"status-publish","4":"has-post-thumbnail","6":"product_brand-osculati-fr","7":"product_cat-accessoires-pour-voiliers","8":"product_cat-bandes-de-reparation","10":"first","11":"instock","12":"shipping-taxable","13":"purchasable","14":"product-type-simple"},"_links":{"self":[{"href":"https:\/\/stoic-curie.212-227-153-4.plesk.page\/fr\/wp-json\/wp\/v2\/product\/3330154","targetHints":{"allow":["GET"]}}],"collection":[{"href":"https:\/\/stoic-curie.212-227-153-4.plesk.page\/fr\/wp-json\/wp\/v2\/product"}],"about":[{"href":"https:\/\/stoic-curie.212-227-153-4.plesk.page\/fr\/wp-json\/wp\/v2\/types\/product"}],"replies":[{"embeddable":true,"href":"https:\/\/stoic-curie.212-227-153-4.plesk.page\/fr\/wp-json\/wp\/v2\/comments?post=3330154"}],"version-history":[{"count":0,"href":"https:\/\/stoic-curie.212-227-153-4.plesk.page\/fr\/wp-json\/wp\/v2\/product\/3330154\/revisions"}],"wp:featuredmedia":[{"embeddable":true,"href":"https:\/\/stoic-curie.212-227-153-4.plesk.page\/fr\/wp-json\/wp\/v2\/media\/5935780"}],"wp:attachment":[{"href":"https:\/\/stoic-curie.212-227-153-4.plesk.page\/fr\/wp-json\/wp\/v2\/media?parent=3330154"}],"wp:term":[{"taxonomy":"product_brand","embeddable":true,"href":"https:\/\/stoic-curie.212-227-153-4.plesk.page\/fr\/wp-json\/wp\/v2\/product_brand?post=3330154"},{"taxonomy":"product_cat","embeddable":true,"href":"https:\/\/stoic-curie.212-227-153-4.plesk.page\/fr\/wp-json\/wp\/v2\/product_cat?post=3330154"},{"taxonomy":"product_tag","embeddable":true,"href":"https:\/\/stoic-curie.212-227-153-4.plesk.page\/fr\/wp-json\/wp\/v2\/product_tag?post=3330154"}],"curies":[{"name":"wp","href":"https:\/\/api.w.org\/{rel}","templated":true}]}}