{"id":3364650,"date":"2025-10-09T22:15:58","date_gmt":"2025-10-10T02:15:58","guid":{"rendered":"https:\/\/stoic-curie.212-227-153-4.plesk.page\/product\/mousqueton-large-a-oeil-kong-a-grande-ouverture-laterale-d-8-mm\/"},"modified":"2026-02-24T23:08:34","modified_gmt":"2026-02-24T23:08:34","slug":"mousqueton-large-a-oeil-kong-a-grande-ouverture-laterale-d-8-mm","status":"publish","type":"product","link":"https:\/\/stoic-curie.212-227-153-4.plesk.page\/fr\/product\/mousqueton-large-a-oeil-kong-a-grande-ouverture-laterale-d-8-mm\/","title":{"rendered":"Mousqueton large \u00e0 \u0153il Kong \u00e0 grande ouverture lat\u00e9rale, D\u00a08\u00a0mm"},"content":{"rendered":"<p>Mousqueton large \u00e0 \u0153il Kong \u00e0 grande ouverture lat\u00e9rale, D\u00a08\u00a0mm &#8211; <\/p>\n<p>Housse de carabine en acier inoxydable 316 avec large ouverture lat\u00e9rale et \u0153il. Syst\u00e8me de fixation antid\u00e9rapant. \u00c9vite l&#8217;enchev\u00eatrement des lignes.<\/p>\n","protected":false},"excerpt":{"rendered":"<p>Mousqueton large \u00e0 \u0153il Kong \u00e0 grande ouverture lat\u00e9rale, D\u00a08\u00a0mm &#8211; Housse de carabine en acier inoxydable 316 avec large<\/p>\n","protected":false},"featured_media":5943070,"comment_status":"closed","ping_status":"closed","template":"","meta":[],"product_brand":[3049],"product_cat":[1131],"product_tag":[],"class_list":{"0":"post-3364650","1":"product","2":"type-product","3":"status-publish","4":"has-post-thumbnail","6":"product_brand-kong-fr","7":"product_cat-mousquetons","9":"first","10":"instock","11":"shipping-taxable","12":"purchasable","13":"product-type-simple"},"_links":{"self":[{"href":"https:\/\/stoic-curie.212-227-153-4.plesk.page\/fr\/wp-json\/wp\/v2\/product\/3364650","targetHints":{"allow":["GET"]}}],"collection":[{"href":"https:\/\/stoic-curie.212-227-153-4.plesk.page\/fr\/wp-json\/wp\/v2\/product"}],"about":[{"href":"https:\/\/stoic-curie.212-227-153-4.plesk.page\/fr\/wp-json\/wp\/v2\/types\/product"}],"replies":[{"embeddable":true,"href":"https:\/\/stoic-curie.212-227-153-4.plesk.page\/fr\/wp-json\/wp\/v2\/comments?post=3364650"}],"version-history":[{"count":0,"href":"https:\/\/stoic-curie.212-227-153-4.plesk.page\/fr\/wp-json\/wp\/v2\/product\/3364650\/revisions"}],"wp:featuredmedia":[{"embeddable":true,"href":"https:\/\/stoic-curie.212-227-153-4.plesk.page\/fr\/wp-json\/wp\/v2\/media\/5943070"}],"wp:attachment":[{"href":"https:\/\/stoic-curie.212-227-153-4.plesk.page\/fr\/wp-json\/wp\/v2\/media?parent=3364650"}],"wp:term":[{"taxonomy":"product_brand","embeddable":true,"href":"https:\/\/stoic-curie.212-227-153-4.plesk.page\/fr\/wp-json\/wp\/v2\/product_brand?post=3364650"},{"taxonomy":"product_cat","embeddable":true,"href":"https:\/\/stoic-curie.212-227-153-4.plesk.page\/fr\/wp-json\/wp\/v2\/product_cat?post=3364650"},{"taxonomy":"product_tag","embeddable":true,"href":"https:\/\/stoic-curie.212-227-153-4.plesk.page\/fr\/wp-json\/wp\/v2\/product_tag?post=3364650"}],"curies":[{"name":"wp","href":"https:\/\/api.w.org\/{rel}","templated":true}]}}