{"id":3364666,"date":"2025-10-09T22:15:58","date_gmt":"2025-10-10T02:15:58","guid":{"rendered":"https:\/\/stoic-curie.212-227-153-4.plesk.page\/product\/vis-a-metaux-a-oeil-en-inox-courte-m6\/"},"modified":"2026-02-24T23:08:34","modified_gmt":"2026-02-24T23:08:34","slug":"vis-a-metaux-a-oeil-en-inox-courte-m6","status":"publish","type":"product","link":"https:\/\/stoic-curie.212-227-153-4.plesk.page\/fr\/product\/vis-a-metaux-a-oeil-en-inox-courte-m6\/","title":{"rendered":"Vis \u00e0 m\u00e9taux \u00e0 \u0153il en inox, courte, M6"},"content":{"rendered":"<p>Vis \u00e0 m\u00e9taux \u00e0 \u0153il en inox, courte, M6 &#8211; <\/p>\n<p>Anneaux de levage m\u00e2les en acier inoxydable.<\/p>\n","protected":false},"excerpt":{"rendered":"<p>Vis \u00e0 m\u00e9taux \u00e0 \u0153il en inox, courte, M6 &#8211; Anneaux de levage m\u00e2les en acier inoxydable.<\/p>\n","protected":false},"featured_media":5937912,"comment_status":"closed","ping_status":"closed","template":"","meta":[],"product_brand":[3119],"product_cat":[1152,1191,1108],"product_tag":[],"class_list":{"0":"post-3364666","1":"product","2":"type-product","3":"status-publish","4":"has-post-thumbnail","6":"product_brand-marinetech-fr","7":"product_cat-boulons-a-oeil-en-acier-inoxydable","8":"product_cat-quincaillerie","9":"product_cat-quincaillerie-de-pont","11":"first","12":"instock","13":"shipping-taxable","14":"purchasable","15":"product-type-simple"},"_links":{"self":[{"href":"https:\/\/stoic-curie.212-227-153-4.plesk.page\/fr\/wp-json\/wp\/v2\/product\/3364666","targetHints":{"allow":["GET"]}}],"collection":[{"href":"https:\/\/stoic-curie.212-227-153-4.plesk.page\/fr\/wp-json\/wp\/v2\/product"}],"about":[{"href":"https:\/\/stoic-curie.212-227-153-4.plesk.page\/fr\/wp-json\/wp\/v2\/types\/product"}],"replies":[{"embeddable":true,"href":"https:\/\/stoic-curie.212-227-153-4.plesk.page\/fr\/wp-json\/wp\/v2\/comments?post=3364666"}],"version-history":[{"count":0,"href":"https:\/\/stoic-curie.212-227-153-4.plesk.page\/fr\/wp-json\/wp\/v2\/product\/3364666\/revisions"}],"wp:featuredmedia":[{"embeddable":true,"href":"https:\/\/stoic-curie.212-227-153-4.plesk.page\/fr\/wp-json\/wp\/v2\/media\/5937912"}],"wp:attachment":[{"href":"https:\/\/stoic-curie.212-227-153-4.plesk.page\/fr\/wp-json\/wp\/v2\/media?parent=3364666"}],"wp:term":[{"taxonomy":"product_brand","embeddable":true,"href":"https:\/\/stoic-curie.212-227-153-4.plesk.page\/fr\/wp-json\/wp\/v2\/product_brand?post=3364666"},{"taxonomy":"product_cat","embeddable":true,"href":"https:\/\/stoic-curie.212-227-153-4.plesk.page\/fr\/wp-json\/wp\/v2\/product_cat?post=3364666"},{"taxonomy":"product_tag","embeddable":true,"href":"https:\/\/stoic-curie.212-227-153-4.plesk.page\/fr\/wp-json\/wp\/v2\/product_tag?post=3364666"}],"curies":[{"name":"wp","href":"https:\/\/api.w.org\/{rel}","templated":true}]}}