{"id":3364705,"date":"2025-10-09T22:16:00","date_gmt":"2025-10-10T02:16:00","guid":{"rendered":"https:\/\/stoic-curie.212-227-153-4.plesk.page\/product\/poignee-en-inox-143-mm\/"},"modified":"2026-02-24T23:08:34","modified_gmt":"2026-02-24T23:08:34","slug":"poignee-en-inox-143-mm","status":"publish","type":"product","link":"https:\/\/stoic-curie.212-227-153-4.plesk.page\/fr\/product\/poignee-en-inox-143-mm\/","title":{"rendered":"Poign\u00e9e en inox, 143\u00a0mm"},"content":{"rendered":"<p>Poign\u00e9e en inox, 143\u00a0mm  &#8211; <\/p>\n<p>Poign\u00e9e de levage en acier inoxydable. Diam\u00e8tre de la poign\u00e9e 10 mm, trou de vis 5 mm.<\/p>\n","protected":false},"excerpt":{"rendered":"<p>Poign\u00e9e en inox, 143\u00a0mm &#8211; Poign\u00e9e de levage en acier inoxydable. Diam\u00e8tre de la poign\u00e9e 10 mm, trou de vis<\/p>\n","protected":false},"featured_media":5944315,"comment_status":"closed","ping_status":"closed","template":"","meta":[],"product_brand":[3489],"product_cat":[1133],"product_tag":[],"class_list":{"0":"post-3364705","1":"product","2":"type-product","3":"status-publish","4":"has-post-thumbnail","6":"product_brand-trem-fr","7":"product_cat-main-courantes","9":"first","10":"instock","11":"shipping-taxable","12":"purchasable","13":"product-type-simple"},"_links":{"self":[{"href":"https:\/\/stoic-curie.212-227-153-4.plesk.page\/fr\/wp-json\/wp\/v2\/product\/3364705","targetHints":{"allow":["GET"]}}],"collection":[{"href":"https:\/\/stoic-curie.212-227-153-4.plesk.page\/fr\/wp-json\/wp\/v2\/product"}],"about":[{"href":"https:\/\/stoic-curie.212-227-153-4.plesk.page\/fr\/wp-json\/wp\/v2\/types\/product"}],"replies":[{"embeddable":true,"href":"https:\/\/stoic-curie.212-227-153-4.plesk.page\/fr\/wp-json\/wp\/v2\/comments?post=3364705"}],"version-history":[{"count":0,"href":"https:\/\/stoic-curie.212-227-153-4.plesk.page\/fr\/wp-json\/wp\/v2\/product\/3364705\/revisions"}],"wp:featuredmedia":[{"embeddable":true,"href":"https:\/\/stoic-curie.212-227-153-4.plesk.page\/fr\/wp-json\/wp\/v2\/media\/5944315"}],"wp:attachment":[{"href":"https:\/\/stoic-curie.212-227-153-4.plesk.page\/fr\/wp-json\/wp\/v2\/media?parent=3364705"}],"wp:term":[{"taxonomy":"product_brand","embeddable":true,"href":"https:\/\/stoic-curie.212-227-153-4.plesk.page\/fr\/wp-json\/wp\/v2\/product_brand?post=3364705"},{"taxonomy":"product_cat","embeddable":true,"href":"https:\/\/stoic-curie.212-227-153-4.plesk.page\/fr\/wp-json\/wp\/v2\/product_cat?post=3364705"},{"taxonomy":"product_tag","embeddable":true,"href":"https:\/\/stoic-curie.212-227-153-4.plesk.page\/fr\/wp-json\/wp\/v2\/product_tag?post=3364705"}],"curies":[{"name":"wp","href":"https:\/\/api.w.org\/{rel}","templated":true}]}}