{"id":3364739,"date":"2025-10-09T22:16:01","date_gmt":"2025-10-10T02:16:01","guid":{"rendered":"https:\/\/stoic-curie.212-227-153-4.plesk.page\/product\/gaffe-telescopique-bleue-120-200-cm\/"},"modified":"2026-02-24T23:08:34","modified_gmt":"2026-02-24T23:08:34","slug":"gaffe-telescopique-bleue-120-200-cm","status":"publish","type":"product","link":"https:\/\/stoic-curie.212-227-153-4.plesk.page\/fr\/product\/gaffe-telescopique-bleue-120-200-cm\/","title":{"rendered":"Gaffe t\u00e9lescopique bleue, 120-200\u00a0cm"},"content":{"rendered":"<p>Gaffe t\u00e9lescopique bleue, 120-200\u00a0cm &#8211; <\/p>\n<p>Pole en aluminium anodis\u00e9 et pointe de crochet en plastique pour un crochet t\u00e9lescopique de bateau. Deux poign\u00e9es ergonomiques pour une prise en main confortable et s\u00e9curis\u00e9e. Couleurs brillantes laqu\u00e9es pour une longue dur\u00e9e de vie.<\/p>\n","protected":false},"excerpt":{"rendered":"<p>Gaffe t\u00e9lescopique bleue, 120-200\u00a0cm &#8211; Pole en aluminium anodis\u00e9 et pointe de crochet en plastique pour un crochet t\u00e9lescopique de<\/p>\n","protected":false},"featured_media":5944319,"comment_status":"closed","ping_status":"closed","template":"","meta":[],"product_brand":[2834],"product_cat":[1042],"product_tag":[],"class_list":{"0":"post-3364739","1":"product","2":"type-product","3":"status-publish","4":"has-post-thumbnail","6":"product_brand-boatasy-fr","7":"product_cat-crochets-damarrage","9":"first","10":"instock","11":"shipping-taxable","12":"purchasable","13":"product-type-simple"},"_links":{"self":[{"href":"https:\/\/stoic-curie.212-227-153-4.plesk.page\/fr\/wp-json\/wp\/v2\/product\/3364739","targetHints":{"allow":["GET"]}}],"collection":[{"href":"https:\/\/stoic-curie.212-227-153-4.plesk.page\/fr\/wp-json\/wp\/v2\/product"}],"about":[{"href":"https:\/\/stoic-curie.212-227-153-4.plesk.page\/fr\/wp-json\/wp\/v2\/types\/product"}],"replies":[{"embeddable":true,"href":"https:\/\/stoic-curie.212-227-153-4.plesk.page\/fr\/wp-json\/wp\/v2\/comments?post=3364739"}],"version-history":[{"count":0,"href":"https:\/\/stoic-curie.212-227-153-4.plesk.page\/fr\/wp-json\/wp\/v2\/product\/3364739\/revisions"}],"wp:featuredmedia":[{"embeddable":true,"href":"https:\/\/stoic-curie.212-227-153-4.plesk.page\/fr\/wp-json\/wp\/v2\/media\/5944319"}],"wp:attachment":[{"href":"https:\/\/stoic-curie.212-227-153-4.plesk.page\/fr\/wp-json\/wp\/v2\/media?parent=3364739"}],"wp:term":[{"taxonomy":"product_brand","embeddable":true,"href":"https:\/\/stoic-curie.212-227-153-4.plesk.page\/fr\/wp-json\/wp\/v2\/product_brand?post=3364739"},{"taxonomy":"product_cat","embeddable":true,"href":"https:\/\/stoic-curie.212-227-153-4.plesk.page\/fr\/wp-json\/wp\/v2\/product_cat?post=3364739"},{"taxonomy":"product_tag","embeddable":true,"href":"https:\/\/stoic-curie.212-227-153-4.plesk.page\/fr\/wp-json\/wp\/v2\/product_tag?post=3364739"}],"curies":[{"name":"wp","href":"https:\/\/api.w.org\/{rel}","templated":true}]}}