{"id":3364791,"date":"2025-10-09T22:16:03","date_gmt":"2025-10-10T02:16:03","guid":{"rendered":"https:\/\/stoic-curie.212-227-153-4.plesk.page\/product\/coude-en-pvc-11-2-x-38-mm-pour-reservoir-a-eau-green-line\/"},"modified":"2026-02-24T23:08:34","modified_gmt":"2026-02-24T23:08:34","slug":"coude-en-pvc-11-2-x-38-mm-pour-reservoir-a-eau-green-line","status":"publish","type":"product","link":"https:\/\/stoic-curie.212-227-153-4.plesk.page\/fr\/product\/coude-en-pvc-11-2-x-38-mm-pour-reservoir-a-eau-green-line\/","title":{"rendered":"Coude en PVC 1\u2019\u20191\/2\u00a0x\u00a038\u00a0mm pour r\u00e9servoir \u00e0 eau Green Line"},"content":{"rendered":"<p>Coude en PVC 1\u2019\u20191\/2\u00a0x\u00a038\u00a0mm pour r\u00e9servoir \u00e0 eau Green Line &#8211; <\/p>\n<p>Raccords en nylon pour r\u00e9servoirs d&#8217;eau douce, \u00e0 la fois d&#8217;entr\u00e9e et de sortie. Comprend une base et un joint pour le montage sur le trou \u00e0 percer dans le r\u00e9servoir.<\/p>\n","protected":false},"excerpt":{"rendered":"<p>Coude en PVC 1\u2019\u20191\/2\u00a0x\u00a038\u00a0mm pour r\u00e9servoir \u00e0 eau Green Line &#8211; Raccords en nylon pour r\u00e9servoirs d&#8217;eau douce, \u00e0 la<\/p>\n","protected":false},"featured_media":5944323,"comment_status":"closed","ping_status":"closed","template":"","meta":[],"product_brand":[2854],"product_cat":[1090],"product_tag":[],"class_list":{"0":"post-3364791","1":"product","2":"type-product","3":"status-publish","4":"has-post-thumbnail","6":"product_brand-can-marine-fr","7":"product_cat-reservoirs-deau","9":"first","10":"instock","11":"shipping-taxable","12":"purchasable","13":"product-type-simple"},"_links":{"self":[{"href":"https:\/\/stoic-curie.212-227-153-4.plesk.page\/fr\/wp-json\/wp\/v2\/product\/3364791","targetHints":{"allow":["GET"]}}],"collection":[{"href":"https:\/\/stoic-curie.212-227-153-4.plesk.page\/fr\/wp-json\/wp\/v2\/product"}],"about":[{"href":"https:\/\/stoic-curie.212-227-153-4.plesk.page\/fr\/wp-json\/wp\/v2\/types\/product"}],"replies":[{"embeddable":true,"href":"https:\/\/stoic-curie.212-227-153-4.plesk.page\/fr\/wp-json\/wp\/v2\/comments?post=3364791"}],"version-history":[{"count":0,"href":"https:\/\/stoic-curie.212-227-153-4.plesk.page\/fr\/wp-json\/wp\/v2\/product\/3364791\/revisions"}],"wp:featuredmedia":[{"embeddable":true,"href":"https:\/\/stoic-curie.212-227-153-4.plesk.page\/fr\/wp-json\/wp\/v2\/media\/5944323"}],"wp:attachment":[{"href":"https:\/\/stoic-curie.212-227-153-4.plesk.page\/fr\/wp-json\/wp\/v2\/media?parent=3364791"}],"wp:term":[{"taxonomy":"product_brand","embeddable":true,"href":"https:\/\/stoic-curie.212-227-153-4.plesk.page\/fr\/wp-json\/wp\/v2\/product_brand?post=3364791"},{"taxonomy":"product_cat","embeddable":true,"href":"https:\/\/stoic-curie.212-227-153-4.plesk.page\/fr\/wp-json\/wp\/v2\/product_cat?post=3364791"},{"taxonomy":"product_tag","embeddable":true,"href":"https:\/\/stoic-curie.212-227-153-4.plesk.page\/fr\/wp-json\/wp\/v2\/product_tag?post=3364791"}],"curies":[{"name":"wp","href":"https:\/\/api.w.org\/{rel}","templated":true}]}}