{"id":3364842,"date":"2025-10-09T22:16:04","date_gmt":"2025-10-10T02:16:04","guid":{"rendered":"https:\/\/stoic-curie.212-227-153-4.plesk.page\/product\/petit-feu-de-navigation-noir-a-360-avec-mat\/"},"modified":"2026-02-24T23:08:34","modified_gmt":"2026-02-24T23:08:34","slug":"petit-feu-de-navigation-noir-a-360-avec-mat","status":"publish","type":"product","link":"https:\/\/stoic-curie.212-227-153-4.plesk.page\/fr\/product\/petit-feu-de-navigation-noir-a-360-avec-mat\/","title":{"rendered":"Petit feu de navigation noir \u00e0 360\u00b0, avec m\u00e2t"},"content":{"rendered":"<p>Petit feu de navigation noir \u00e0 360\u00b0, avec m\u00e2t &#8211; <\/p>\n<p>Feu de m\u00e2t fin avec certification CE pour des bateaux jusqu&#8217;\u00e0 12 m\u00e8tres.<\/p>\n","protected":false},"excerpt":{"rendered":"<p>Petit feu de navigation noir \u00e0 360\u00b0, avec m\u00e2t &#8211; Feu de m\u00e2t fin avec certification CE pour des bateaux<\/p>\n","protected":false},"featured_media":5944335,"comment_status":"closed","ping_status":"closed","template":"","meta":[],"product_brand":[3489],"product_cat":[1167],"product_tag":[],"class_list":{"0":"post-3364842","1":"product","2":"type-product","3":"status-publish","4":"has-post-thumbnail","6":"product_brand-trem-fr","7":"product_cat-feux-de-navigation","9":"first","10":"instock","11":"shipping-taxable","12":"purchasable","13":"product-type-simple"},"_links":{"self":[{"href":"https:\/\/stoic-curie.212-227-153-4.plesk.page\/fr\/wp-json\/wp\/v2\/product\/3364842","targetHints":{"allow":["GET"]}}],"collection":[{"href":"https:\/\/stoic-curie.212-227-153-4.plesk.page\/fr\/wp-json\/wp\/v2\/product"}],"about":[{"href":"https:\/\/stoic-curie.212-227-153-4.plesk.page\/fr\/wp-json\/wp\/v2\/types\/product"}],"replies":[{"embeddable":true,"href":"https:\/\/stoic-curie.212-227-153-4.plesk.page\/fr\/wp-json\/wp\/v2\/comments?post=3364842"}],"version-history":[{"count":0,"href":"https:\/\/stoic-curie.212-227-153-4.plesk.page\/fr\/wp-json\/wp\/v2\/product\/3364842\/revisions"}],"wp:featuredmedia":[{"embeddable":true,"href":"https:\/\/stoic-curie.212-227-153-4.plesk.page\/fr\/wp-json\/wp\/v2\/media\/5944335"}],"wp:attachment":[{"href":"https:\/\/stoic-curie.212-227-153-4.plesk.page\/fr\/wp-json\/wp\/v2\/media?parent=3364842"}],"wp:term":[{"taxonomy":"product_brand","embeddable":true,"href":"https:\/\/stoic-curie.212-227-153-4.plesk.page\/fr\/wp-json\/wp\/v2\/product_brand?post=3364842"},{"taxonomy":"product_cat","embeddable":true,"href":"https:\/\/stoic-curie.212-227-153-4.plesk.page\/fr\/wp-json\/wp\/v2\/product_cat?post=3364842"},{"taxonomy":"product_tag","embeddable":true,"href":"https:\/\/stoic-curie.212-227-153-4.plesk.page\/fr\/wp-json\/wp\/v2\/product_tag?post=3364842"}],"curies":[{"name":"wp","href":"https:\/\/api.w.org\/{rel}","templated":true}]}}