{"id":3364850,"date":"2025-10-09T22:16:05","date_gmt":"2025-10-10T02:16:05","guid":{"rendered":"https:\/\/stoic-curie.212-227-153-4.plesk.page\/product\/plafonnier-hublot-classique-a-led-en-inox-avec-interrupteur-d-140-mm\/"},"modified":"2026-02-24T23:08:34","modified_gmt":"2026-02-24T23:08:34","slug":"plafonnier-hublot-classique-a-led-en-inox-avec-interrupteur-d-140-mm","status":"publish","type":"product","link":"https:\/\/stoic-curie.212-227-153-4.plesk.page\/fr\/product\/plafonnier-hublot-classique-a-led-en-inox-avec-interrupteur-d-140-mm\/","title":{"rendered":"Plafonnier hublot classique \u00e0 LED, en inox, avec interrupteur, D\u00a0140\u00a0mm"},"content":{"rendered":"<p>Plafonnier hublot classique \u00e0 LED, en inox, avec interrupteur, D\u00a0140\u00a0mm &#8211; <\/p>\n<p>Corps en acier inoxydable, lumi\u00e8res \u00e0 d\u00f4me classiques LED 12V avec interrupteur.<\/p>\n","protected":false},"excerpt":{"rendered":"<p>Plafonnier hublot classique \u00e0 LED, en inox, avec interrupteur, D\u00a0140\u00a0mm &#8211; Corps en acier inoxydable, lumi\u00e8res \u00e0 d\u00f4me classiques LED<\/p>\n","protected":false},"featured_media":5943396,"comment_status":"closed","ping_status":"closed","template":"","meta":[],"product_brand":[3219],"product_cat":[1165],"product_tag":[],"class_list":{"0":"post-3364850","1":"product","2":"type-product","3":"status-publish","4":"has-post-thumbnail","6":"product_brand-oceanled-fr","7":"product_cat-eclairage","9":"first","10":"instock","11":"shipping-taxable","12":"purchasable","13":"product-type-simple"},"_links":{"self":[{"href":"https:\/\/stoic-curie.212-227-153-4.plesk.page\/fr\/wp-json\/wp\/v2\/product\/3364850","targetHints":{"allow":["GET"]}}],"collection":[{"href":"https:\/\/stoic-curie.212-227-153-4.plesk.page\/fr\/wp-json\/wp\/v2\/product"}],"about":[{"href":"https:\/\/stoic-curie.212-227-153-4.plesk.page\/fr\/wp-json\/wp\/v2\/types\/product"}],"replies":[{"embeddable":true,"href":"https:\/\/stoic-curie.212-227-153-4.plesk.page\/fr\/wp-json\/wp\/v2\/comments?post=3364850"}],"version-history":[{"count":0,"href":"https:\/\/stoic-curie.212-227-153-4.plesk.page\/fr\/wp-json\/wp\/v2\/product\/3364850\/revisions"}],"wp:featuredmedia":[{"embeddable":true,"href":"https:\/\/stoic-curie.212-227-153-4.plesk.page\/fr\/wp-json\/wp\/v2\/media\/5943396"}],"wp:attachment":[{"href":"https:\/\/stoic-curie.212-227-153-4.plesk.page\/fr\/wp-json\/wp\/v2\/media?parent=3364850"}],"wp:term":[{"taxonomy":"product_brand","embeddable":true,"href":"https:\/\/stoic-curie.212-227-153-4.plesk.page\/fr\/wp-json\/wp\/v2\/product_brand?post=3364850"},{"taxonomy":"product_cat","embeddable":true,"href":"https:\/\/stoic-curie.212-227-153-4.plesk.page\/fr\/wp-json\/wp\/v2\/product_cat?post=3364850"},{"taxonomy":"product_tag","embeddable":true,"href":"https:\/\/stoic-curie.212-227-153-4.plesk.page\/fr\/wp-json\/wp\/v2\/product_tag?post=3364850"}],"curies":[{"name":"wp","href":"https:\/\/api.w.org\/{rel}","templated":true}]}}